{"id":467,"date":"2011-02-10T08:23:25","date_gmt":"2011-02-10T08:23:25","guid":{"rendered":"http:\/\/servicios.unileon.es\/oficina-verde\/"},"modified":"2017-03-30T11:45:51","modified_gmt":"2017-03-30T11:45:51","slug":"residuos","status":"publish","type":"page","link":"https:\/\/servicios.unileon.es\/oficina-verde\/residuos\/","title":{"rendered":"RESIDUOS"},"content":{"rendered":"Cada uno de nosotros producimos <strong>m\u00e1s de 1,5 kg de basura cada d\u00eda<\/strong>, lo que implica que al a\u00f1o generamos casi media tonelada de basura. Muchos residuos pueden reciclarse, como el papel y cart\u00f3n, de manera que su impacto en el medio ambiente es menor. Es nuestra responsabilidad que realicemos una correcta segregaci\u00f3n de los residuos que generamos y reducir la cantidad de basura que producimos.\r\n\r\nA continuaci\u00f3n os mostramos algunas <strong>buenas pr\u00e1cticas<\/strong> en relaci\u00f3n a los <strong>residuos que con mayor frecuencia<\/strong> se generan en la ULe. Recuerda que es b\u00e1sico que todos pliquemos la teor\u00eda de las <em>3 erres<\/em>: <strong>Reducir, Reutilizar, Reciclar<\/strong>.\r\n\r\n<span style=\"text-decoration: underline;\"><strong>PILAS.<\/strong><\/span>\r\n<ul>\r\n \t<li>Las pilas contienen metales pesados y otros compuestos que suponen una <strong>gran fuente de contaminaci\u00f3n<\/strong>. Hay que evitar mezclarlas con la basura normal, ya que pueden terminar contaminando suelos y aguas. Una pila alcalina contamina 167.000 litros de agua.<\/li>\r\n<\/ul>\r\n<ul>\r\n \t<li>Utiliza <strong>pilas recargables<\/strong>, su vida \u00fatil es similar a unas 300 pilas alcalinas convencionales.<\/li>\r\n<\/ul>\r\n<ul>\r\n \t<li>Opta por aparatos que no lleven pilas convencionales, sino bater\u00edas recargables o <strong>dispositivos de energ\u00eda solar<\/strong> (por ejemplo, ahora muchas calculadoras y relojes funcionan con energ\u00eda solar).<\/li>\r\n<\/ul>\r\n<span style=\"text-decoration: underline;\"><strong>CARTUCHOS DE TINTA Y T\u00d3NER.<\/strong><\/span>\r\n<ul>\r\n \t<li>Los cartuchos de tinta y t\u00f3ner pueden <strong>recargarse y utilizarse de nuevo<\/strong>. Ahora hay bastantes comercios donde podemos recargar nuestros cartuchos r\u00e1pida y econ\u00f3micamente, algunos muy cerca del Campus y de El Alb\u00e9itar.<\/li>\r\n<\/ul>\r\n<ul>\r\n \t<li>Cuando empiece a fallar el cartucho o el t\u00f3ner, es una buena idea agitarlo para repartir bien la tinta, ya que as\u00ed podemos seguir imprimiendo algunos d\u00edas m\u00e1s.<\/li>\r\n<\/ul>\r\n<ul>\r\n \t<li>La mayor\u00eda de las veces no necesitamos una calidad esxcepcional en nuestras impresiones, de modo que podemos configurar la impresora en <strong>modo de ahorro de tinta <\/strong>o impresi\u00f3n en calidad normal.<\/li>\r\n<\/ul>\r\n<span style=\"text-decoration: underline;\"><strong>RESIDUOS T\u00d3XICOS Y PELIGROSOS.<\/strong><\/span>\r\n\r\nLos residuos peligrosos pueden ocasionar graves<strong> problemas en nuestro entorno y en nuestra salud<\/strong>, por lo que es esencial que los gestiones correctamente. La Universidad de Le\u00f3n cuenta con un servicio de gesti\u00f3n y almacenamiento de los residuos t\u00f3xicos y peligrosos que se generan en las propias instalaciones de la ULe.\r\n\r\n<strong>M\u00e1s informaci\u00f3n:<strong>\r\n<ul>\r\n<li><a href=\"http:\/\/servicios.unileon.es\/gestion-de-residuos\/\">Web del Servicio de Gesti\u00f3n de Residuos<\/a><\/li>\r\n<li>Correo electr\u00f3nico <a href=\"mailto:residuos@unileon.es\">residuos@unileon.es<\/a><\/li>\r\n<\/ul>\r\n\r\n<span style=\"text-decoration: underline;\"><strong>PUNTOS LIMPIOS EN LE\u00d3N Y PONFERRADA.<\/strong><\/span>\r\n\r\n<strong>Le\u00f3n<\/strong>: Existen dos puntos limpios fijos (detr\u00e1s de Carrefour y en la Avda. S\u00e1enz de Miera pasando Mercale\u00f3n) y un punto limpio m\u00f3vil. M\u00e1s informaci\u00f3n: <a href=\"http:\/\/www.aytoleon.es\/ES\/AYUNTAMIENTO\/AREASMUNICIPALES\/MEDIOAMBIENTE\/CALIDADAMBIENTAL\/RESIDUOS\/Paginas\/puntoslimpiosfijos.aspx\">Puntos limpios fijos<\/a>\r\n\r\n<strong>Ponferrada<\/strong>: Existe un punto limpio m\u00f3vil. M\u00e1s informaci\u00f3n: <a href=\"http:\/\/www.ponferrada.org\/es\/temas\/servicios\/residuos\/punto-limpio-movil\">Punto Limpio M\u00f3vil<\/a>","protected":false},"excerpt":{"rendered":"<p>Cada uno de nosotros producimos m\u00e1s de 1,5 kg de basura cada d\u00eda, lo que implica que al a\u00f1o generamos casi media tonelada de basura. Muchos residuos pueden reciclarse, como el papel y cart\u00f3n, de manera que su impacto en el medio ambiente es menor. Es nuestra responsabilidad que realicemos una correcta segregaci\u00f3n de los [&hellip;]<\/p>\n","protected":false},"author":10,"featured_media":0,"parent":0,"menu_order":0,"comment_status":"closed","ping_status":"open","template":"","meta":{"footnotes":""},"class_list":["post-467","page","type-page","status-publish","hentry"],"_links":{"self":[{"href":"https:\/\/servicios.unileon.es\/oficina-verde\/wp-json\/wp\/v2\/pages\/467","targetHints":{"allow":["GET"]}}],"collection":[{"href":"https:\/\/servicios.unileon.es\/oficina-verde\/wp-json\/wp\/v2\/pages"}],"about":[{"href":"https:\/\/servicios.unileon.es\/oficina-verde\/wp-json\/wp\/v2\/types\/page"}],"author":[{"embeddable":true,"href":"https:\/\/servicios.unileon.es\/oficina-verde\/wp-json\/wp\/v2\/users\/10"}],"replies":[{"embeddable":true,"href":"https:\/\/servicios.unileon.es\/oficina-verde\/wp-json\/wp\/v2\/comments?post=467"}],"version-history":[{"count":51,"href":"https:\/\/servicios.unileon.es\/oficina-verde\/wp-json\/wp\/v2\/pages\/467\/revisions"}],"predecessor-version":[{"id":2020,"href":"https:\/\/servicios.unileon.es\/oficina-verde\/wp-json\/wp\/v2\/pages\/467\/revisions\/2020"}],"wp:attachment":[{"href":"https:\/\/servicios.unileon.es\/oficina-verde\/wp-json\/wp\/v2\/media?parent=467"}],"curies":[{"name":"wp","href":"https:\/\/api.w.org\/{rel}","templated":true}]}}