{"id":370,"date":"2010-12-17T11:55:58","date_gmt":"2010-12-17T11:55:58","guid":{"rendered":"http:\/\/servicios.unileon.es\/oficina-verde\/"},"modified":"2017-03-30T11:35:57","modified_gmt":"2017-03-30T11:35:57","slug":"cadep","status":"publish","type":"page","link":"https:\/\/servicios.unileon.es\/oficina-verde\/cadep\/","title":{"rendered":"CRUE-CADEP"},"content":{"rendered":"<span><span style=\"font-family: Arial\">La Universidad de Le\u00f3n pertenece a la <strong>comisi\u00f3n sectorial<\/strong> de la <strong>CRUE<\/strong> (Conferencia de Rectores para las Universidades Espa\u00f1olas)\u00a0 <strong>para la Calidad Ambiental, el Desarrollo Sostenible y la Prevenci\u00f3n de Riesgos en las Universidades (CADEP)<\/strong>. <\/span><\/span>\r\n\r\n<span><span style=\"font-family: Arial\">Esta comisi\u00f3n surgi\u00f3 en el a\u00f1o 2002 con el\u00a0objetivo fundamental de recopilar la experiencia de las Universidades sobre su gesti\u00f3n ambiental, sus avances en la ambientalizaci\u00f3n de la comunidad universitaria y sus trabajos en prevenci\u00f3n de riesgos, a la vez que busca el fomento constante de la cooperaci\u00f3n entre las mismas en estas materias.<\/span><\/span>\r\n\r\n<span><span style=\"font-family: Arial\">La Universidad de Le\u00f3n participa activamente en la CADEP en varios grupos de trabajo, concretamente en los grupos \u00ab<strong>Universidad y Movilidad<\/strong>\u00bb y \u00ab<strong>Universidades Saludables<\/strong>\u00ab, generando sinergias con otras Universidades y fomentando el intercambio y el desarrollo de ideas y experiencias.\r\n<\/span><\/span>\r\n\r\n<span><span style=\"font-family: Arial\">A lo largo del a\u00f1o se celebran varias sesiones plenarias y reuniones de los grupos de trabajo en distintas ciudades espa\u00f1olas, a las que asisten miembros de la ULe.<\/span><\/span>","protected":false},"excerpt":{"rendered":"<p>La Universidad de Le\u00f3n pertenece a la comisi\u00f3n sectorial de la CRUE (Conferencia de Rectores para las Universidades Espa\u00f1olas)\u00a0 para la Calidad Ambiental, el Desarrollo Sostenible y la Prevenci\u00f3n de Riesgos en las Universidades (CADEP). Esta comisi\u00f3n surgi\u00f3 en el a\u00f1o 2002 con el\u00a0objetivo fundamental de recopilar la experiencia de las Universidades sobre su gesti\u00f3n [&hellip;]<\/p>\n","protected":false},"author":10,"featured_media":0,"parent":0,"menu_order":0,"comment_status":"closed","ping_status":"open","template":"","meta":{"footnotes":""},"class_list":["post-370","page","type-page","status-publish","hentry"],"_links":{"self":[{"href":"https:\/\/servicios.unileon.es\/oficina-verde\/wp-json\/wp\/v2\/pages\/370","targetHints":{"allow":["GET"]}}],"collection":[{"href":"https:\/\/servicios.unileon.es\/oficina-verde\/wp-json\/wp\/v2\/pages"}],"about":[{"href":"https:\/\/servicios.unileon.es\/oficina-verde\/wp-json\/wp\/v2\/types\/page"}],"author":[{"embeddable":true,"href":"https:\/\/servicios.unileon.es\/oficina-verde\/wp-json\/wp\/v2\/users\/10"}],"replies":[{"embeddable":true,"href":"https:\/\/servicios.unileon.es\/oficina-verde\/wp-json\/wp\/v2\/comments?post=370"}],"version-history":[{"count":32,"href":"https:\/\/servicios.unileon.es\/oficina-verde\/wp-json\/wp\/v2\/pages\/370\/revisions"}],"predecessor-version":[{"id":2018,"href":"https:\/\/servicios.unileon.es\/oficina-verde\/wp-json\/wp\/v2\/pages\/370\/revisions\/2018"}],"wp:attachment":[{"href":"https:\/\/servicios.unileon.es\/oficina-verde\/wp-json\/wp\/v2\/media?parent=370"}],"curies":[{"name":"wp","href":"https:\/\/api.w.org\/{rel}","templated":true}]}}