{"id":293,"date":"2010-12-15T11:01:38","date_gmt":"2010-12-15T11:01:38","guid":{"rendered":"http:\/\/servicios.unileon.es\/oficina-verde\/"},"modified":"2022-09-19T12:04:19","modified_gmt":"2022-09-19T12:04:19","slug":"estructura","status":"publish","type":"page","link":"https:\/\/servicios.unileon.es\/oficina-verde\/estructura\/","title":{"rendered":"ESTRUCTURA"},"content":{"rendered":"La Oficina Verde se encuadra dentro del \u00c1rea de Sostenibilidad y Calidad ambiental, dependiente del Vicerrectorado de Infraestructuras y Sostenibilidad de la Universidad de Le\u00f3n.\r\n\r\n<span style=\"text-decoration: underline;\"><strong>Vicerrector de Infraestructuras y Sostenibilidad<\/strong><\/span>: D. Ram\u00f3n \u00c1ngel Fern\u00e1ndez D\u00edaz.\r\n\r\n<strong>Secretaria Vicerrectorado de Infraestructuras y Sostenibilidad:<\/strong> D\u00f1a. Cibeles Sierra Llanos.\r\n\r\n<span style=\"text-decoration: underline;\"><strong>\u00c1rea de Sostenibilidad y Calidad Ambiental<\/strong><\/span>:\r\n\r\n<strong>Directora del \u00c1rea de Sostenibilidad y Calidad Ambiental<\/strong>: D\u00f1a. Rebeca Mart\u00ednez Garc\u00eda.\r\n\r\n<strong>Administrativa: <\/strong>D\u00f1a. M. Carmen Vegue Rodr\u00edguez.\r\n\r\n<strong>\u00a0<\/strong>\r\n\r\n<strong><a href=\"http:\/\/servicios.unileon.es\/oficina-verde\/files\/2010\/12\/Imagen12.jpg\"><img loading=\"lazy\" decoding=\"async\" class=\"alignleft size-full wp-image-30\" src=\"http:\/\/servicios.unileon.es\/oficina-verde\/files\/2010\/12\/Imagen12.jpg\" alt=\"\" width=\"294\" height=\"73\" \/><\/a>\r\n<\/strong>","protected":false},"excerpt":{"rendered":"<p>La Oficina Verde se encuadra dentro del \u00c1rea de Sostenibilidad y Calidad ambiental, dependiente del Vicerrectorado de Infraestructuras y Sostenibilidad de la Universidad de Le\u00f3n. Vicerrector de Infraestructuras y Sostenibilidad: D. Ram\u00f3n \u00c1ngel Fern\u00e1ndez D\u00edaz. Secretaria Vicerrectorado de Infraestructuras y Sostenibilidad: D\u00f1a. Cibeles Sierra Llanos. \u00c1rea de Sostenibilidad y Calidad Ambiental: Directora del \u00c1rea de [&hellip;]<\/p>\n","protected":false},"author":10,"featured_media":0,"parent":0,"menu_order":0,"comment_status":"closed","ping_status":"open","template":"","meta":{"footnotes":""},"class_list":["post-293","page","type-page","status-publish","hentry"],"_links":{"self":[{"href":"https:\/\/servicios.unileon.es\/oficina-verde\/wp-json\/wp\/v2\/pages\/293","targetHints":{"allow":["GET"]}}],"collection":[{"href":"https:\/\/servicios.unileon.es\/oficina-verde\/wp-json\/wp\/v2\/pages"}],"about":[{"href":"https:\/\/servicios.unileon.es\/oficina-verde\/wp-json\/wp\/v2\/types\/page"}],"author":[{"embeddable":true,"href":"https:\/\/servicios.unileon.es\/oficina-verde\/wp-json\/wp\/v2\/users\/10"}],"replies":[{"embeddable":true,"href":"https:\/\/servicios.unileon.es\/oficina-verde\/wp-json\/wp\/v2\/comments?post=293"}],"version-history":[{"count":38,"href":"https:\/\/servicios.unileon.es\/oficina-verde\/wp-json\/wp\/v2\/pages\/293\/revisions"}],"predecessor-version":[{"id":2113,"href":"https:\/\/servicios.unileon.es\/oficina-verde\/wp-json\/wp\/v2\/pages\/293\/revisions\/2113"}],"wp:attachment":[{"href":"https:\/\/servicios.unileon.es\/oficina-verde\/wp-json\/wp\/v2\/media?parent=293"}],"curies":[{"name":"wp","href":"https:\/\/api.w.org\/{rel}","templated":true}]}}