{"id":288,"date":"2010-12-15T11:04:49","date_gmt":"2010-12-15T11:04:49","guid":{"rendered":"http:\/\/servicios.unileon.es\/oficina-verde\/"},"modified":"2012-11-29T12:19:47","modified_gmt":"2012-11-29T12:19:47","slug":"ubicacion-y-contacto","status":"publish","type":"page","link":"https:\/\/servicios.unileon.es\/oficina-verde\/ubicacion-y-contacto\/","title":{"rendered":"UBICACI\u00d3N Y CONTACTO"},"content":{"rendered":"La Oficina Verde se localiza en el <strong>Campus de Vegazana de Le\u00f3n<\/strong>, en el <strong>Edificio de Servicios<\/strong> (detr\u00e1s de la Cafeter\u00eda I).\r\n\r\n<span style=\"color: #000000\"><strong>Tel\u00e9fono: 987 29 31 28.<\/strong><\/span>\r\n\r\nCorreo \u2013 e: <a href=\"mailto:oficinaverde@unileon.es\">oficinaverde@unileon.es<\/a>\r\n\r\n<span style=\"color: #000000\"><em><span style=\"text-decoration: underline\">Direcci\u00f3n Postal<\/span><\/em><\/span>:\r\n\r\nOficina Verde. Universidad de Le\u00f3n\r\n\r\nEdificio de Servicios. Campus de Vegazana, s\/n. C.P.: 24007-Le\u00f3n.\r\n\r\n<a href=\"http:\/\/servicios.unileon.es\/oficina-verde\/files\/2010\/12\/Documento4.jpg\"><img loading=\"lazy\" decoding=\"async\" class=\"alignleft size-medium wp-image-107\" src=\"http:\/\/servicios.unileon.es\/oficina-verde\/files\/2010\/12\/Documento4-300x173.jpg\" alt=\"\" width=\"300\" height=\"173\" srcset=\"https:\/\/servicios.unileon.es\/oficina-verde\/files\/2010\/12\/Documento4-300x173.jpg 300w, https:\/\/servicios.unileon.es\/oficina-verde\/files\/2010\/12\/Documento4.jpg 911w\" sizes=\"auto, (max-width: 300px) 100vw, 300px\" \/><\/a>\r\n\r\n(click en el mapa para ampliar).","protected":false},"excerpt":{"rendered":"<p>La Oficina Verde se localiza en el Campus de Vegazana de Le\u00f3n, en el Edificio de Servicios (detr\u00e1s de la Cafeter\u00eda I). Tel\u00e9fono: 987 29 31 28. Correo \u2013 e: oficinaverde@unileon.es Direcci\u00f3n Postal: Oficina Verde. Universidad de Le\u00f3n Edificio de Servicios. Campus de Vegazana, s\/n. C.P.: 24007-Le\u00f3n. (click en el mapa para ampliar).<\/p>\n","protected":false},"author":10,"featured_media":0,"parent":0,"menu_order":0,"comment_status":"closed","ping_status":"open","template":"","meta":{"footnotes":""},"class_list":["post-288","page","type-page","status-publish","hentry"],"_links":{"self":[{"href":"https:\/\/servicios.unileon.es\/oficina-verde\/wp-json\/wp\/v2\/pages\/288","targetHints":{"allow":["GET"]}}],"collection":[{"href":"https:\/\/servicios.unileon.es\/oficina-verde\/wp-json\/wp\/v2\/pages"}],"about":[{"href":"https:\/\/servicios.unileon.es\/oficina-verde\/wp-json\/wp\/v2\/types\/page"}],"author":[{"embeddable":true,"href":"https:\/\/servicios.unileon.es\/oficina-verde\/wp-json\/wp\/v2\/users\/10"}],"replies":[{"embeddable":true,"href":"https:\/\/servicios.unileon.es\/oficina-verde\/wp-json\/wp\/v2\/comments?post=288"}],"version-history":[{"count":20,"href":"https:\/\/servicios.unileon.es\/oficina-verde\/wp-json\/wp\/v2\/pages\/288\/revisions"}],"predecessor-version":[{"id":315,"href":"https:\/\/servicios.unileon.es\/oficina-verde\/wp-json\/wp\/v2\/pages\/288\/revisions\/315"}],"wp:attachment":[{"href":"https:\/\/servicios.unileon.es\/oficina-verde\/wp-json\/wp\/v2\/media?parent=288"}],"curies":[{"name":"wp","href":"https:\/\/api.w.org\/{rel}","templated":true}]}}