{"id":283,"date":"2010-12-15T10:58:59","date_gmt":"2010-12-15T10:58:59","guid":{"rendered":"http:\/\/servicios.unileon.es\/oficina-verde\/"},"modified":"2025-11-20T12:28:21","modified_gmt":"2025-11-20T12:28:21","slug":"presentacion","status":"publish","type":"page","link":"https:\/\/servicios.unileon.es\/oficina-verde\/","title":{"rendered":"PRESENTACI\u00d3N"},"content":{"rendered":"<p style=\"text-align: center;\"><a href=\"http:\/\/servicios.unileon.es\/oficina-verde\/files\/2010\/12\/Imagen12.jpg\"><img loading=\"lazy\" decoding=\"async\" class=\"size-full wp-image-30 aligncenter\" src=\"http:\/\/servicios.unileon.es\/oficina-verde\/files\/2010\/12\/Imagen12.jpg\" alt=\"\" width=\"294\" height=\"73\" \/><\/a><\/p>\r\nLa Oficina Verde es el <strong>\u00f3rgano de trabajo del \u00c1rea de Calidad Ambiental y Universidad Saludable<\/strong> (dependiente del Vicerrectorado de Infraestructuras y Sostenibilidad del Campus de la ULe), que comenz\u00f3 su andadura en 2007 como respuesta a la voluntad de la Universidad de Le\u00f3n de fomentar la <strong>sostenibilidad<\/strong> y unos <strong>h\u00e1bitos saludables<\/strong> entre todos sus miembros y ser un <strong>referente ambiental<\/strong> para el resto de la sociedad leonesa.\r\n\r\nAs\u00ed, los <strong>objetivos<\/strong> <strong>generales<\/strong> que se propone la Oficina Verde son los siguientes:\r\n<ul>\r\n    <li>Hacer una difusi\u00f3n notable en toda la comunidad universitaria de la necesidad e importancia de la Sostenibilidad.<\/li>\r\n    <li>Fomentar h\u00e1bitos sostenibles y saludables que sean trasladables a la vida cotidiana de la comunidad universitaria y de sus miembros.<\/li>\r\n    <li>Reflexionar sobre las ventajas de una vida m\u00e1s sostenible respecto a la salud, a la conservaci\u00f3n del medio ambiente y a la econom\u00eda.<\/li>\r\n    <li>Comprender que la mejora del medio ambiente requiere una contribuci\u00f3n personal de cada uno en nuestro entorno m\u00e1s pr\u00f3ximo.<\/li>\r\n    <li>Familiarizar a la comunidad universitaria con su entorno natural m\u00e1s pr\u00f3ximo.<\/li>\r\n    <li>Analizar los factores que intervienen en la conservaci\u00f3n y degradaci\u00f3n del medio ambiente.<\/li>\r\n    <li>Poner de manifiesto los problemas medioambientales existentes actualmente, haciendo especial hincapi\u00e9 en aquellos que posiblemente se encontrar\u00e1n en su futuro los alumnos universitarios, aport\u00e1ndoles claves para conseguir actuaciones ambientalmente sostenibles.<\/li>\r\n    <li>Establecer redes de informaci\u00f3n, comunicaci\u00f3n y colaboraci\u00f3n entre distintas instituciones y departamentos, que puedan facilitar la promoci\u00f3n de la salud de la Comunidad Universitaria.<\/li>\r\n<\/ul>\r\nDesde la Oficina Verde tambi\u00e9n se gestionan las siguientes redes sociales:\r\n\r\nFacebook:\u00a0<a href=\"https:\/\/www.facebook.com\/Oficina-Verde-ULE-991441527598663\/\">Oficina Verde ULE<\/a>\r\n\r\nTwitter:<a href=\"https:\/\/twitter.com\/oficinaverdeULE\">@oficinaverdeULE<\/a>\r\n\r\nInstagram:<a href=\"https:\/\/www.instagram.com\/oficinaverdeule\/\">@oficinaverdeULE<\/a>\r\n\r\n&nbsp;","protected":false},"excerpt":{"rendered":"<p>La Oficina Verde es el \u00f3rgano de trabajo del \u00c1rea de Calidad Ambiental y Universidad Saludable (dependiente del Vicerrectorado de Infraestructuras y Sostenibilidad del Campus de la ULe), que comenz\u00f3 su andadura en 2007 como respuesta a la voluntad de la Universidad de Le\u00f3n de fomentar la sostenibilidad y unos h\u00e1bitos saludables entre todos sus [&hellip;]<\/p>\n","protected":false},"author":10,"featured_media":0,"parent":0,"menu_order":0,"comment_status":"closed","ping_status":"open","template":"","meta":{"footnotes":""},"class_list":["post-283","page","type-page","status-publish","hentry"],"_links":{"self":[{"href":"https:\/\/servicios.unileon.es\/oficina-verde\/wp-json\/wp\/v2\/pages\/283","targetHints":{"allow":["GET"]}}],"collection":[{"href":"https:\/\/servicios.unileon.es\/oficina-verde\/wp-json\/wp\/v2\/pages"}],"about":[{"href":"https:\/\/servicios.unileon.es\/oficina-verde\/wp-json\/wp\/v2\/types\/page"}],"author":[{"embeddable":true,"href":"https:\/\/servicios.unileon.es\/oficina-verde\/wp-json\/wp\/v2\/users\/10"}],"replies":[{"embeddable":true,"href":"https:\/\/servicios.unileon.es\/oficina-verde\/wp-json\/wp\/v2\/comments?post=283"}],"version-history":[{"count":35,"href":"https:\/\/servicios.unileon.es\/oficina-verde\/wp-json\/wp\/v2\/pages\/283\/revisions"}],"predecessor-version":[{"id":2163,"href":"https:\/\/servicios.unileon.es\/oficina-verde\/wp-json\/wp\/v2\/pages\/283\/revisions\/2163"}],"wp:attachment":[{"href":"https:\/\/servicios.unileon.es\/oficina-verde\/wp-json\/wp\/v2\/media?parent=283"}],"curies":[{"name":"wp","href":"https:\/\/api.w.org\/{rel}","templated":true}]}}