{"id":2149,"date":"2023-10-17T10:10:11","date_gmt":"2023-10-17T10:10:11","guid":{"rendered":"https:\/\/servicios.unileon.es\/oficina-verde\/?page_id=2149"},"modified":"2026-04-13T10:54:15","modified_gmt":"2026-04-13T10:54:15","slug":"proyecto-huella-de-carbono-unileon","status":"publish","type":"page","link":"https:\/\/servicios.unileon.es\/oficina-verde\/proyecto-huella-de-carbono-unileon\/","title":{"rendered":"PROYECTO HUELLA DE CARBONO UNILEON"},"content":{"rendered":"<h2>1. The Planet APP. El \u201cReto de vida sostenible\u201d<\/h2>\r\n<p><strong>\u00a1Lanzamos el Reto de vida sostenible de la Universidad de Le\u00f3n!<\/strong><\/p>\r\n<p>Consigue un certificado que acredite tu conocimiento sobre sostenibilidad y cambio clim\u00e1tico con los cursos  disponibles en The Planet App.<\/p>\r\n<p>Aprende, adopta h\u00e1bitos de vida bajos en CO<sub>2<\/sub>, compite con tus compa\u00f1eros, suma puntos y gana premios.  Accede al reto en este enlace <a href=\"https:\/\/bit.ly\/reto_unileon\"><strong>https:\/\/bit.ly\/reto_unileon<\/strong><\/a> y descarga The Planet App accediendo al Reto con la <strong>clave UNILEON<\/strong>.<\/p>\r\n<p><strong>\u00a1\u00a1Aprende a vivir una vida m\u00e1s sostenible mientras te diviertes!<\/strong><\/p>\r\n<p><img decoding=\"async\" src=\"https:\/\/servicios.unileon.es\/oficina-verde\/files\/2023\/10\/ule_banner_web.png\" style=\"width: 600px;\" \/><\/p>\r\n<p>The planet APP es una campa\u00f1a interactiva y participativa de un curso completo de duraci\u00f3n creada alrededor de la aplicaci\u00f3n The Planet App. Esta aplicaci\u00f3n se orienta a la formaci\u00f3n en sostenibilidad, con una parte de formaci\u00f3n general a trav\u00e9s de cursos y otra parte de formaci\u00f3n a escala individual con un estimador de huella de carbono y la propuesta de h\u00e1bitos de vida sostenible a los usuarios.<\/p>\r\n<h2>2. Huella de Carbono de la Universidad de Le\u00f3n<\/h2>\r\n<!--<p><a href=\"https:\/\/servicios.unileon.es\/oficina-verde\/files\/2023\/10\/huella_carbono_unileon2022.pdf\">Huella de Carbono de la Universidad de L\u00e9on<\/a><\/p> -->\r\n<ul>\r\n    <li><strong>Huella de carbono 2022<\/strong>\r\n        <ul>\r\n            <li><a href=\"https:\/\/servicios.unileon.es\/oficina-verde\/files\/2026\/04\/huella_carbono_certificado2022.pdf\">Certificado<\/a><\/li>\r\n            <li><a href=\"https:\/\/servicios.unileon.es\/oficina-verde\/files\/2026\/04\/huella_carbono_informe_calculo2022.pdf\">Informe de C\u00e1lculo<\/a><\/li>\r\n            <li><a href=\"https:\/\/servicios.unileon.es\/oficina-verde\/files\/2026\/04\/huella_carbono_informe_verificacion2022.pdf\">Informe de Verificaci\u00f3n<\/a><\/li>\r\n        <\/ul>\r\n    <\/li>\r\n    <li><strong>Huella de carbono 2023<\/strong>\r\n        <ul>\r\n            <li><a href=\"https:\/\/servicios.unileon.es\/oficina-verde\/files\/2026\/04\/huella_carbono_certificado2023.pdf\">Certificado<\/a><\/li>\r\n            <li><a href=\"https:\/\/servicios.unileon.es\/oficina-verde\/files\/2026\/04\/huella_carbono_informe_calculo2023.pdf\">Informe de C\u00e1lculo<\/a><\/li>\r\n            <li><a href=\"https:\/\/servicios.unileon.es\/oficina-verde\/files\/2026\/04\/huella_carbono_informe_verificacion2023.pdf\">Informe de Verificaci\u00f3n<\/a><\/li>\r\n        <\/ul>\r\n    <\/li>\r\n    <li><strong>Huella de carbono 2024<\/strong>\r\n        <ul>\r\n            <li><a href=\"https:\/\/servicios.unileon.es\/oficina-verde\/files\/2026\/04\/huella_carbono_certificado2024.pdf\">Certificado<\/a><\/li>\r\n            <li><a href=\"https:\/\/servicios.unileon.es\/oficina-verde\/files\/2026\/04\/huella_carbono_informe_calculo2024.pdf\">Informe de C\u00e1lculo<\/a><\/li>\r\n            <li><a href=\"https:\/\/servicios.unileon.es\/oficina-verde\/files\/2026\/04\/huella_carbono_informe_verificacion2024.pdf\">Informe de Verificaci\u00f3n<\/a><\/li>\r\n        <\/ul>\r\n    <\/li>\r\n<\/ul>\r\n\r\n<h2>3. Calculadora de la ONU para medir la huella de carbono<\/h3>\r\n<p><a href=\"https:\/\/offset.climateneutralnow.org\/footprintcalc\">Calculadora de la ONU para medir la huella de carbono<\/a><\/p>","protected":false},"excerpt":{"rendered":"<p>1. The Planet APP. El \u201cReto de vida sostenible\u201d \u00a1Lanzamos el Reto de vida sostenible de la Universidad de Le\u00f3n! Consigue un certificado que acredite tu conocimiento sobre sostenibilidad y cambio clim\u00e1tico con los cursos disponibles en The Planet App. Aprende, adopta h\u00e1bitos de vida bajos en CO2, compite con tus compa\u00f1eros, suma puntos y [&hellip;]<\/p>\n","protected":false},"author":344,"featured_media":0,"parent":0,"menu_order":0,"comment_status":"closed","ping_status":"closed","template":"","meta":{"footnotes":""},"class_list":["post-2149","page","type-page","status-publish","hentry"],"_links":{"self":[{"href":"https:\/\/servicios.unileon.es\/oficina-verde\/wp-json\/wp\/v2\/pages\/2149","targetHints":{"allow":["GET"]}}],"collection":[{"href":"https:\/\/servicios.unileon.es\/oficina-verde\/wp-json\/wp\/v2\/pages"}],"about":[{"href":"https:\/\/servicios.unileon.es\/oficina-verde\/wp-json\/wp\/v2\/types\/page"}],"author":[{"embeddable":true,"href":"https:\/\/servicios.unileon.es\/oficina-verde\/wp-json\/wp\/v2\/users\/344"}],"replies":[{"embeddable":true,"href":"https:\/\/servicios.unileon.es\/oficina-verde\/wp-json\/wp\/v2\/comments?post=2149"}],"version-history":[{"count":6,"href":"https:\/\/servicios.unileon.es\/oficina-verde\/wp-json\/wp\/v2\/pages\/2149\/revisions"}],"predecessor-version":[{"id":2178,"href":"https:\/\/servicios.unileon.es\/oficina-verde\/wp-json\/wp\/v2\/pages\/2149\/revisions\/2178"}],"wp:attachment":[{"href":"https:\/\/servicios.unileon.es\/oficina-verde\/wp-json\/wp\/v2\/media?parent=2149"}],"curies":[{"name":"wp","href":"https:\/\/api.w.org\/{rel}","templated":true}]}}