{"id":2137,"date":"2023-05-15T09:13:22","date_gmt":"2023-05-15T09:13:22","guid":{"rendered":"https:\/\/servicios.unileon.es\/oficina-verde\/?page_id=2137"},"modified":"2023-05-15T09:13:22","modified_gmt":"2023-05-15T09:13:22","slug":"comercio-justo","status":"publish","type":"page","link":"https:\/\/servicios.unileon.es\/oficina-verde\/comercio-justo\/","title":{"rendered":"Comercio Justo"},"content":{"rendered":"<p>La Universidad de Le\u00f3n forma parte del Grupo de Universidades por el Comercio Justo, contexto en el que realiza tareas de sensibilizaci\u00f3n, pero tambi\u00e9n incluye pr\u00e1cticas en las mesas de contrataci\u00f3n de la propia Instituci\u00f3n, y de venta en nuestros edificios, como conoce bien la comunidad universitaria de la ULE ya acostumbrada a los caf\u00e9s y productos que en nuestras m\u00e1quinas expendedoras incorporan los sellos FAIR TRADE.<\/p>\r\n\r\n<p>Para conseguir el status de Universidad por el Comercio Justo, se tienen que cumplir 4 criterios:<\/p>\r\n<ol>\r\n    <li>Aprobar una declaraci\u00f3n institucional favorable al Comercio Justo y usar productos de Comercio Justo a nivel institucional.<\/li>\r\n    <li>Disponer y productos de Comercio Justo en el campus universitario.<\/li>\r\n    <li>Promocionar y sensibilizar sobre el Comercio Justo en la Universidad.<\/li>\r\n    <li>Tener un grupo de trabajo universitario.<\/li>\r\n<\/ol>\r\n\r\n<p>El grupo de trabajo de Le\u00f3n y el Ayuntamiento han apostado porque la ciudad tenga un espacio p\u00fablico en reconocimiento al Comercio Justo, inaugurando el pasado mes de noviembre de 2022 el Parque del Comercio Justo. Le\u00f3n se enorgullece de ser la primera localidad espa\u00f1ola que dedica un espacio p\u00fablico al Comercio Justo.<\/p>\r\n\r\n<p style=\"margin-top: 20px; margin-bottom: 20px; text-align: center;\"><a href=\"https:\/\/servicios.unileon.es\/oficina-verde\/files\/2023\/05\/oficina_verde_grupo_leon_comercio_justo_logo.jpg\"><img decoding=\"async\" src=\"https:\/\/servicios.unileon.es\/oficina-verde\/files\/2023\/05\/oficina_verde_grupo_leon_comercio_justo_logo.jpg\" alt=\"Imagen Decorativa Comercio Justo Logo Grupo Le\u00f3n\" style=\"width: 100%;\" \/><\/a>\r\n\r\n<p style=\"margin-top: 20px; margin-bottom: 20px; text-align: center;\"><a href=\"https:\/\/servicios.unileon.es\/oficina-verde\/files\/2023\/05\/oficina_verde_grupo_leon_comercio_justo_foto.jpg\"><img decoding=\"async\" src=\"https:\/\/servicios.unileon.es\/oficina-verde\/files\/2023\/05\/oficina_verde_grupo_leon_comercio_justo_foto.jpg\" alt=\"Imagen Decorativa Comercio Justo Logo Grupo Le\u00f3n\" style=\"width: 100%;\" \/><\/a>\r\n\r\n<p>&nbsp;<\/p>","protected":false},"excerpt":{"rendered":"<p>La Universidad de Le\u00f3n forma parte del Grupo de Universidades por el Comercio Justo, contexto en el que realiza tareas de sensibilizaci\u00f3n, pero tambi\u00e9n incluye pr\u00e1cticas en las mesas de contrataci\u00f3n de la propia Instituci\u00f3n, y de venta en nuestros edificios, como conoce bien la comunidad universitaria de la ULE ya acostumbrada a los caf\u00e9s [&hellip;]<\/p>\n","protected":false},"author":344,"featured_media":0,"parent":0,"menu_order":0,"comment_status":"closed","ping_status":"closed","template":"","meta":{"footnotes":""},"class_list":["post-2137","page","type-page","status-publish","hentry"],"_links":{"self":[{"href":"https:\/\/servicios.unileon.es\/oficina-verde\/wp-json\/wp\/v2\/pages\/2137","targetHints":{"allow":["GET"]}}],"collection":[{"href":"https:\/\/servicios.unileon.es\/oficina-verde\/wp-json\/wp\/v2\/pages"}],"about":[{"href":"https:\/\/servicios.unileon.es\/oficina-verde\/wp-json\/wp\/v2\/types\/page"}],"author":[{"embeddable":true,"href":"https:\/\/servicios.unileon.es\/oficina-verde\/wp-json\/wp\/v2\/users\/344"}],"replies":[{"embeddable":true,"href":"https:\/\/servicios.unileon.es\/oficina-verde\/wp-json\/wp\/v2\/comments?post=2137"}],"version-history":[{"count":1,"href":"https:\/\/servicios.unileon.es\/oficina-verde\/wp-json\/wp\/v2\/pages\/2137\/revisions"}],"predecessor-version":[{"id":2140,"href":"https:\/\/servicios.unileon.es\/oficina-verde\/wp-json\/wp\/v2\/pages\/2137\/revisions\/2140"}],"wp:attachment":[{"href":"https:\/\/servicios.unileon.es\/oficina-verde\/wp-json\/wp\/v2\/media?parent=2137"}],"curies":[{"name":"wp","href":"https:\/\/api.w.org\/{rel}","templated":true}]}}