{"id":2133,"date":"2023-05-15T09:04:17","date_gmt":"2023-05-15T09:04:17","guid":{"rendered":"https:\/\/servicios.unileon.es\/oficina-verde\/?page_id=2133"},"modified":"2023-05-15T09:04:17","modified_gmt":"2023-05-15T09:04:17","slug":"blue-community-blue-campus","status":"publish","type":"page","link":"https:\/\/servicios.unileon.es\/oficina-verde\/blue-community-blue-campus\/","title":{"rendered":"Blue-Community BLUE CAMPUS"},"content":{"rendered":"<p>La ULE ha sido la primera universidad espa\u00f1ola en obtener el certificado y sello \u201c Blue Camp\u00fas\u201d, que reconoce a la Universidad como Comunidad Azul por su compromiso en defensa del agua como bien com\u00fan. Lo otorga la Asociaci\u00f3n Espa\u00f1ola de Operadores P\u00fablicos de Abastecimiento y Saneamiento (AEOPAS). Gracias a la labor realizada por llegar a ser un campus verde y sostenible.<\/p>\r\n\r\n<p>Este premio ha sido conseguido por fomentar el consumo de agua de la red p\u00fablica dentro de la comunidad universitaria. Cuando respetamos el agua del grifo tambi\u00e9n defendemos nuestras monta\u00f1as, lagos, r\u00edos y aguas subterr\u00e1neas. Por ello la necesidad de crear fuentes p\u00fablicas en espacios comunes de la universidad.<\/p>\r\n\r\n<p>Para colaborar contra la batalla contra el pl\u00e1stico, La universidad de Le\u00f3n en las Jornadas de Acogida,   en el CURSO 2022\/2023 ha hecho entrega a los nuevos alumnos de una botella reutilizable biodegradable, fabricada al 100% con ca\u00f1a de az\u00facar El material con el que se han hecho estas botellas se descompone al 90% en s\u00f3lo seis meses <strong>convirti\u00e9ndose en CO<sub>2<\/sub>, agua y abono<\/strong>. Se trata de una de las ventajas del <strong>uso de biopl\u00e1sticos<\/strong> para contribuir a un planeta m\u00e1s verde.<\/p>\r\n\r\n<p>Ay\u00fadanos a defender el Derecho Humano al Agua y al Sanamiento y ay\u00fadanos a cuidar de nuestro planeta.<\/p>\r\n\r\n<p>Informaci\u00f3n para adhesi\u00f3n de entidades a Comunidades Azules<\/p>\r\n\r\n<p>Consulta c\u00f3mo adherirse. <a href=\"https:\/\/comunidadazul.org\/\">comunidadazul.org<\/a><\/p>\r\n\r\n<p>As\u00ed el sello \u2018Blue Campus, reconoce el compromiso de la ULE por:<\/p>\r\n<ol>\r\n    <li>Defender el derecho humano al acceso al agua y al saneamiento,<\/li>\r\n    <li>Promover la gesti\u00f3n p\u00fablica de los servicios de agua<\/li>\r\n    <li>Fomentar el agua de grifo y eliminar, gradualmente, la venta de agua embotellada en sus campus universitarios.<\/li>\r\n<\/ol>\r\n\r\n<p style=\"margin-top: 20px; margin-bottom: 20px; text-align: center;\"><a href=\"https:\/\/servicios.unileon.es\/oficina-verde\/files\/2023\/05\/oficina_verde_comunidad_azul.jpg\"><img decoding=\"async\" src=\"https:\/\/servicios.unileon.es\/oficina-verde\/files\/2023\/05\/oficina_verde_comunidad_azul.jpg\" alt=\"Imagen Decorativa Proyecto Comunidad Azules\" style=\"width: 100%;\" \/><\/a>\r\n\r\n<p>&nbsp;<\/p>","protected":false},"excerpt":{"rendered":"<p>La ULE ha sido la primera universidad espa\u00f1ola en obtener el certificado y sello \u201c Blue Camp\u00fas\u201d, que reconoce a la Universidad como Comunidad Azul por su compromiso en defensa del agua como bien com\u00fan. Lo otorga la Asociaci\u00f3n Espa\u00f1ola de Operadores P\u00fablicos de Abastecimiento y Saneamiento (AEOPAS). Gracias a la labor realizada por llegar [&hellip;]<\/p>\n","protected":false},"author":344,"featured_media":0,"parent":0,"menu_order":0,"comment_status":"closed","ping_status":"closed","template":"","meta":{"footnotes":""},"class_list":["post-2133","page","type-page","status-publish","hentry"],"_links":{"self":[{"href":"https:\/\/servicios.unileon.es\/oficina-verde\/wp-json\/wp\/v2\/pages\/2133","targetHints":{"allow":["GET"]}}],"collection":[{"href":"https:\/\/servicios.unileon.es\/oficina-verde\/wp-json\/wp\/v2\/pages"}],"about":[{"href":"https:\/\/servicios.unileon.es\/oficina-verde\/wp-json\/wp\/v2\/types\/page"}],"author":[{"embeddable":true,"href":"https:\/\/servicios.unileon.es\/oficina-verde\/wp-json\/wp\/v2\/users\/344"}],"replies":[{"embeddable":true,"href":"https:\/\/servicios.unileon.es\/oficina-verde\/wp-json\/wp\/v2\/comments?post=2133"}],"version-history":[{"count":1,"href":"https:\/\/servicios.unileon.es\/oficina-verde\/wp-json\/wp\/v2\/pages\/2133\/revisions"}],"predecessor-version":[{"id":2135,"href":"https:\/\/servicios.unileon.es\/oficina-verde\/wp-json\/wp\/v2\/pages\/2133\/revisions\/2135"}],"wp:attachment":[{"href":"https:\/\/servicios.unileon.es\/oficina-verde\/wp-json\/wp\/v2\/media?parent=2133"}],"curies":[{"name":"wp","href":"https:\/\/api.w.org\/{rel}","templated":true}]}}