{"id":2128,"date":"2023-05-15T08:53:56","date_gmt":"2023-05-15T08:53:56","guid":{"rendered":"https:\/\/servicios.unileon.es\/oficina-verde\/?page_id=2128"},"modified":"2023-05-15T08:53:56","modified_gmt":"2023-05-15T08:53:56","slug":"convenio-entre-la-universidad-de-leon-ule-y-la-asociacion-espanola-contra-el-cancer-aecc-para-el-desarrollo-del-proyecto-espacio-sin-humos","status":"publish","type":"page","link":"https:\/\/servicios.unileon.es\/oficina-verde\/convenio-entre-la-universidad-de-leon-ule-y-la-asociacion-espanola-contra-el-cancer-aecc-para-el-desarrollo-del-proyecto-espacio-sin-humos\/","title":{"rendered":"Convenio entre la Universidad\u00a0de\u00a0Le\u00f3n (ULE) y la Asociaci\u00f3n Espa\u00f1ola Contra el C\u00e1ncer (AECC)\u00a0para el desarrollo del Proyecto Espacio sin humos"},"content":{"rendered":"<p>El objetivo prioritario de esta iniciativa \u2013incluida dentro del programa de la Red Espa\u00f1ola de Universidades Saludables (REUS) a la que pertenece la ULE- es \u201cfomentar iniciativas saludables para evitar el c\u00e1ncer, y conscientes de los efectos del tabaco como desencadenante de varios de los m\u00e1s importantes tumores de c\u00e1ncer, este convenio pretende dejar patente la necesidad de visibilizar la condici\u00f3n de \u2018Espacios sin humo\u2019 y completarlo con actuaciones de formaci\u00f3n y divulgaci\u00f3n de prevenci\u00f3n del tabaquismo y de las ayudas oportunas para dejar de fumar\u201d, ha destacado el presidente de AECC-Le\u00f3n.<\/p>\r\n\r\n<p>Es un nuevo enfoque que quiere ampliar los \u00e1mbitos de actuaci\u00f3n, cubriendo desde los centros educativos a los espacios comunitarios; complementar las acciones de educaci\u00f3n para la salud con intervenciones en las que la comunidad universitaria tenga un protagonismo activo; abrir y potenciar espacios en los que la poblaci\u00f3n pueda entrar en contacto con los h\u00e1bitos saludables; y aprovechar las nuevas tecnolog\u00edas y las ventajas que ofrecen para llegar a un mayor n\u00famero de personas.<\/p>\r\n\r\n<p>El objetivo es <strong>conseguir ampliar la prevenci\u00f3n del c\u00e1ncer mediante la iniciativa de ampliaci\u00f3n de espacios sin humo a otras zonas<\/strong>, especialmente aquellas frecuentadas por menores, como los parques y zonas verdes, plazas y espacios al aire libre de los centros universitarios, o marquesinas y paradas de transporte en espacio abierto.<\/p>\r\n\r\n<p>Un cambio en el sentido de ampliar y regular espacios p\u00fablicos para convertirlos en espacios libres de humo es una propuesta en la que ambas instituciones est\u00e1n de acuerdo, y se marcan como objetivo buscar las f\u00f3rmulas adecuadas para limitar la acci\u00f3n de fumar en los entornos de edificios y campus universitarios, formalizando un proceso de prohibici\u00f3n sin sanci\u00f3n.<\/p>\r\n\r\n<p>Los objetivos estrat\u00e9gicos:<\/p>\r\n<ol>\r\n    <li>Informar y concienciar a la poblaci\u00f3n sobre los factores que facilitan la prevenci\u00f3n y detecci\u00f3n precoz del c\u00e1ncer con la finalidad de disminuir las tasas de incidencia y\/o mortalidad por c\u00e1ncer en nuestro pa\u00eds.<\/li>\r\n    <li>Mejorar la calidad de vida de los enfermos de c\u00e1ncer y sus familias, paliando los problemas derivados de la enfermedad oncol\u00f3gica.<\/li>\r\n    <li>Potenciar la investigaci\u00f3n en la lucha contra el c\u00e1ncer.<\/li>\r\n    <li>Promover la formaci\u00f3n entre los colectivos profesionales y voluntarios que trabajan en la lucha contra el c\u00e1ncer.<\/li>\r\n<\/ol>\r\n\r\n<p style=\"margin-top: 50px; margin-bottom: 20px; text-align: center;\"><a href=\"https:\/\/servicios.unileon.es\/oficina-verde\/files\/2023\/05\/oficina_verde_aecc.png\"><img decoding=\"async\" src=\"https:\/\/servicios.unileon.es\/oficina-verde\/files\/2023\/05\/oficina_verde_aecc.png\" alt=\"Imagen Decorativa Logo AECC\" style=\"width: 50%;\" \/><\/a>\r\n\r\n<p style=\"margin-top: 20px; margin-bottom: 20px; text-align: center;\"><a href=\"https:\/\/servicios.unileon.es\/oficina-verde\/files\/2023\/05\/oficina_verde_fundacion_aecc.jpg\"><img decoding=\"async\" src=\"https:\/\/servicios.unileon.es\/oficina-verde\/files\/2023\/05\/oficina_verde_fundacion_aecc.jpg\" alt=\"Imagen Decorativa\" style=\"width: 100%;\" \/><\/a>\r\n\r\n<p>&nbsp;<\/p>","protected":false},"excerpt":{"rendered":"<p>El objetivo prioritario de esta iniciativa \u2013incluida dentro del programa de la Red Espa\u00f1ola de Universidades Saludables (REUS) a la que pertenece la ULE- es \u201cfomentar iniciativas saludables para evitar el c\u00e1ncer, y conscientes de los efectos del tabaco como desencadenante de varios de los m\u00e1s importantes tumores de c\u00e1ncer, este convenio pretende dejar patente [&hellip;]<\/p>\n","protected":false},"author":344,"featured_media":0,"parent":0,"menu_order":0,"comment_status":"closed","ping_status":"closed","template":"","meta":{"footnotes":""},"class_list":["post-2128","page","type-page","status-publish","hentry"],"_links":{"self":[{"href":"https:\/\/servicios.unileon.es\/oficina-verde\/wp-json\/wp\/v2\/pages\/2128","targetHints":{"allow":["GET"]}}],"collection":[{"href":"https:\/\/servicios.unileon.es\/oficina-verde\/wp-json\/wp\/v2\/pages"}],"about":[{"href":"https:\/\/servicios.unileon.es\/oficina-verde\/wp-json\/wp\/v2\/types\/page"}],"author":[{"embeddable":true,"href":"https:\/\/servicios.unileon.es\/oficina-verde\/wp-json\/wp\/v2\/users\/344"}],"replies":[{"embeddable":true,"href":"https:\/\/servicios.unileon.es\/oficina-verde\/wp-json\/wp\/v2\/comments?post=2128"}],"version-history":[{"count":1,"href":"https:\/\/servicios.unileon.es\/oficina-verde\/wp-json\/wp\/v2\/pages\/2128\/revisions"}],"predecessor-version":[{"id":2131,"href":"https:\/\/servicios.unileon.es\/oficina-verde\/wp-json\/wp\/v2\/pages\/2128\/revisions\/2131"}],"wp:attachment":[{"href":"https:\/\/servicios.unileon.es\/oficina-verde\/wp-json\/wp\/v2\/media?parent=2128"}],"curies":[{"name":"wp","href":"https:\/\/api.w.org\/{rel}","templated":true}]}}