{"id":2121,"date":"2023-05-15T08:24:11","date_gmt":"2023-05-15T08:24:11","guid":{"rendered":"https:\/\/servicios.unileon.es\/oficina-verde\/?page_id=2121"},"modified":"2023-05-15T08:24:11","modified_gmt":"2023-05-15T08:24:11","slug":"linea-cuidate-maquinas-de-vending-ule","status":"publish","type":"page","link":"https:\/\/servicios.unileon.es\/oficina-verde\/linea-cuidate-maquinas-de-vending-ule\/","title":{"rendered":"L\u00cdNEA \u00abCU\u00cdDATE\u00bb M\u00c1QUINAS DE VENDING ULe"},"content":{"rendered":"<p>La Universidad de Le\u00f3n, a trav\u00e9s de la Ule-REUS, ha puesto en marcha una bandeja saludable dentro de la oferta de las m\u00e1quinas de vending, llamada \u201c<strong>L\u00ednea Cu\u00eddate<\/strong>\u201d.<\/p>\r\n<p>Esta iniciativa consiste en que los usuarios de las m\u00e1quinas pueden elegir <strong>aperitivos y snacks saludables<\/strong>, es decir, que tengan pocas grasas saturadas, menos calor\u00edas que los productos habituales, o que incluyan fibra y cereales integrales, como avena o trigo integral. Con ello, se pretende que los usuarios tengan opciones m\u00e1s saludables a la hora de elegir su alimentaci\u00f3n, y que sean cada vez m\u00e1s conscientes de la importancia de una dieta sana y equilibrada.<\/p>\r\n<p>Esta iniciativa fue propuesta por la comisi\u00f3n ULe-REUS a la empresa que se encarga del suministro de m\u00e1quinas de vending, que han acogido muy favorablemente la idea y la han desarrollado r\u00e1pidamente. Adem\u00e1s de estos productos \u201csanos\u201d, los miembros de la comunidad universitaria pueden tambi\u00e9n consumir <strong>productos de comercio justo certificados<\/strong>, como galletas, chocolate o caf\u00e9, dentro de la oferta de productos de vending de estas m\u00e1quinas.<\/p>\r\n\r\n<p style=\"margin-top: 50px; margin-bottom: 20px;\"><a href=\"https:\/\/servicios.unileon.es\/oficina-verde\/files\/2023\/05\/oficina_verde_maquinas_vending.jpg\"><img decoding=\"async\" src=\"https:\/\/servicios.unileon.es\/oficina-verde\/files\/2023\/05\/oficina_verde_maquinas_vending.jpg\" alt=\"Imagen Decorativa con m\u00e1quinas de vending\" style=\"width: 100%;\" \/><\/a>\r\n\r\n<p>&nbsp;<\/p>","protected":false},"excerpt":{"rendered":"<p>La Universidad de Le\u00f3n, a trav\u00e9s de la Ule-REUS, ha puesto en marcha una bandeja saludable dentro de la oferta de las m\u00e1quinas de vending, llamada \u201cL\u00ednea Cu\u00eddate\u201d. Esta iniciativa consiste en que los usuarios de las m\u00e1quinas pueden elegir aperitivos y snacks saludables, es decir, que tengan pocas grasas saturadas, menos calor\u00edas que los [&hellip;]<\/p>\n","protected":false},"author":344,"featured_media":0,"parent":0,"menu_order":0,"comment_status":"closed","ping_status":"closed","template":"","meta":{"footnotes":""},"class_list":["post-2121","page","type-page","status-publish","hentry"],"_links":{"self":[{"href":"https:\/\/servicios.unileon.es\/oficina-verde\/wp-json\/wp\/v2\/pages\/2121","targetHints":{"allow":["GET"]}}],"collection":[{"href":"https:\/\/servicios.unileon.es\/oficina-verde\/wp-json\/wp\/v2\/pages"}],"about":[{"href":"https:\/\/servicios.unileon.es\/oficina-verde\/wp-json\/wp\/v2\/types\/page"}],"author":[{"embeddable":true,"href":"https:\/\/servicios.unileon.es\/oficina-verde\/wp-json\/wp\/v2\/users\/344"}],"replies":[{"embeddable":true,"href":"https:\/\/servicios.unileon.es\/oficina-verde\/wp-json\/wp\/v2\/comments?post=2121"}],"version-history":[{"count":2,"href":"https:\/\/servicios.unileon.es\/oficina-verde\/wp-json\/wp\/v2\/pages\/2121\/revisions"}],"predecessor-version":[{"id":2124,"href":"https:\/\/servicios.unileon.es\/oficina-verde\/wp-json\/wp\/v2\/pages\/2121\/revisions\/2124"}],"wp:attachment":[{"href":"https:\/\/servicios.unileon.es\/oficina-verde\/wp-json\/wp\/v2\/media?parent=2121"}],"curies":[{"name":"wp","href":"https:\/\/api.w.org\/{rel}","templated":true}]}}