{"id":1787,"date":"2014-05-09T09:10:00","date_gmt":"2014-05-09T09:10:00","guid":{"rendered":"http:\/\/servicios.unileon.es\/oficina-verde\/?page_id=1787"},"modified":"2014-05-14T07:51:45","modified_gmt":"2014-05-14T07:51:45","slug":"dia-mundial-de-los-peces-migradores-21-y-22-de-mayo-2014","status":"publish","type":"page","link":"https:\/\/servicios.unileon.es\/oficina-verde\/dia-mundial-de-los-peces-migradores-21-y-22-de-mayo-2014\/","title":{"rendered":"D\u00cdA MUNDIAL DE LOS PECES MIGRADORES 21 y 22 de Mayo 2014"},"content":{"rendered":"Los d\u00edas 21 y 22 de Mayo de 2014 se celebrar\u00e1 en la ULe el <span style=\"color: #0000ff;\"><strong>D\u00eda Mundial de los Peces Migradores<\/strong><\/span>, en colaboraci\u00f3n con Icthios Gesti\u00f3n Ambiental, S.L.\r\n\r\nEl programa para este d\u00eda es el siguiente:\r\n\r\n<strong>21 de Mayo de 2014, 18:00h. Aula Magna de la Facultad de Ciencias Biol\u00f3gicas y Ambientales de la ULe. <\/strong><em>La importancia de la conectividad longitudinal en la conservaci\u00f3n de la ictiofauna ib\u00e9rica.\u00a0 <\/em>Charla impartida por Gustavo Gonz\u00e1lez Fern\u00e1ndez, de Icthios Gesti\u00f3n Ambiental, S.L. Entrada libre y gratuita.\r\n\r\n<strong>22 de Mayo de 2014, 18:00h.<\/strong> <strong>Salida de Campo: La conectividad fluvial en el tramo urbano del r\u00edo Bernesga<\/strong>. Recorrido guiado viendo y analizando los diferentes obst\u00e1culos y problemas que condicionan la conectividad del Bernesga a su paso por Le\u00f3n. Recorrido en autob\u00fas con paradas. Salida del parking de la Facultad de Ciencias Biol\u00f3gicas y Ambientales. Hora aproximada de fin de actividad: 20:30h.\r\n\r\nCartel de la actividad:<a href=\"http:\/\/servicios.unileon.es\/oficina-verde\/files\/2014\/05\/WFMD-9-de-Mayo-2014.pdf\">WFMD 9 de Mayo 2014<\/a>\r\n\r\nPlazas limitadas: 45 m\u00e1x.\r\n\r\nPrecio: 3 euros.\r\n\r\nInscripci\u00f3n y forma de pago: de forma presencial en Oficina Verde.\r\n\r\n&nbsp;\r\n\r\n&nbsp;\r\n\r\n&nbsp;\r\n\r\n&nbsp;","protected":false},"excerpt":{"rendered":"<p>Los d\u00edas 21 y 22 de Mayo de 2014 se celebrar\u00e1 en la ULe el D\u00eda Mundial de los Peces Migradores, en colaboraci\u00f3n con Icthios Gesti\u00f3n Ambiental, S.L. El programa para este d\u00eda es el siguiente: 21 de Mayo de 2014, 18:00h. Aula Magna de la Facultad de Ciencias Biol\u00f3gicas y Ambientales de la ULe. [&hellip;]<\/p>\n","protected":false},"author":10,"featured_media":0,"parent":0,"menu_order":0,"comment_status":"closed","ping_status":"closed","template":"","meta":{"footnotes":""},"class_list":["post-1787","page","type-page","status-publish","hentry"],"_links":{"self":[{"href":"https:\/\/servicios.unileon.es\/oficina-verde\/wp-json\/wp\/v2\/pages\/1787","targetHints":{"allow":["GET"]}}],"collection":[{"href":"https:\/\/servicios.unileon.es\/oficina-verde\/wp-json\/wp\/v2\/pages"}],"about":[{"href":"https:\/\/servicios.unileon.es\/oficina-verde\/wp-json\/wp\/v2\/types\/page"}],"author":[{"embeddable":true,"href":"https:\/\/servicios.unileon.es\/oficina-verde\/wp-json\/wp\/v2\/users\/10"}],"replies":[{"embeddable":true,"href":"https:\/\/servicios.unileon.es\/oficina-verde\/wp-json\/wp\/v2\/comments?post=1787"}],"version-history":[{"count":6,"href":"https:\/\/servicios.unileon.es\/oficina-verde\/wp-json\/wp\/v2\/pages\/1787\/revisions"}],"predecessor-version":[{"id":1794,"href":"https:\/\/servicios.unileon.es\/oficina-verde\/wp-json\/wp\/v2\/pages\/1787\/revisions\/1794"}],"wp:attachment":[{"href":"https:\/\/servicios.unileon.es\/oficina-verde\/wp-json\/wp\/v2\/media?parent=1787"}],"curies":[{"name":"wp","href":"https:\/\/api.w.org\/{rel}","templated":true}]}}