{"id":1722,"date":"2014-02-28T12:05:58","date_gmt":"2014-02-28T12:05:58","guid":{"rendered":"http:\/\/servicios.unileon.es\/oficina-verde\/?page_id=1722"},"modified":"2014-05-08T07:42:05","modified_gmt":"2014-05-08T07:42:05","slug":"gestion-de-ecosistemas-acuaticos","status":"publish","type":"page","link":"https:\/\/servicios.unileon.es\/oficina-verde\/gestion-de-ecosistemas-acuaticos\/","title":{"rendered":"CICLO DE CONFERENCIAS Y TALLERES \u00abGESTI\u00d3N DE ECOSISTEMAS ACU\u00c1TICOS\u00bb"},"content":{"rendered":"Cartel del ciclo: <a href=\"http:\/\/servicios.unileon.es\/oficina-verde\/files\/2014\/02\/CARTEL-CURSO-GESTI\u00d3N-ECOSISTEMAS-ACU\u00c1TICOS.pdf\">CARTEL CURSO GESTI\u00d3N ECOSISTEMAS ACU\u00c1TICOS<\/a>\r\n\r\nPROGRAMA.\r\n\r\n<strong>\u00a0Jueves 20 de marzo de 2014.<\/strong>\r\n\r\n17:45 h Presentaci\u00f3n del ciclo de Talleres.\r\n\r\n18:00 h.- \u00abConservaci\u00f3n de la n\u00e1yade de r\u00edo, <em>Margaritifera margaritifera<\/em>, una especie singular\u00bb. LIFE N\u00c1YADE. Conferenciante: Pablo Santos Red\u00edn, Servicio Territorial de Medio Ambiente de Zamora. Coordinador de LIFE N\u00e1yade.\r\n\r\nV\u00eddeo de la conferencia: <a href=\"https:\/\/videos.unileon.es\/video\/667\" target=\"_blank\">https:\/\/videos.unileon.es\/video\/667<\/a>\r\n\r\n<strong>Jueves 27 de marzo de 2014.<\/strong>\r\n\r\n18:00h.- Planificaci\u00f3n hidrol\u00f3gica y restauraci\u00f3n fluvial: el proyecto de mejora del estado ecol\u00f3gico del r\u00edo \u00d3rbigo. Conferenciante: Ignacio Rodr\u00edguez Mu\u00f1oz, Oficina de Planificaci\u00f3n Hidrol\u00f3gica. Confederaci\u00f3n Hidrogr\u00e1fica del Duero.\r\n\r\nV\u00eddeo de la conferencia: <a href=\"https:\/\/videos.unileon.es\/video\/668\" target=\"_blank\">https:\/\/videos.unileon.es\/video\/668<\/a>\r\n\r\n<strong>Jueves 3 de abril de 2014.<\/strong>\r\n\r\n18:00.- Programa para su recuperaci\u00f3n y conservaci\u00f3n del desm\u00e1n en Castilla y Le\u00f3n y Extremadura. LIFE DESMANIA. Conferenciante: Roberto Rubio Guti\u00e9rrez. Coordinador del LIFE+ Desman\u00eda.\r\n\r\nV\u00eddeo de la conferencia: <a href=\"https:\/\/videos.unileon.es\/video\/669\" target=\"_blank\">https:\/\/videos.unileon.es\/video\/669<\/a>\r\n\r\n<strong>Jueves 10 de abril de 2014.<\/strong>\r\n\r\n18:00.- Estrategia y t\u00e9cnicas demostrativas para la erradicaci\u00f3n de gal\u00e1pagos invasores. LIFE TRACHEMYS. Conferenciante: Vicente Sancho Alcayde, Coordinador del proyecto LIFE Trachemys, Conseller\u00eda de Infraestructuras, Territorio y Medio Ambiente, Generalitat Valenciana.\r\n\r\nV\u00eddeo de la conferencia: <a href=\"https:\/\/videos.unileon.es\/video\/670\" target=\"_blank\">https:\/\/videos.unileon.es\/video\/670<\/a>\r\n\r\nTodas las CONFERENCIAS tendr\u00e1n lugar en el <strong>Aula Magna de la Facultad de Ciencias Biol\u00f3gicas y Ambientales, Edificio Principal<\/strong>.\r\n\r\n<strong>S\u00e1bado 3 de Mayo de 2014.\r\n<\/strong>\r\n\r\nActividad de campo: Muestreo de gal\u00e1pagos en el Monumento Natural de Las M\u00e9dulas. Coordinado por el personal t\u00e9cnico de la Secci\u00f3n de Espacios Naturales y Especies Protegidas del Servicio Territorial de Medio Ambiente de Le\u00f3n.\u00a0 Salida: 8:00- 19:00h. Desplazamiento a cargo de la organizaci\u00f3n. Salida desde el Campus de Vegazana. Los participantes deben llevar ropa y calzado adecuado y comida.\r\n\r\nA continuaci\u00f3n, se muestran unas fotos de la salida\r\n\r\n<a href=\"http:\/\/servicios.unileon.es\/oficina-verde\/files\/2014\/02\/DSC_0361.jpg\"><img loading=\"lazy\" decoding=\"async\" class=\"alignnone size-medium wp-image-1778\" src=\"http:\/\/servicios.unileon.es\/oficina-verde\/files\/2014\/02\/DSC_0361-300x200.jpg\" alt=\"DSC_0361\" width=\"300\" height=\"200\" srcset=\"https:\/\/servicios.unileon.es\/oficina-verde\/files\/2014\/02\/DSC_0361-300x200.jpg 300w, https:\/\/servicios.unileon.es\/oficina-verde\/files\/2014\/02\/DSC_0361-1024x685.jpg 1024w, https:\/\/servicios.unileon.es\/oficina-verde\/files\/2014\/02\/DSC_0361-900x602.jpg 900w, https:\/\/servicios.unileon.es\/oficina-verde\/files\/2014\/02\/DSC_0361.jpg 1936w\" sizes=\"auto, (max-width: 300px) 100vw, 300px\" \/><\/a>\r\n\r\n<a href=\"http:\/\/servicios.unileon.es\/oficina-verde\/files\/2014\/02\/DSC_0370.jpg\"><img loading=\"lazy\" decoding=\"async\" class=\"alignnone size-medium wp-image-1779\" src=\"http:\/\/servicios.unileon.es\/oficina-verde\/files\/2014\/02\/DSC_0370-300x200.jpg\" alt=\"DSC_0370\" width=\"300\" height=\"200\" srcset=\"https:\/\/servicios.unileon.es\/oficina-verde\/files\/2014\/02\/DSC_0370-300x200.jpg 300w, https:\/\/servicios.unileon.es\/oficina-verde\/files\/2014\/02\/DSC_0370-1024x685.jpg 1024w, https:\/\/servicios.unileon.es\/oficina-verde\/files\/2014\/02\/DSC_0370-900x602.jpg 900w, https:\/\/servicios.unileon.es\/oficina-verde\/files\/2014\/02\/DSC_0370.jpg 1936w\" sizes=\"auto, (max-width: 300px) 100vw, 300px\" \/><\/a>\r\n\r\n<a href=\"http:\/\/servicios.unileon.es\/oficina-verde\/files\/2014\/02\/DSC_0375.jpg\"><img loading=\"lazy\" decoding=\"async\" class=\"alignnone size-medium wp-image-1780\" src=\"http:\/\/servicios.unileon.es\/oficina-verde\/files\/2014\/02\/DSC_0375-300x200.jpg\" alt=\"DSC_0375\" width=\"300\" height=\"200\" srcset=\"https:\/\/servicios.unileon.es\/oficina-verde\/files\/2014\/02\/DSC_0375-300x200.jpg 300w, https:\/\/servicios.unileon.es\/oficina-verde\/files\/2014\/02\/DSC_0375-1024x685.jpg 1024w, https:\/\/servicios.unileon.es\/oficina-verde\/files\/2014\/02\/DSC_0375-900x602.jpg 900w, https:\/\/servicios.unileon.es\/oficina-verde\/files\/2014\/02\/DSC_0375.jpg 1936w\" sizes=\"auto, (max-width: 300px) 100vw, 300px\" \/><\/a>\r\n\r\n<a href=\"http:\/\/servicios.unileon.es\/oficina-verde\/files\/2014\/02\/DSC_0386.jpg\"><img loading=\"lazy\" decoding=\"async\" class=\"alignnone size-medium wp-image-1781\" src=\"http:\/\/servicios.unileon.es\/oficina-verde\/files\/2014\/02\/DSC_0386-300x200.jpg\" alt=\"DSC_0386\" width=\"300\" height=\"200\" srcset=\"https:\/\/servicios.unileon.es\/oficina-verde\/files\/2014\/02\/DSC_0386-300x200.jpg 300w, https:\/\/servicios.unileon.es\/oficina-verde\/files\/2014\/02\/DSC_0386-1024x685.jpg 1024w, https:\/\/servicios.unileon.es\/oficina-verde\/files\/2014\/02\/DSC_0386-900x602.jpg 900w, https:\/\/servicios.unileon.es\/oficina-verde\/files\/2014\/02\/DSC_0386.jpg 1936w\" sizes=\"auto, (max-width: 300px) 100vw, 300px\" \/><\/a>\r\n\r\n<a href=\"http:\/\/servicios.unileon.es\/oficina-verde\/files\/2014\/02\/DSC_0400.jpg\"><img loading=\"lazy\" decoding=\"async\" class=\"alignnone size-medium wp-image-1782\" src=\"http:\/\/servicios.unileon.es\/oficina-verde\/files\/2014\/02\/DSC_0400-300x200.jpg\" alt=\"DSC_0400\" width=\"300\" height=\"200\" srcset=\"https:\/\/servicios.unileon.es\/oficina-verde\/files\/2014\/02\/DSC_0400-300x200.jpg 300w, https:\/\/servicios.unileon.es\/oficina-verde\/files\/2014\/02\/DSC_0400-1024x685.jpg 1024w, https:\/\/servicios.unileon.es\/oficina-verde\/files\/2014\/02\/DSC_0400-900x602.jpg 900w, https:\/\/servicios.unileon.es\/oficina-verde\/files\/2014\/02\/DSC_0400.jpg 1936w\" sizes=\"auto, (max-width: 300px) 100vw, 300px\" \/><\/a>\r\n\r\n<span style=\"text-decoration: underline;\"><strong>EXPOSICI\u00d3N:\r\n<\/strong><\/span>\r\n<ul>\r\n\t<li>20 al 31 de marzo de 2014: La N\u00e1yade de r\u00edo <em>Margaritifera margaritifera<\/em>. LIFE NAYADE.<\/li>\r\n<\/ul>\r\n&nbsp;\r\n\r\n<strong><span style=\"text-decoration: underline;\">RECONOCIMIENTO DE CR\u00c9DITOS<\/span><\/strong>:\r\n<ul>\r\n\t<li>2.5 LEC.<\/li>\r\n\t<li>1 ECTS.<\/li>\r\n<\/ul>\r\nLos interesados en el reconocimiento de cr\u00e9ditos deben inscribirse previamente. La inscripci\u00f3n s\u00f3lo ser\u00e1 v\u00e1lida cuando se efect\u00fae el pago de la cuota. Se realizar\u00e1n controles de asistencia y se realizar\u00e1 una prueba escrita.\r\n\r\n<strong><span style=\"text-decoration: underline;\">INSCRIPCIONES:<\/span><\/strong>\r\n\r\nEnv\u00edo de e-mail a la direcci\u00f3n de correo electr\u00f3nico <a href=\"oficinaverde@unileon.es\" target=\"_blank\">oficinaverde@unileon.es<\/a> indicando:\r\n<ul>\r\n\t<li>Nombre y apellidos.<\/li>\r\n\t<li>\u00a0N\u00ba de Documento Nacional de Identidad o similar.<\/li>\r\n\t<li>Tel\u00e9fono de contacto.<\/li>\r\n\t<li>Correo electr\u00f3nico.<\/li>\r\n\t<li>Centro de estudios o trabajo.<\/li>\r\n<\/ul>\r\n<span style=\"text-decoration: underline;\"><strong>CUOTA<\/strong><\/span>: 10 EUROS. Los alumnos deben efectuar el pago de la cuota en la cuenta: <strong>ES9520960000813449762704<\/strong> (Caja Espa\u00f1a), indicando en el concepto su nombre y apellidos. El justificante del ingreso deben enviarlo mediante correo electr\u00f3nico junto con la inscripci\u00f3n o bien entregarlo en la Oficina Verde.\r\n\r\n<strong><span style=\"text-decoration: underline;\">PLAZAS<\/span><\/strong>: 100.\r\n\r\nAquellas personas interesadas en asistir a las conferencias, pueden hacerlo libre y grauitamente hasta completar aforo.\r\n\r\n&nbsp;\r\n\r\n&nbsp;\r\n\r\n&nbsp;\r\n\r\n&nbsp;\r\n\r\n&nbsp;\r\n\r\n<p class=\"MsoNormal\" style=\"text-align: left;\"><!-- [if gte mso 9]><xml>\r\n<w:WordDocument>\r\n<w:View>Normal<\/w:View>\r\n<w:Zoom>0<\/w:Zoom>\r\n<w:HyphenationZone>21<\/w:HyphenationZone>\r\n<w:PunctuationKerning\/>\r\n<w:ValidateAgainstSchemas\/>\r\n<w:SaveIfXMLInvalid>false<\/w:SaveIfXMLInvalid>\r\n<w:IgnoreMixedContent>false<\/w:IgnoreMixedContent>\r\n<w:AlwaysShowPlaceholderText>false<\/w:AlwaysShowPlaceholderText>\r\n<w:Compatibility>\r\n<w:BreakWrappedTables\/>\r\n<w:SnapToGridInCell\/>\r\n<w:WrapTextWithPunct\/>\r\n<w:UseAsianBreakRules\/>\r\n<w:DontGrowAutofit\/>\r\n<\/w:Compatibility>\r\n<w:BrowserLevel>MicrosoftInternetExplorer4<\/w:BrowserLevel>\r\n<\/w:WordDocument>\r\n<\/xml><![endif]--> <!-- [if gte mso 9]><xml>\r\n<w:LatentStyles DefLockedState=\"false\" LatentStyleCount=\"156\">\r\n<\/w:LatentStyles>\r\n<\/xml><![endif]--><!-- [if !mso]><object classid=\"clsid:38481807-CA0E-42D2-BF39-B33AF135CC4D\" id=ieooui><\/object>\r\n\r\n<style>\r\nst1\\:*{behavior:url(#ieooui) }\r\n<\/style><![endif]--><!-- [if gte mso 10]>\r\n\r\n<style>\r\n \/* Style Definitions *\/\r\ntable.MsoNormalTable\r\n{mso-style-name:\"Tabla normal\";\r\nmso-tstyle-rowband-size:0;\r\nmso-tstyle-colband-size:0;\r\nmso-style-noshow:yes;\r\nmso-style-parent:\"\";\r\nmso-padding-alt:0pt 5.4pt 0pt 5.4pt;\r\nmso-para-margin:0pt;\r\nmso-para-margin-bottom:.0001pt;\r\nmso-pagination:widow-orphan;\r\nfont-size:10.0pt;\r\nfont-family:\"Times New Roman\";\r\nmso-ansi-language:#0400;\r\nmso-fareast-language:#0400;\r\nmso-bidi-language:#0400;}\r\n<\/style><![endif]-->","protected":false},"excerpt":{"rendered":"<p>Cartel del ciclo: CARTEL CURSO GESTI\u00d3N ECOSISTEMAS ACU\u00c1TICOS PROGRAMA. \u00a0Jueves 20 de marzo de 2014. 17:45 h Presentaci\u00f3n del ciclo de Talleres. 18:00 h.- \u00abConservaci\u00f3n de la n\u00e1yade de r\u00edo, Margaritifera margaritifera, una especie singular\u00bb. LIFE N\u00c1YADE. Conferenciante: Pablo Santos Red\u00edn, Servicio Territorial de Medio Ambiente de Zamora. Coordinador de LIFE N\u00e1yade. V\u00eddeo de la [&hellip;]<\/p>\n","protected":false},"author":10,"featured_media":0,"parent":0,"menu_order":0,"comment_status":"closed","ping_status":"closed","template":"","meta":{"footnotes":""},"class_list":["post-1722","page","type-page","status-publish","hentry"],"_links":{"self":[{"href":"https:\/\/servicios.unileon.es\/oficina-verde\/wp-json\/wp\/v2\/pages\/1722","targetHints":{"allow":["GET"]}}],"collection":[{"href":"https:\/\/servicios.unileon.es\/oficina-verde\/wp-json\/wp\/v2\/pages"}],"about":[{"href":"https:\/\/servicios.unileon.es\/oficina-verde\/wp-json\/wp\/v2\/types\/page"}],"author":[{"embeddable":true,"href":"https:\/\/servicios.unileon.es\/oficina-verde\/wp-json\/wp\/v2\/users\/10"}],"replies":[{"embeddable":true,"href":"https:\/\/servicios.unileon.es\/oficina-verde\/wp-json\/wp\/v2\/comments?post=1722"}],"version-history":[{"count":41,"href":"https:\/\/servicios.unileon.es\/oficina-verde\/wp-json\/wp\/v2\/pages\/1722\/revisions"}],"predecessor-version":[{"id":1786,"href":"https:\/\/servicios.unileon.es\/oficina-verde\/wp-json\/wp\/v2\/pages\/1722\/revisions\/1786"}],"wp:attachment":[{"href":"https:\/\/servicios.unileon.es\/oficina-verde\/wp-json\/wp\/v2\/media?parent=1722"}],"curies":[{"name":"wp","href":"https:\/\/api.w.org\/{rel}","templated":true}]}}