{"id":1356,"date":"2013-02-13T11:23:37","date_gmt":"2013-02-13T11:23:37","guid":{"rendered":"http:\/\/servicios.unileon.es\/oficina-verde\/?page_id=1356"},"modified":"2013-02-13T11:25:28","modified_gmt":"2013-02-13T11:25:28","slug":"formacion-ceneam-2013","status":"publish","type":"page","link":"https:\/\/servicios.unileon.es\/oficina-verde\/formacion-ceneam-2013\/","title":{"rendered":"FORMACI\u00d3N AMBIENTAL CENEAM 2013"},"content":{"rendered":"Ya est\u00e1 abierto el plazo de solicitud para los cursos del <b>Programa de Formaci\u00f3n Ambiental 2013 Aula Verano-Abierta y Aula Virtual<\/b>, del Centro Nacional de Educaci\u00f3n Ambiental (CENEAM), Ministerio de Agricultura, Alimentaci\u00f3n y Medio Ambiente \u2013 Organismo Aut\u00f3nomo Parques Nacionales. La informaci\u00f3n sobre estos cursos puede consultarse en la siguiente direcci\u00f3n web:\r\n\r\n<a title=\"blocked::http:\/\/www.magrama.gob.es\/es\/ceneam\/formacion-ambiental\/formacion-ceneam\/presentacion-aula-verano.aspx\" href=\"http:\/\/www.magrama.gob.es\/es\/ceneam\/formacion-ambiental\/formacion-ceneam\/presentacion-aula-verano.aspx\">http:\/\/www.magrama.gob.es\/es\/ceneam\/formacion-ambiental\/formacion-ceneam\/presentacion-aula-verano.aspx<\/a>\r\n\r\n<a title=\"blocked::http:\/\/www.magrama.gob.es\/es\/ceneam\/formacion-ambiental\/formacion-ceneam\/aula-virtual.aspx\" href=\"http:\/\/www.magrama.gob.es\/es\/ceneam\/formacion-ambiental\/formacion-ceneam\/aula-virtual.aspx\">http:\/\/www.magrama.gob.es\/es\/ceneam\/formacion-ambiental\/formacion-ceneam\/aula-virtual.aspx<\/a>","protected":false},"excerpt":{"rendered":"<p>Ya est\u00e1 abierto el plazo de solicitud para los cursos del Programa de Formaci\u00f3n Ambiental 2013 Aula Verano-Abierta y Aula Virtual, del Centro Nacional de Educaci\u00f3n Ambiental (CENEAM), Ministerio de Agricultura, Alimentaci\u00f3n y Medio Ambiente \u2013 Organismo Aut\u00f3nomo Parques Nacionales. La informaci\u00f3n sobre estos cursos puede consultarse en la siguiente direcci\u00f3n web: http:\/\/www.magrama.gob.es\/es\/ceneam\/formacion-ambiental\/formacion-ceneam\/presentacion-aula-verano.aspx http:\/\/www.magrama.gob.es\/es\/ceneam\/formacion-ambiental\/formacion-ceneam\/aula-virtual.aspx<\/p>\n","protected":false},"author":10,"featured_media":0,"parent":0,"menu_order":0,"comment_status":"closed","ping_status":"closed","template":"","meta":{"footnotes":""},"class_list":["post-1356","page","type-page","status-publish","hentry"],"_links":{"self":[{"href":"https:\/\/servicios.unileon.es\/oficina-verde\/wp-json\/wp\/v2\/pages\/1356","targetHints":{"allow":["GET"]}}],"collection":[{"href":"https:\/\/servicios.unileon.es\/oficina-verde\/wp-json\/wp\/v2\/pages"}],"about":[{"href":"https:\/\/servicios.unileon.es\/oficina-verde\/wp-json\/wp\/v2\/types\/page"}],"author":[{"embeddable":true,"href":"https:\/\/servicios.unileon.es\/oficina-verde\/wp-json\/wp\/v2\/users\/10"}],"replies":[{"embeddable":true,"href":"https:\/\/servicios.unileon.es\/oficina-verde\/wp-json\/wp\/v2\/comments?post=1356"}],"version-history":[{"count":4,"href":"https:\/\/servicios.unileon.es\/oficina-verde\/wp-json\/wp\/v2\/pages\/1356\/revisions"}],"predecessor-version":[{"id":1360,"href":"https:\/\/servicios.unileon.es\/oficina-verde\/wp-json\/wp\/v2\/pages\/1356\/revisions\/1360"}],"wp:attachment":[{"href":"https:\/\/servicios.unileon.es\/oficina-verde\/wp-json\/wp\/v2\/media?parent=1356"}],"curies":[{"name":"wp","href":"https:\/\/api.w.org\/{rel}","templated":true}]}}