{"id":1275,"date":"2012-09-27T09:32:33","date_gmt":"2012-09-27T09:32:33","guid":{"rendered":"http:\/\/servicios.unileon.es\/oficina-verde\/?page_id=1275"},"modified":"2012-09-28T11:17:45","modified_gmt":"2012-09-28T11:17:45","slug":"curso-manualidades-con-materiales-reciclados","status":"publish","type":"page","link":"https:\/\/servicios.unileon.es\/oficina-verde\/curso-manualidades-con-materiales-reciclados\/","title":{"rendered":"CURSO MANUALIDADES CON MATERIALES RECICLADOS"},"content":{"rendered":"A partir del 18 de Octubre de 2012 comienza un curso organizado por la Oficina Verde sobre la realizaci\u00f3n de manualidades creativas con materiales reciclados (aluminio de latas de refrescos, papel de propaganda publicitaria, telas de ropa usada, pl\u00e1sticos de envases, etc.), impartido por Eva de Paz N\u00fa\u00f1ez, de RECIKLAN\u00cdA. El curso se celebrar\u00e1 todos los jueves, de 17:00 a 19:00h, en la Facultad de Filosof\u00eda y Letras del Campus de Vegazana, hasta el 28 de Febrero de 2013.\r\n\r\nLa incripci\u00f3n se deber\u00e1 formalizar en la OFICINA VERDE, Edificio de Servicios, Campus de Vegazana. Las plazas son limitadas. El precio total del curso (4 meses) es de 80 euros, que se deber\u00e1 abonar en el momento de realizar la inscripci\u00f3n.\r\n\r\nAlgunos de los trabajos que se podr\u00e1n realizar son los siguientes:\r\n\r\n<a href=\"http:\/\/servicios.unileon.es\/oficina-verde\/files\/2012\/09\/espejos_latas.jpg\"><img loading=\"lazy\" decoding=\"async\" class=\"alignnone size-medium wp-image-1280\" src=\"http:\/\/servicios.unileon.es\/oficina-verde\/files\/2012\/09\/espejos_latas-300x205.jpg\" alt=\"\" width=\"300\" height=\"205\" srcset=\"https:\/\/servicios.unileon.es\/oficina-verde\/files\/2012\/09\/espejos_latas-300x205.jpg 300w, https:\/\/servicios.unileon.es\/oficina-verde\/files\/2012\/09\/espejos_latas.jpg 935w\" sizes=\"auto, (max-width: 300px) 100vw, 300px\" \/><\/a>\r\n\r\n<a href=\"http:\/\/servicios.unileon.es\/oficina-verde\/files\/2012\/09\/lampara-de-techo-de-papel-reciclado01.jpg\"><img loading=\"lazy\" decoding=\"async\" class=\"alignnone size-medium wp-image-1281\" src=\"http:\/\/servicios.unileon.es\/oficina-verde\/files\/2012\/09\/lampara-de-techo-de-papel-reciclado01-203x300.jpg\" alt=\"\" width=\"203\" height=\"300\" srcset=\"https:\/\/servicios.unileon.es\/oficina-verde\/files\/2012\/09\/lampara-de-techo-de-papel-reciclado01-203x300.jpg 203w, https:\/\/servicios.unileon.es\/oficina-verde\/files\/2012\/09\/lampara-de-techo-de-papel-reciclado01.jpg 305w\" sizes=\"auto, (max-width: 203px) 100vw, 203px\" \/><\/a>\r\n\r\n<a href=\"http:\/\/servicios.unileon.es\/oficina-verde\/files\/2012\/09\/DSCN1631-Resolucion-de-Escritorio.jpg\"><img loading=\"lazy\" decoding=\"async\" class=\"alignnone size-medium wp-image-1282\" src=\"http:\/\/servicios.unileon.es\/oficina-verde\/files\/2012\/09\/DSCN1631-Resolucion-de-Escritorio-300x225.jpg\" alt=\"\" width=\"300\" height=\"225\" srcset=\"https:\/\/servicios.unileon.es\/oficina-verde\/files\/2012\/09\/DSCN1631-Resolucion-de-Escritorio-300x225.jpg 300w, https:\/\/servicios.unileon.es\/oficina-verde\/files\/2012\/09\/DSCN1631-Resolucion-de-Escritorio.jpg 800w\" sizes=\"auto, (max-width: 300px) 100vw, 300px\" \/><\/a>\r\n\r\nCartel del curso: <a href=\"http:\/\/servicios.unileon.es\/oficina-verde\/files\/2012\/09\/cartel-reciklan\u00eda.pdf\">cartel reciklan\u00eda<\/a>\r\n\r\n&nbsp;\r\n\r\n&nbsp;","protected":false},"excerpt":{"rendered":"<p>A partir del 18 de Octubre de 2012 comienza un curso organizado por la Oficina Verde sobre la realizaci\u00f3n de manualidades creativas con materiales reciclados (aluminio de latas de refrescos, papel de propaganda publicitaria, telas de ropa usada, pl\u00e1sticos de envases, etc.), impartido por Eva de Paz N\u00fa\u00f1ez, de RECIKLAN\u00cdA. El curso se celebrar\u00e1 todos [&hellip;]<\/p>\n","protected":false},"author":10,"featured_media":0,"parent":0,"menu_order":0,"comment_status":"closed","ping_status":"closed","template":"","meta":{"footnotes":""},"class_list":["post-1275","page","type-page","status-publish","hentry"],"_links":{"self":[{"href":"https:\/\/servicios.unileon.es\/oficina-verde\/wp-json\/wp\/v2\/pages\/1275","targetHints":{"allow":["GET"]}}],"collection":[{"href":"https:\/\/servicios.unileon.es\/oficina-verde\/wp-json\/wp\/v2\/pages"}],"about":[{"href":"https:\/\/servicios.unileon.es\/oficina-verde\/wp-json\/wp\/v2\/types\/page"}],"author":[{"embeddable":true,"href":"https:\/\/servicios.unileon.es\/oficina-verde\/wp-json\/wp\/v2\/users\/10"}],"replies":[{"embeddable":true,"href":"https:\/\/servicios.unileon.es\/oficina-verde\/wp-json\/wp\/v2\/comments?post=1275"}],"version-history":[{"count":18,"href":"https:\/\/servicios.unileon.es\/oficina-verde\/wp-json\/wp\/v2\/pages\/1275\/revisions"}],"predecessor-version":[{"id":1279,"href":"https:\/\/servicios.unileon.es\/oficina-verde\/wp-json\/wp\/v2\/pages\/1275\/revisions\/1279"}],"wp:attachment":[{"href":"https:\/\/servicios.unileon.es\/oficina-verde\/wp-json\/wp\/v2\/media?parent=1275"}],"curies":[{"name":"wp","href":"https:\/\/api.w.org\/{rel}","templated":true}]}}