{"id":1212,"date":"2012-06-05T08:01:27","date_gmt":"2012-06-05T08:01:27","guid":{"rendered":"http:\/\/servicios.unileon.es\/oficina-verde\/?page_id=1212"},"modified":"2012-06-05T08:02:34","modified_gmt":"2012-06-05T08:02:34","slug":"1212-2","status":"publish","type":"page","link":"https:\/\/servicios.unileon.es\/oficina-verde\/1212-2\/","title":{"rendered":"ESTUDIO SOBRE EL USO DE LA BICICLETA &#8211; BACC"},"content":{"rendered":"La Universidad de Le\u00f3n ha participado en el Estudio sobre el Uso y la Promoci\u00f3n de la Bicicleta en las Universidades Espa\u00f1olas, realizado por el BACC, que busca captar una visi\u00f3n del estado del uso de la bicicleta en 35 universidades, recoger buenas pr\u00e1cticas que se est\u00e1n llevando a cabo en relaci\u00f3n al uso de la bici y conocer los modos de pr\u00e9stamo existentes.\r\n\r\nPod\u00e9is consultar el estudio en formado PDF aqu\u00ed: <a href=\"http:\/\/servicios.unileon.es\/oficina-verde\/files\/2012\/06\/estudio_bicicleta.pdf\">estudio_bicicleta BACC febrero 2012<\/a>","protected":false},"excerpt":{"rendered":"<p>La Universidad de Le\u00f3n ha participado en el Estudio sobre el Uso y la Promoci\u00f3n de la Bicicleta en las Universidades Espa\u00f1olas, realizado por el BACC, que busca captar una visi\u00f3n del estado del uso de la bicicleta en 35 universidades, recoger buenas pr\u00e1cticas que se est\u00e1n llevando a cabo en relaci\u00f3n al uso de [&hellip;]<\/p>\n","protected":false},"author":10,"featured_media":0,"parent":0,"menu_order":0,"comment_status":"closed","ping_status":"open","template":"","meta":{"footnotes":""},"class_list":["post-1212","page","type-page","status-publish","hentry"],"_links":{"self":[{"href":"https:\/\/servicios.unileon.es\/oficina-verde\/wp-json\/wp\/v2\/pages\/1212","targetHints":{"allow":["GET"]}}],"collection":[{"href":"https:\/\/servicios.unileon.es\/oficina-verde\/wp-json\/wp\/v2\/pages"}],"about":[{"href":"https:\/\/servicios.unileon.es\/oficina-verde\/wp-json\/wp\/v2\/types\/page"}],"author":[{"embeddable":true,"href":"https:\/\/servicios.unileon.es\/oficina-verde\/wp-json\/wp\/v2\/users\/10"}],"replies":[{"embeddable":true,"href":"https:\/\/servicios.unileon.es\/oficina-verde\/wp-json\/wp\/v2\/comments?post=1212"}],"version-history":[{"count":3,"href":"https:\/\/servicios.unileon.es\/oficina-verde\/wp-json\/wp\/v2\/pages\/1212\/revisions"}],"predecessor-version":[{"id":1216,"href":"https:\/\/servicios.unileon.es\/oficina-verde\/wp-json\/wp\/v2\/pages\/1212\/revisions\/1216"}],"wp:attachment":[{"href":"https:\/\/servicios.unileon.es\/oficina-verde\/wp-json\/wp\/v2\/media?parent=1212"}],"curies":[{"name":"wp","href":"https:\/\/api.w.org\/{rel}","templated":true}]}}