{"id":1114,"date":"2012-05-02T09:21:28","date_gmt":"2012-05-02T09:21:28","guid":{"rendered":"http:\/\/servicios.unileon.es\/oficina-verde\/?page_id=1114"},"modified":"2012-05-21T06:52:09","modified_gmt":"2012-05-21T06:52:09","slug":"festival-mundo-etico-leon","status":"publish","type":"page","link":"https:\/\/servicios.unileon.es\/oficina-verde\/festival-mundo-etico-leon\/","title":{"rendered":"FESTIVAL MUNDO \u00c9TICO, LE\u00d3N"},"content":{"rendered":"<a href=\"http:\/\/servicios.unileon.es\/oficina-verde\/files\/2012\/05\/logo_web.png\"><img loading=\"lazy\" decoding=\"async\" class=\"alignnone size-medium wp-image-1120\" src=\"http:\/\/servicios.unileon.es\/oficina-verde\/files\/2012\/05\/logo_web-300x110.png\" alt=\"\" width=\"300\" height=\"110\" \/><\/a>\r\n\r\nLos pr\u00f3ximos d\u00edas 17, 18, 19 y 20 de Mayo se celebrar\u00e1 en Espacio V\u00edas el <strong>I Festival Mundo \u00c9tico (FME) de Le\u00f3n<\/strong>. La idea fundamental de FME surge en un grupo de personas j\u00f3venes comprometidas, que buscan una sociedad m\u00e1s justa, m\u00e1s comprometida, m\u00e1s cr\u00edtica, m\u00e1s responsable, m\u00e1s feliz y m\u00e1s \u00e9tica. La Oficina Verde de la ULe colabora tambi\u00e9n con esta iniciativa.\r\n\r\nA lo largo de todos estos d\u00edas, podremos disfrutar de varias exposiciones fotogr\u00e1ficas, conciertos, talleres, cine-forum, mercadillo, y actividades para los peque\u00f1os de la casa.\r\n\r\nLa entrada para todas las actividades es libre y gratuita, y los participantes y los organizadores colaboran desinteresadamente.\r\n\r\n<strong>El n\u00famero ganador de la bicicleta es: 7116. La persona ganadora de la bicicleta es: Ana Alonso Sim\u00f3n, que degust\u00f3 caf\u00e9 de comercio justo en la m\u00e1quina de vending de la Facultad de Ciencias Biol\u00f3gicas y Ambientales. La entrega de la bicicleta se realiz\u00f3 el viernes 18 en Espacio V\u00edas. \u00a1enhorabuena!<\/strong>\r\n\r\nTen\u00e9mis m\u00e1s informaci\u00f3n en la siguiente p\u00e1gina web: <a href=\"http:\/\/www.festivalmundoetico.org\/index.html\">http:\/\/www.festivalmundoetico.org\/index.html<\/a>\r\n\r\nAdem\u00e1s, pod\u00e9is estar permanentemente informados en el Facebook del Festival:\u00a0<a href=\"http:\/\/www.facebook.com\/festivalmundoetico\">http:\/\/www.facebook.com\/festivalmundoetico<\/a> (click en \u00abme gusta\u00bb)\r\n\r\n\u00a1Nos vemos all\u00ed!","protected":false},"excerpt":{"rendered":"<p>Los pr\u00f3ximos d\u00edas 17, 18, 19 y 20 de Mayo se celebrar\u00e1 en Espacio V\u00edas el I Festival Mundo \u00c9tico (FME) de Le\u00f3n. La idea fundamental de FME surge en un grupo de personas j\u00f3venes comprometidas, que buscan una sociedad m\u00e1s justa, m\u00e1s comprometida, m\u00e1s cr\u00edtica, m\u00e1s responsable, m\u00e1s feliz y m\u00e1s \u00e9tica. La Oficina [&hellip;]<\/p>\n","protected":false},"author":10,"featured_media":0,"parent":0,"menu_order":0,"comment_status":"closed","ping_status":"open","template":"","meta":{"footnotes":""},"class_list":["post-1114","page","type-page","status-publish","hentry"],"_links":{"self":[{"href":"https:\/\/servicios.unileon.es\/oficina-verde\/wp-json\/wp\/v2\/pages\/1114","targetHints":{"allow":["GET"]}}],"collection":[{"href":"https:\/\/servicios.unileon.es\/oficina-verde\/wp-json\/wp\/v2\/pages"}],"about":[{"href":"https:\/\/servicios.unileon.es\/oficina-verde\/wp-json\/wp\/v2\/types\/page"}],"author":[{"embeddable":true,"href":"https:\/\/servicios.unileon.es\/oficina-verde\/wp-json\/wp\/v2\/users\/10"}],"replies":[{"embeddable":true,"href":"https:\/\/servicios.unileon.es\/oficina-verde\/wp-json\/wp\/v2\/comments?post=1114"}],"version-history":[{"count":11,"href":"https:\/\/servicios.unileon.es\/oficina-verde\/wp-json\/wp\/v2\/pages\/1114\/revisions"}],"predecessor-version":[{"id":1116,"href":"https:\/\/servicios.unileon.es\/oficina-verde\/wp-json\/wp\/v2\/pages\/1114\/revisions\/1116"}],"wp:attachment":[{"href":"https:\/\/servicios.unileon.es\/oficina-verde\/wp-json\/wp\/v2\/media?parent=1114"}],"curies":[{"name":"wp","href":"https:\/\/api.w.org\/{rel}","templated":true}]}}