{"id":1040,"date":"2012-03-20T11:26:06","date_gmt":"2012-03-20T11:26:06","guid":{"rendered":"http:\/\/servicios.unileon.es\/oficina-verde\/?page_id=1040"},"modified":"2012-09-05T10:54:38","modified_gmt":"2012-09-05T10:54:38","slug":"programa-del-curso","status":"publish","type":"page","link":"https:\/\/servicios.unileon.es\/oficina-verde\/programa-del-curso\/","title":{"rendered":"CURSO DE COMERCIO JUSTO"},"content":{"rendered":"Los d\u00edas 18 y 19 de Abril se celebr\u00f3 en la Facultad de Ciencias Econ\u00f3micas y Empresariales el <strong>Curso de Formaci\u00f3n en Comercio Justo, Consumo Sostenible y Compra P\u00fablica \u00c9tica<\/strong>.\r\n\r\nTanto los ponentes como los alumnos del curso crearon a lo largo de los dos d\u00edas del curso\u00a0 un clima de debate y propuestas muy interesante, que sin duda result\u00f3 muy enriquecedor.\r\n\r\nPod\u00e9is consultar el tr\u00edptico informativo aqu\u00ed: <a href=\"http:\/\/servicios.unileon.es\/oficina-verde\/files\/2012\/03\/TR\u00cdPTICO-COMERCIO-JUSTO-DEFINITIVO.pdf\">TR\u00cdPTICO CURSO COMERCIO JUSTO, CONSUMO SOSTENIBLE&#8230;<\/a>\r\n\r\nAqu\u00ed es posible consultar la informaci\u00f3n sobre algunas ponencias:\r\n\r\n<a href=\"http:\/\/servicios.unileon.es\/oficina-verde\/files\/2012\/03\/Texto-JLVazquez-y-PGutierrez1.pdf\">El poder de compra como herramienta de RSC de las empresas y de las instituciones p\u00fablicas<\/a>\r\n\r\n<a href=\"http:\/\/servicios.unileon.es\/oficina-verde\/files\/2012\/03\/Compra-p\u00fablica-\u00e9tica-resumen-21.pdf\">Compra p\u00fablica \u00e9tica &#8211; resumen<\/a>\r\n\r\n<a href=\"http:\/\/servicios.unileon.es\/oficina-verde\/files\/2012\/03\/contrataci\u00f3n-p\u00fablica-\u00e9tica-yr-esponsable1.pdf\">contrataci\u00f3n p\u00fablica \u00e9tica y responsable<\/a>\r\n\r\n<a href=\"http:\/\/www.comprapublicaetica.org\/\">http:\/\/www.comprapublicaetica.org\/<\/a>\r\n\r\nAqu\u00ed pod\u00e9is ver algunas fotograf\u00edas del curso:\r\n\r\n<a href=\"http:\/\/servicios.unileon.es\/oficina-verde\/files\/2012\/03\/curso-comercio-justo-compra-p\u00fablica-005.jpg\"><img loading=\"lazy\" decoding=\"async\" class=\"alignnone size-medium wp-image-1106\" src=\"http:\/\/servicios.unileon.es\/oficina-verde\/files\/2012\/03\/curso-comercio-justo-compra-p\u00fablica-005-300x200.jpg\" alt=\"\" width=\"300\" height=\"200\" srcset=\"https:\/\/servicios.unileon.es\/oficina-verde\/files\/2012\/03\/curso-comercio-justo-compra-p\u00fablica-005-300x200.jpg 300w, https:\/\/servicios.unileon.es\/oficina-verde\/files\/2012\/03\/curso-comercio-justo-compra-p\u00fablica-005-1024x685.jpg 1024w, https:\/\/servicios.unileon.es\/oficina-verde\/files\/2012\/03\/curso-comercio-justo-compra-p\u00fablica-005.jpg 1936w\" sizes=\"auto, (max-width: 300px) 100vw, 300px\" \/><\/a>\r\n\r\n<a href=\"http:\/\/servicios.unileon.es\/oficina-verde\/files\/2012\/03\/curso-comercio-justo-compra-p\u00fablica-007.jpg\"><img loading=\"lazy\" decoding=\"async\" class=\"alignnone size-medium wp-image-1107\" src=\"http:\/\/servicios.unileon.es\/oficina-verde\/files\/2012\/03\/curso-comercio-justo-compra-p\u00fablica-007-300x200.jpg\" alt=\"\" width=\"300\" height=\"200\" srcset=\"https:\/\/servicios.unileon.es\/oficina-verde\/files\/2012\/03\/curso-comercio-justo-compra-p\u00fablica-007-300x200.jpg 300w, https:\/\/servicios.unileon.es\/oficina-verde\/files\/2012\/03\/curso-comercio-justo-compra-p\u00fablica-007-1024x685.jpg 1024w, https:\/\/servicios.unileon.es\/oficina-verde\/files\/2012\/03\/curso-comercio-justo-compra-p\u00fablica-007.jpg 1936w\" sizes=\"auto, (max-width: 300px) 100vw, 300px\" \/><\/a>\r\n\r\n<a href=\"http:\/\/servicios.unileon.es\/oficina-verde\/files\/2012\/03\/curso-comercio-justo-compra-p\u00fablica-0331.jpg\"><img loading=\"lazy\" decoding=\"async\" class=\"alignnone size-medium wp-image-1110\" src=\"http:\/\/servicios.unileon.es\/oficina-verde\/files\/2012\/03\/curso-comercio-justo-compra-p\u00fablica-0331-300x200.jpg\" alt=\"\" width=\"300\" height=\"200\" srcset=\"https:\/\/servicios.unileon.es\/oficina-verde\/files\/2012\/03\/curso-comercio-justo-compra-p\u00fablica-0331-300x200.jpg 300w, https:\/\/servicios.unileon.es\/oficina-verde\/files\/2012\/03\/curso-comercio-justo-compra-p\u00fablica-0331-1024x685.jpg 1024w, https:\/\/servicios.unileon.es\/oficina-verde\/files\/2012\/03\/curso-comercio-justo-compra-p\u00fablica-0331.jpg 1936w\" sizes=\"auto, (max-width: 300px) 100vw, 300px\" \/><\/a>","protected":false},"excerpt":{"rendered":"<p>Los d\u00edas 18 y 19 de Abril se celebr\u00f3 en la Facultad de Ciencias Econ\u00f3micas y Empresariales el Curso de Formaci\u00f3n en Comercio Justo, Consumo Sostenible y Compra P\u00fablica \u00c9tica. Tanto los ponentes como los alumnos del curso crearon a lo largo de los dos d\u00edas del curso\u00a0 un clima de debate y propuestas muy [&hellip;]<\/p>\n","protected":false},"author":10,"featured_media":0,"parent":0,"menu_order":0,"comment_status":"closed","ping_status":"open","template":"","meta":{"footnotes":""},"class_list":["post-1040","page","type-page","status-publish","hentry"],"_links":{"self":[{"href":"https:\/\/servicios.unileon.es\/oficina-verde\/wp-json\/wp\/v2\/pages\/1040","targetHints":{"allow":["GET"]}}],"collection":[{"href":"https:\/\/servicios.unileon.es\/oficina-verde\/wp-json\/wp\/v2\/pages"}],"about":[{"href":"https:\/\/servicios.unileon.es\/oficina-verde\/wp-json\/wp\/v2\/types\/page"}],"author":[{"embeddable":true,"href":"https:\/\/servicios.unileon.es\/oficina-verde\/wp-json\/wp\/v2\/users\/10"}],"replies":[{"embeddable":true,"href":"https:\/\/servicios.unileon.es\/oficina-verde\/wp-json\/wp\/v2\/comments?post=1040"}],"version-history":[{"count":27,"href":"https:\/\/servicios.unileon.es\/oficina-verde\/wp-json\/wp\/v2\/pages\/1040\/revisions"}],"predecessor-version":[{"id":1042,"href":"https:\/\/servicios.unileon.es\/oficina-verde\/wp-json\/wp\/v2\/pages\/1040\/revisions\/1042"}],"wp:attachment":[{"href":"https:\/\/servicios.unileon.es\/oficina-verde\/wp-json\/wp\/v2\/media?parent=1040"}],"curies":[{"name":"wp","href":"https:\/\/api.w.org\/{rel}","templated":true}]}}