{"id":68,"date":"2011-02-15T13:44:38","date_gmt":"2011-02-15T13:44:38","guid":{"rendered":"http:\/\/servicios.unileon.es\/coie\/"},"modified":"2019-10-25T10:10:47","modified_gmt":"2019-10-25T09:10:47","slug":"area-de-tecnicas","status":"publish","type":"page","link":"https:\/\/servicios.unileon.es\/oficina-de-practicas-y-empleabilidad\/area-de-tecnicas\/","title":{"rendered":"\u00c1rea de T\u00e9cnicas"},"content":{"rendered":"<h2 style=\"text-align: justify;\">SALIDAS PROFESIONALES<\/h2>\r\n<dl id=\"salidasprofesionales\">\r\n \t<dt><a id=\"m01itm\" href=\"#1\">Graduado\/a en Ingenier\u00eda Minera<\/a><\/dt>\r\n \t<dd id=\"01itm\">\r\n<p style=\"text-align: justify;\">Si bien el futuro laboral de estos\/as Graduados\/as de Minas, puede estar condicionado por los profundos cambios que se est\u00e1n produciendo en Espa\u00f1a en todos los sectores industriales y de servicios, por la integraci\u00f3n, cada vez m\u00e1s plena, en Europa y por las corrientes de intercambio de profesionales que se est\u00e1n produciendo.Sus actividades profesionales abarcan todos los campos de la industria minera y metal\u00fargica, obra civil y construcci\u00f3n en general, instalaciones dedicadas a la producci\u00f3n y explotaci\u00f3n de energ\u00eda, auditor\u00edas de medio ambiente, proyectos y direcciones de todo tipo de obras, adem\u00e1s de la docencia y los cuerpos y escalas de las Administraciones P\u00fablicas.<\/p>\r\n<p style=\"text-align: justify;\">El campo convencional de trabajo del sector de la Ingenier\u00eda T\u00e9cnica Minera, ha sido ampliado hasta convertirse actualmente en una de las profesiones m\u00e1s presentes en numerosos sectores de la actividad econ\u00f3mica.<\/p>\r\n<p style=\"text-align: justify;\">La exigencia actual de calidad de vida ha creado un clima ecol\u00f3gico, donde el impacto ambiental es un concepto que las Administraciones P\u00fablicas eval\u00faan en las correspondientes actuaciones. Esto ha originado la necesidad de la restauraci\u00f3n del espacio natural, a consecuencia de la cual, ha surgido un nuevo campo de actividad profesional para los t\u00e9cnicos de minas: proyecto y ejecuci\u00f3n de restauraci\u00f3n del espacio natural (minas, canteras, excavaciones).<\/p>\r\n<\/dd>\r\n \t<dt><a id=\"m01itt\" href=\"#1\">Graduado\/a en Ingenier\u00eda Geom\u00e1tica y Topograf\u00eda<\/a><\/dt>\r\n \t<dd id=\"01itt\">\r\n<p style=\"text-align: justify;\">Las actividades profesionales m\u00e1s comunes que desarrollan estos\/as Graduados\/as, son: la medici\u00f3n del suelo, la elaboraci\u00f3n de planos y mapas, la realizaci\u00f3n de deslindes y replanteos, y la planificaci\u00f3n y ejecuci\u00f3n de trabajos topogr\u00e1ficos.<\/p>\r\n<p style=\"text-align: justify;\">Asimismo, elaboran proyectos de fabricaci\u00f3n e instalaci\u00f3n de bienes muebles, y de construcci\u00f3n, reforma, conservaci\u00f3n y demolici\u00f3n de bienes inmuebles; realizan valoraciones, tasaciones, control de calidad e inspecci\u00f3n t\u00e9cnica.<\/p>\r\n<p style=\"text-align: justify;\">Los sectores laborales m\u00e1s habituales en los que se insertan laboralmente son: empresas de construcci\u00f3n, sector de la miner\u00eda, \u00e1reas en que se requiera una formaci\u00f3n t\u00e9cnica (industria mec\u00e1nica, metal\u00fargica, el\u00e9ctrica, etc.) y en las Administraciones p\u00fablicas.<\/p>\r\n<p style=\"text-align: justify;\">En s\u00edntesis, desarrollan su actividad como soporte f\u00edsico de la Arquitectura y de cualquiera de estas ingenier\u00edas: de Minas; de Obras P\u00fablicas; Hidr\u00e1ulica; Agr\u00f3noma; Batim\u00e9trica; de Caminos, Canales y Puertos.<\/p>\r\n<\/dd>\r\n \t<dt><a id=\"m01ism\" href=\"#1\">Grado en Ingenier\u00eda de la Energ\u00eda<\/a><\/dt>\r\n \t<dd id=\"01ism\">Las actividades profesionales m\u00e1s comunes que desarrollan estos\/as Graduados\/as, son:\r\n<ul style=\"text-align: justify;\">\r\n \t<li>Centrales generadoras de energ\u00eda el\u00e9ctrica: t\u00e9rmicas, nucleares, hidroel\u00e9ctricas.<\/li>\r\n \t<li>Transporte y distribuci\u00f3n de la energ\u00eda el\u00e9ctrica.<\/li>\r\n \t<li>Instalaciones el\u00e9ctricas: urbanas, industriales y mineras.<\/li>\r\n \t<li>Uso y consumo eficiente de la energ\u00eda el\u00e9ctrica.<\/li>\r\n \t<li>Extracci\u00f3n del carb\u00f3n, de petr\u00f3leo y de gas.<\/li>\r\n \t<li>Transporte y distribuci\u00f3n de combustibles.<\/li>\r\n \t<li>Uso y aprovechamiento de la energ\u00eda t\u00e9rmica.<\/li>\r\n \t<li>Instalaciones t\u00e9rmicas y frigor\u00edficas.<\/li>\r\n \t<li>Instalaciones de energ\u00edas renovables.<\/li>\r\n \t<li>Ahorro y eficiencia energ\u00e9tica.<\/li>\r\n \t<li>Energ\u00eda de la biomasa.<\/li>\r\n \t<li>Explosivos y pirotecnia: fabricaci\u00f3n, almacenamiento y uso.<\/li>\r\n \t<li>Evaluaciones de impacto ambiental.<\/li>\r\n<\/ul>\r\n<p style=\"text-align: justify;\">La energ\u00eda tradicionalmente ha sido un sector estrat\u00e9gico que exige la existencia de profesionales t\u00e9cnicamente cualificados. Como habr\u00e1s observado esta profesi\u00f3n est\u00e1 en estos momentos continuamente cogiendo m\u00e1s valor, ya que son cada vez mayores los indicadores sociales y econ\u00f3micos que detectan una mayor sensibilidad por esta disciplina. Por esto, parece obvio que existir\u00e1 en un futuro a medio y largo plazo una enorme demanda de profesionales cualificados en este sector.<\/p>\r\n<p style=\"text-align: justify;\">Adem\u00e1s, el Grado de Ingenier\u00eda de la Energ\u00eda est\u00e1 encuadrado en la profesi\u00f3n regulada de los ingenieros de minas, es decir, sometida al amparo de la profesi\u00f3n restringida, que tienen una serie de atribuciones profesionales que los definen como t\u00e9cnicos competentes en una serie de trabajos.<\/p>\r\n<p style=\"text-align: justify;\">Debido al amplio abanico de posibilidades en las que puede trabajar un ingeniero de la energ\u00eda, se prev\u00e9 una fuerte demanda en Le\u00f3n, en Espa\u00f1a y en el extranjero por su capacidad y su formaci\u00f3n en empresas de actividades muy variadas.<\/p>\r\n<p style=\"text-align: justify;\">La amplitud y calidad de los conocimientos te\u00f3ricos y pr\u00e1cticos que recibe durante su formaci\u00f3n acad\u00e9mica le convierten en uno de los t\u00e9cnicos m\u00e1s vers\u00e1tiles, generalistas y prestigiados de cuantos existen en el mercado laboral.<\/p>\r\n<p style=\"text-align: justify;\">Por este motivo los ingenieros de la energ\u00eda de Le\u00f3n tendr\u00e1n una excelente colocaci\u00f3n, con pr\u00e1cticamente inexistencia de desempleo, en el mismo sector para lo que has estudiado.<\/p>\r\n<\/dd>\r\n \t<dt><a id=\"m01ita\" href=\"#1\">Graduado\/a en Ingenier\u00eda Agraria<\/a><\/dt>\r\n \t<dd id=\"01ita\">\r\n<p style=\"text-align: justify;\">Las salidas profesionales m\u00e1s relevantes son:<\/p>\r\n\r\n<ul>\r\n \t<li style=\"text-align: justify;\">Consultor\u00eda de ingenier\u00eda agraria, redacci\u00f3n de proyectos y direcciones de obra: empresas p\u00fablicas\u00a0o privadas, gabinetes t\u00e9cnicos, o trabajo como profesional aut\u00f3nomo.<\/li>\r\n \t<li style=\"text-align: justify;\">Acceso al cuerpo de Ingenieros T\u00e9cnicos Agr\u00edcolas de las administraciones p\u00fablicas.<\/li>\r\n \t<li style=\"text-align: justify;\">Direcci\u00f3n y asistencia t\u00e9cnica en explotaciones agrarias, explotaciones ganaderas, industrias agroalimentarias, regad\u00edos, etc.<\/li>\r\n \t<li style=\"text-align: justify;\">Estudios y trabajos profesionales relacionados con el medio rural: ordenaci\u00f3n del territorio, topograf\u00eda y cartograf\u00eda, valoraciones y peritaciones. Evaluaci\u00f3n de impacto ambiental.<\/li>\r\n \t<li style=\"text-align: justify;\">Trabajo t\u00e9cnico-comercial para empresas de suministros para agricultura y la empresa agroalimentaria.<\/li>\r\n \t<li style=\"text-align: justify;\">Direcci\u00f3n y gerencia de explotaciones o agrupaciones de productores.<\/li>\r\n \t<li style=\"text-align: justify;\">Trabajo empresarial de gesti\u00f3n y direcci\u00f3n t\u00e9cnica, desarrollo de producto, investigaci\u00f3n y experimentaci\u00f3n.<\/li>\r\n \t<li style=\"text-align: justify;\">Control de calidad y de procesos. Sistemas de seguridad y protecci\u00f3n del medio ambiente.<\/li>\r\n<\/ul>\r\n<\/dd>\r\n \t<dt><a id=\"m01itf\" href=\"#1\">Graduado\/a en Ingenier\u00eda Forestal y del Medio Natural<\/a><\/dt>\r\n \t<dd id=\"01itf\">\r\n<p style=\"text-align: justify;\">Las salidas profesionales m\u00e1s relevantes ser\u00e1n:<\/p>\r\n\r\n<ul>\r\n \t<li style=\"text-align: justify;\">Consultor\u00eda en Ingenier\u00eda forestal.<\/li>\r\n \t<li style=\"text-align: justify;\">Redacci\u00f3n de proyectos y direcciones de obra: empresas\u00a0p\u00fablicas o privadas, gabinetes t\u00e9cnicos, o trabajo como\u00a0profesional aut\u00f3nomo.<\/li>\r\n \t<li style=\"text-align: justify;\">Estudios y Trabajos Profesionales relacionados\u00a0con la explotaci\u00f3n forestal y con los espacios naturales.<\/li>\r\n \t<li style=\"text-align: justify;\">Evaluaci\u00f3n de impacto ambiental.<\/li>\r\n \t<li style=\"text-align: justify;\">Trabajo t\u00e9cnico-comercial para empresas de suministros\u00a0y servicios asociados a la explotaci\u00f3n forestal.<\/li>\r\n \t<li style=\"text-align: justify;\">Direcci\u00f3n y gerencia de toda clase de explotaciones forestales.<\/li>\r\n \t<li style=\"text-align: justify;\">Trabajo empresarial de gesti\u00f3n y direcci\u00f3n t\u00e9cnica,\u00a0desarrollo de producto, investigaci\u00f3n y experimentaci\u00f3n.<\/li>\r\n \t<li style=\"text-align: justify;\">Control de calidad y optimizaci\u00f3n de procesos.<\/li>\r\n \t<li style=\"text-align: justify;\">Sistemas de seguridad y protecci\u00f3n del medio ambiente.<\/li>\r\n<\/ul>\r\n<\/dd>\r\n \t<dt><a id=\"m01isa\" href=\"#1\">Graduado\/a en Ingenier\u00eda Forestal y del Medio Natural y Grado en Ciencias Ambientales<\/a><\/dt>\r\n \t<dd id=\"01isa\">Al tener el t\u00edtulo de Ingeniero Forestal y del Medio Natural se contar\u00e1 con sus atribuciones profesionales en Explotaciones Forestales (R.D. 1837\/2008 y Orden CIN\/324\/2009)\r\n<p style=\"text-align: justify;\">Adem\u00e1s contar\u00e1 con la extensa formaci\u00f3n en temas ambientales del Grado en Ciencias Ambientales<\/p>\r\n<p style=\"text-align: justify;\">Por tanto sus titulados podr\u00e1n trabajar en:<\/p>\r\n\r\n<ul style=\"text-align: justify;\">\r\n \t<li>Empresas de investigaci\u00f3n o gesti\u00f3n ambiental.<\/li>\r\n \t<li>Docencia (dise\u00f1ando y ejecutando programas de educaci\u00f3n y comunicaci\u00f3n ambiental).<\/li>\r\n \t<li>Administraciones p\u00fablicas (pudiendo acceder al cuerpo de Ingenieros T\u00e9cnicos Forestales).<\/li>\r\n \t<li>Tecnolog\u00eda ambiental industrial.<\/li>\r\n \t<li>Evaluar y corregir el impacto ambiental, as\u00ed como aplicar las t\u00e9cnicas de auditor\u00eda y gesti\u00f3n\r\nambiental.<\/li>\r\n \t<li>Gesti\u00f3n del medio natural y poblaciones de fauna forestal (de car\u00e1cter cineg\u00e9tico, etc).<\/li>\r\n \t<li>Elaborar y dirigir proyectos de ingenier\u00eda en el \u00e1mbito forestal.<\/li>\r\n \t<li>Informes t\u00e9cnicos, memorias de reconocimiento, valoraciones, peritajes y tasaciones\r\nforestales.<\/li>\r\n \t<li>Medir, inventariar y evaluar los recursos forestales, aplicar y desarrollar las t\u00e9cnicas selv\u00edcolas\r\ny de manejo de todo tipo de sistemas forestales, parques y \u00e1reas recreativas, as\u00ed como las t\u00e9cnicas de aprovechamiento de productos forestales maderables y no maderables.<\/li>\r\n<\/ul>\r\n<\/dd>\r\n \t<dt><a id=\"m01iti\" href=\"#1\">Graduado\/a en Ingenier\u00eda Electr\u00f3nica, Industrial y Autom\u00e1tica<\/a><\/dt>\r\n \t<dd id=\"01iti\">\r\n<p style=\"text-align: justify;\">El t\u00edtulo del grado en Ingenier\u00eda Electr\u00f3nica Industrial y Autom\u00e1tica proporciona la formaci\u00f3n necesaria para la aplicaci\u00f3n de los dispositivos electr\u00f3nicos y microelectr\u00f3nicos en la automatizaci\u00f3n de los procesos productivos trabajando, entre otros, con microprocesadores, instrumentos electr\u00f3nicos, aut\u00f3matas y robots.<\/p>\r\n<p style=\"text-align: justify;\">Algunos de los perfiles profesionales en los que los titulados podr\u00e1n ejercer sus competencias son:<\/p>\r\n\r\n<ul>\r\n \t<li style=\"text-align: justify;\">Dise\u00f1o, an\u00e1lisis, proyecci\u00f3n y mantenimiento de sistemas electr\u00f3nicos y microelectr\u00f3nicos.<\/li>\r\n \t<li style=\"text-align: justify;\">Gesti\u00f3n y organizaci\u00f3n comercial de empresas de productos y sistemas electr\u00f3nicos.<\/li>\r\n \t<li style=\"text-align: justify;\">Control de m\u00e1quinas y accionamientos el\u00e9ctricos.<\/li>\r\n \t<li style=\"text-align: justify;\">Concepci\u00f3n, dise\u00f1o, elaboraci\u00f3n y mantenimiento de sistemas de instrumentaci\u00f3n, control autom\u00e1tico y rob\u00f3tico.<\/li>\r\n<\/ul>\r\n<\/dd>\r\n \t<dt><a id=\"m01isinf\" href=\"#1\">Graduado\/a en Ingenier\u00eda Inform\u00e1tica<\/a><\/dt>\r\n \t<dd id=\"01isinf\">Los Graduados\/as en Ingenier\u00eda Inform\u00e1tica podr\u00e1n trabajar en cualquier empresa del sector. Dentro de \u00e9ste, algunos de los campos m\u00e1s profesionalizados son:\r\n<ul style=\"text-align: justify;\">\r\n \t<li>Centros de C\u00e1lculo.<\/li>\r\n \t<li>Centros de Investigaci\u00f3n.<\/li>\r\n \t<li>Entidades Financieras.<\/li>\r\n \t<li>Empresas de Hardware y Software.<\/li>\r\n \t<li>Empresas de Telecomunicaciones.<\/li>\r\n \t<li>Empresas Tecnol\u00f3gicas.<\/li>\r\n \t<li>Empresas de Seguridad.<\/li>\r\n \t<li>Consultoras Inform\u00e1ticas.<\/li>\r\n<\/ul>\r\n<p style=\"text-align: justify;\">En estas entidades, p\u00fablicas o privadas, los titulados podr\u00e1n desempe\u00f1ar en general cargos de responsabilidad en Departamentos de Inform\u00e1tica, de Sistemas de Comunicaci\u00f3n, de Seguridad de Sistemas, de Consultor\u00eda de Sistemas, de An\u00e1lisis de Sistemas de Informaci\u00f3n, Administraci\u00f3n de Bases de Datos o Docencia en el sector TIC, entre otras. Con m\u00e1s precisi\u00f3n:<\/p>\r\n<p style=\"text-align: justify;\">\u00c1mbito profesional:<\/p>\r\n\r\n<ul style=\"text-align: justify;\">\r\n \t<li>En empresas no estrictamente TIC, los egresados tendr\u00e1n cabida en sectores tales como Servicios a Empresas, Industria y Construcci\u00f3n, Educaci\u00f3n, Cultura, Investigaci\u00f3n, Sanidad, Asistencia Social, Instituciones Financieras y Aseguradoras, Administraci\u00f3n P\u00fablica, etc.<\/li>\r\n \t<li>En empresas del \u00e1mbito TIC podr\u00e1n desarrollar su labor en actividades de Desarrollo de Software, Asesor\u00eda y Consultor\u00eda TIC, Soporte Tecnol\u00f3gico incluyendo tecnolog\u00edas web y multimedia, etc.<\/li>\r\n<\/ul>\r\n<p style=\"text-align: justify;\">Tipos de cargos a desempe\u00f1ar:<\/p>\r\n\r\n<ul>\r\n \t<li style=\"text-align: justify;\">De responsabilidad en Sistemas de Informaci\u00f3n, Desarrollo de Software, Producci\u00f3n y Explotaci\u00f3n de Sistemas Inform\u00e1ticos, o Responsable de Departamentos de Inform\u00e1tica.<\/li>\r\n \t<li style=\"text-align: justify;\">De mando intermedio como Jefe de Proyectos o Analista, Responsable de \u00e1rea, Consultor, Arquitecto de Bases de Datos, Responsable de Calidad, Metodolog\u00edas y Organizaci\u00f3n, o Arquitecto de Sistemas.<\/li>\r\n \t<li style=\"text-align: justify;\">T\u00e9cnicos, como Administrador de Bases de datos, Responsable de Redes y Sistemas, o Responsable de Seguridad en Sistemas de Informaci\u00f3n.<\/li>\r\n<\/ul>\r\n<\/dd>\r\n \t<dt><a id=\"m01isi\" href=\"#1\">Graduado\/a en Ingenier\u00eda Mec\u00e1nica<\/a><\/dt>\r\n \t<dd id=\"01isi\">\r\n<p style=\"text-align: justify;\">El Grado en Ingenier\u00eda Mec\u00e1nica habilita para el acceso al ejercicio de una actividad profesional, regulada en Espa\u00f1a e internacionalmente, y de una gran demanda dadas sus variadas salidas profesionales. As\u00ed los egresados podr\u00e1n ocupar puestos muy variados, como t\u00e9cnicos o directivos, en empresas del amplio sector industrial y de servicios, en las Administraciones p\u00fablicas de \u00e1mbito, estatal, auton\u00f3mico, provincial o local y podr\u00e1n desarrollar el ejercicio de la libre profesi\u00f3n.<\/p>\r\n<p style=\"text-align: justify;\">El titulado puede trabajar en m\u00faltiples sectores y \u00e1reas de actividad del tejido industrial de nuestro pa\u00eds como la fabricaci\u00f3n mec\u00e1nica en general, m\u00e1quinas herramienta, automoci\u00f3n y componentes, ferrocarril, electrodom\u00e9sticos, log\u00edstica y manutenci\u00f3n, plantas de producci\u00f3n de todo tipo, plantas de generaci\u00f3n de energ\u00eda y un largo etc., pero tambi\u00e9n con una interacci\u00f3n tecnol\u00f3gica en la I+D+i de sectores cercanos como la rob\u00f3tica, construcci\u00f3n naval, la producci\u00f3n aeron\u00e1utica o materiales y nanotecnolog\u00eda, la energ\u00eda, etc. El graduado en Ingenier\u00eda Mec\u00e1nica adem\u00e1s tiene reservadas atribuciones profesionales para muchos tipos de proyectos que por sus connotaciones de seguridad requieren la firma de este profesional.<\/p>\r\n<p style=\"text-align: justify;\">La necesidad de la titulaci\u00f3n de Ingeniero Mec\u00e1nico se basa en los diferentes aspectos que determinan la gran demanda de los alumnos egresados en el mercado laboral, esencialmente, en lo relativo a los posibles campos de actividad profesional, las responsabilidades que deben asumir en la actividad profesional a desempe\u00f1ar, y las caracter\u00edsticas personales y de formaci\u00f3n que las anteriores necesidades demandan. Estos aspectos, junto con el conocimiento del tipo de empresa que pueden demandar estas profesiones, determinan su perfil profesional y su posible mercado laboral.<\/p>\r\n<\/dd>\r\n \t<dt><a id=\"m01isaero\" href=\"#1\">Graduado\/a en Ingenier\u00eda El\u00e9ctrica<\/a><\/dt>\r\n \t<dd id=\"01isaero\">\r\n<p style=\"text-align: justify;\">Los Graduados en Ingenier\u00eda El\u00e9ctrica tienen unas atribuciones profesionales que les permiten una gran variedad de opciones profesionales. Entre ellas:<\/p>\r\n<p style=\"text-align: justify;\">\u00c1mbito de la Empresa: pueden desempe\u00f1ar su actividad profesional pr\u00e1cticamente en todos los sectores de la industria, especialmente en aquellos relacionados directamente con la Ingenier\u00eda El\u00e9ctrica, desarrollando trabajos desde los departamentos: de estudio de proyectos e I+D+i, de fabricaci\u00f3n e ingenier\u00eda del proceso y de mantenimiento y utillaje.\r\nEjercicio libre de la profesi\u00f3n: posee competencias en funci\u00f3n de su especialidad en: dise\u00f1o, modelado, simulaci\u00f3n, fabricaci\u00f3n y ensayo de: m\u00e1quinas el\u00e9ctricas, centrales el\u00e9ctricas, l\u00edneas de transporte y redes de distribuci\u00f3n, aparamenta, dispositivos de automatismo, mando y control electromagn\u00e9tico y electr\u00f3nico para sus aplicaciones industriales, as\u00ed como los montajes, instalaciones, mantenimiento, explotaci\u00f3n y demolici\u00f3n de dichas instalaciones.\r\nAdministraci\u00f3n P\u00fablica: Acceso a puesto de funcionario o laboral de los cuerpos t\u00e9cnicos en todo tipo de administraciones p\u00fablicas: Uni\u00f3n Europea, estatal, auton\u00f3mica y local, trabajando en la supervisi\u00f3n, control, inspecci\u00f3n y autorizaci\u00f3n de actividades, instalaciones, etc. Tambi\u00e9n desarrollan otras actividades, como la elaboraci\u00f3n de normas, reglamentos, gu\u00edas t\u00e9cnicas, etc.\r\nDocencia: Centros p\u00fablicos y privados de ense\u00f1anza, tanto en Educaci\u00f3n Secundaria como en la Universidad.<\/p>\r\n<\/dd>\r\n \t<dt><a id=\"m01lh\" href=\"#1\">Graduado\/a Ingenier\u00eda Aereoespacial<\/a><\/dt>\r\n \t<dd id=\"01lh\">\r\n<p style=\"text-align: justify;\">El Graduado en Ingenier\u00eda Aeroespacial est\u00e1 facultado para el ejercicio profesional en el \u00e1mbito de la ciencia aeron\u00e1utica y estudios relacionados con la navegaci\u00f3n a\u00e9rea: Veh\u00edculos Aeroespaciales, Navegaci\u00f3n A\u00e9rea, Aeropuertos y Transporte A\u00e9reo.<\/p>\r\n<p style=\"text-align: justify;\">La formaci\u00f3n del Graduado en Ingeniero Aeroespacial le capacita para el desempe\u00f1o de las siguientes funciones:<\/p>\r\n\r\n<ul>\r\n \t<li style=\"text-align: justify;\">Proyecto, comprobaci\u00f3n y ensayo t\u00e9cnico-experimental en tierra, mar y aire de los modelos y prototipos de material a\u00e9reo destinado al Estado o servicios p\u00fablicos.<\/li>\r\n \t<li style=\"text-align: justify;\">Direcci\u00f3n, organizaci\u00f3n y realizaci\u00f3n de las instalaciones experimentales oficiales para la investigaci\u00f3n del material a\u00e9reo.<\/li>\r\n \t<li style=\"text-align: justify;\">Expedici\u00f3n de certificados de navegabilidad, inspecci\u00f3n y revisiones peri\u00f3dicas o extraordinarias del material espec\u00edficamente Aeroespacial.<\/li>\r\n \t<li style=\"text-align: justify;\">Inspecci\u00f3n de la fabricaci\u00f3n en las industrias que dedican sus actividades a la construcci\u00f3n y reparaci\u00f3n del material a\u00e9reo.<\/li>\r\n \t<li style=\"text-align: justify;\">Proyecto t\u00e9cnico de conjunto y de las instalaciones especiales que se consideran esenciales. Todo ello relativo al material para las l\u00edneas a\u00e9reas, aeropuertos y aer\u00f3dromos de todas las categor\u00edas, incluyendo pistas y dispositivos de salida y llegada, obras de infraestructuras, instalaciones de balizamiento, iluminaci\u00f3n y comunicaciones.<\/li>\r\n \t<li style=\"text-align: justify;\">Proyectos t\u00e9cnicos de conjunto relativos a las instalaciones de redes, elementos y servicios de protecci\u00f3n de vuelo.<\/li>\r\n \t<li style=\"text-align: justify;\">Podr\u00e1 crear su propia empresa o ejercer libremente la profesi\u00f3n como asesor y consultor de ingenier\u00eda y tecnolog\u00eda aeroespacial. Tambi\u00e9n podr\u00e1 optar por la Administraci\u00f3n P\u00fablica (funcionario o personal laboral de la Uni\u00f3n Europea, estatal, auton\u00f3mica y local); la transferencia de tecnolog\u00eda, el desarrollo y la innovaci\u00f3n (centros p\u00fablicos o privados y departamentos de innovaci\u00f3n y desarrollo de grandes empresas), y por la docencia.<\/li>\r\n<\/ul>\r\n<\/dd>\r\n<\/dl>\r\n<h2 style=\"text-align: justify;\">M\u00c1STERES<\/h2>\r\n<p style=\"text-align: justify;\"><strong><a href=\"http:\/\/www.unileon.es\/files\/triptico_master_energias_renovables.pdf\">M\u00e1ster Universitario en Energ\u00edas Renovables<\/a><\/strong>\r\n<strong><a href=\"https:\/\/www.unileon.es\/ficheros\/estudiantes\/tripticos\/masteres\/master-universitario-en-investigacion-en-ciberseguridad20190702.pdf\">M\u00e1ster Universitario en Investigaci\u00f3n en Ciberseguridad<\/a><\/strong>\r\n<strong><a href=\"https:\/\/www.unileon.es\/ficheros\/estudiantes\/tripticos\/masteres\/master-universitario-en-incendios-forestales-ciencia-y-gestion-integral-masterfuego20190502.pdf\">M\u00e1ster Universitario en Incendios Forestales, Ciencia y Gesti\u00f3n Integral\u00a0<\/a><\/strong>\r\n<strong><a href=\"https:\/\/www.unileon.es\/ficheros\/estudiantes\/tripticos\/masteres\/master-universitario-en-produccion-en-industria-farmaceutica20190717.pdf\">M\u00e1ster Universitario en Producci\u00f3n en Industrias Farmac\u00e9uticas<\/a><\/strong>\r\n<strong><a href=\"https:\/\/www.unileon.es\/ficheros\/estudiantes\/tripticos\/masteres\/master-universitario-en-geoinformatica-para-la-gestion-de-recursos-naturales20190528.pdf\">M\u00e1ster Universitario en Geoinform\u00e1tica para la Gesti\u00f3n de Recursos Naturales<\/a><\/strong>\r\n<strong><a href=\"https:\/\/www.unileon.es\/ficheros\/estudiantes\/tripticos\/masteres\/master-universitario-en-inteligencia-de-negocio-y-big-data-en-entornos-seguros.pdf\">M\u00e1ster Universitario en Inteligencia de Negocio y Big Data en Entornos Seguros<\/a><\/strong>\r\n<strong> <a href=\"http:\/\/www.unileon.es\/files\/triptico_master_inv_cibernetica.pdf\">M\u00e1ster Universitario en Investigaci\u00f3n en Cibern\u00e9tica<\/a><\/strong>\r\n<strong> <a href=\"http:\/\/www.unileon.es\/files\/Triptico%20Master%20m3.pdf\">M\u00e1ster Universitario en Ingenier\u00eda Ac\u00fastica y Vibraciones <\/a><\/strong>\r\n<strong> <a href=\"http:\/\/www.unileon.es\/files\/triptico_master_inv_biosistemas.pdf\">M\u00e1ster Universitario en Investigaci\u00f3n en Ingenier\u00eda de Biosistemas<\/a><\/strong>\r\n<strong> <a href=\"http:\/\/www.unileon.es\/files\/Triptico%20ing%20agronomo%20FINAL.pdf\">M\u00e1ster Universitario en Ingenier\u00eda Agron\u00f3mica<\/a><\/strong>\r\n<strong> <a href=\"http:\/\/www.unileon.es\/files\/INGENIER%C3%8DA%20INDUSTRIAL.pdf\">M\u00e1ster Universitario en Ingenier\u00eda Industrial<\/a><\/strong>\r\n<strong> <a href=\"http:\/\/www.unileon.es\/files\/INGENIER%C3%8DA%20INFORM%C3%81TICA.pdf\">M\u00e1ster Universitario en Ingenier\u00eda Inform\u00e1tica<\/a><\/strong>\r\n<strong> <a href=\"http:\/\/www.unileon.es\/files\/INGENIER%C3%8DA%20AEROESPACIAL_1.pdf\">M\u00e1ster Universitario en Ingenier\u00eda Aeron\u00e1utica<\/a><a href=\"http:\/\/www.unileon.es\/files\/TRIPTICO%20MINAS%201415.pdf\">\r\nM\u00e1ster Universitario en Ingenier\u00eda Minera y de Recursos Energ\u00e9ticos<\/a><\/strong><\/p>","protected":false},"excerpt":{"rendered":"<p>SALIDAS PROFESIONALES Graduado\/a en Ingenier\u00eda Minera Si bien el futuro laboral de estos\/as Graduados\/as de Minas, puede estar condicionado por los profundos cambios que se est\u00e1n produciendo en Espa\u00f1a en todos los sectores industriales y de servicios, por la integraci\u00f3n, cada vez m\u00e1s plena, en Europa y por las corrientes de intercambio de profesionales que [&hellip;]<\/p>\n","protected":false},"author":1,"featured_media":0,"parent":0,"menu_order":0,"comment_status":"closed","ping_status":"open","template":"","meta":{"footnotes":""},"class_list":["post-68","page","type-page","status-publish","hentry"],"_links":{"self":[{"href":"https:\/\/servicios.unileon.es\/oficina-de-practicas-y-empleabilidad\/wp-json\/wp\/v2\/pages\/68","targetHints":{"allow":["GET"]}}],"collection":[{"href":"https:\/\/servicios.unileon.es\/oficina-de-practicas-y-empleabilidad\/wp-json\/wp\/v2\/pages"}],"about":[{"href":"https:\/\/servicios.unileon.es\/oficina-de-practicas-y-empleabilidad\/wp-json\/wp\/v2\/types\/page"}],"author":[{"embeddable":true,"href":"https:\/\/servicios.unileon.es\/oficina-de-practicas-y-empleabilidad\/wp-json\/wp\/v2\/users\/1"}],"replies":[{"embeddable":true,"href":"https:\/\/servicios.unileon.es\/oficina-de-practicas-y-empleabilidad\/wp-json\/wp\/v2\/comments?post=68"}],"version-history":[{"count":17,"href":"https:\/\/servicios.unileon.es\/oficina-de-practicas-y-empleabilidad\/wp-json\/wp\/v2\/pages\/68\/revisions"}],"predecessor-version":[{"id":5338,"href":"https:\/\/servicios.unileon.es\/oficina-de-practicas-y-empleabilidad\/wp-json\/wp\/v2\/pages\/68\/revisions\/5338"}],"wp:attachment":[{"href":"https:\/\/servicios.unileon.es\/oficina-de-practicas-y-empleabilidad\/wp-json\/wp\/v2\/media?parent=68"}],"curies":[{"name":"wp","href":"https:\/\/api.w.org\/{rel}","templated":true}]}}