{"id":5384,"date":"2026-01-22T20:29:04","date_gmt":"2026-01-22T19:29:04","guid":{"rendered":"https:\/\/servicios.unileon.es\/oficina-de-practicas-y-empleabilidad\/?page_id=5384"},"modified":"2026-03-06T16:56:07","modified_gmt":"2026-03-06T15:56:07","slug":"programa-campus-rural","status":"publish","type":"page","link":"https:\/\/servicios.unileon.es\/oficina-de-practicas-y-empleabilidad\/programa-campus-rural\/","title":{"rendered":"Programa Campus Rural"},"content":{"rendered":"<style>\r\n    h3 { \r\n        font-size: 18px; \r\n        border-bottom: dotted 1px #007314;   \r\n        color: #5e4f1d; \r\n        font-weight: 550;\r\n        margin-top: 50px;\r\n    }\r\n    h2 {  \r\n        font-size: 24px; \r\n        border-bottom: dotted 1px #007314;   \r\n        color: #17385e; \r\n        font-weight: 550;\r\n        margin-top: 50px;\r\n    }\r\n    h3 { \r\n        font-size: 20x; \r\n        color: #05535f; \r\n    }\r\n    h4 { \r\n        font-size: 17px; \r\n        color: #0a353c; \r\n    }\r\n<\/style>\r\n<a href=\"http:\/\/servicios.unileon.es\/oficina-de-practicas-y-empleabilidad\/files\/2026\/03\/d67ebeb7bc48c2721400ae4c9d67cd2e.jpg\"><img loading=\"lazy\" decoding=\"async\" src=\"http:\/\/servicios.unileon.es\/oficina-de-practicas-y-empleabilidad\/files\/2026\/03\/d67ebeb7bc48c2721400ae4c9d67cd2e.jpg\" alt=\"\" width=\"1795\" height=\"268\" class=\"aligncenter size-full wp-image-5507\" srcset=\"https:\/\/servicios.unileon.es\/oficina-de-practicas-y-empleabilidad\/files\/2026\/03\/d67ebeb7bc48c2721400ae4c9d67cd2e.jpg 1795w, https:\/\/servicios.unileon.es\/oficina-de-practicas-y-empleabilidad\/files\/2026\/03\/d67ebeb7bc48c2721400ae4c9d67cd2e-300x45.jpg 300w, https:\/\/servicios.unileon.es\/oficina-de-practicas-y-empleabilidad\/files\/2026\/03\/d67ebeb7bc48c2721400ae4c9d67cd2e-1024x153.jpg 1024w, https:\/\/servicios.unileon.es\/oficina-de-practicas-y-empleabilidad\/files\/2026\/03\/d67ebeb7bc48c2721400ae4c9d67cd2e-768x115.jpg 768w, https:\/\/servicios.unileon.es\/oficina-de-practicas-y-empleabilidad\/files\/2026\/03\/d67ebeb7bc48c2721400ae4c9d67cd2e-1536x229.jpg 1536w\" sizes=\"auto, (max-width: 1795px) 100vw, 1795px\" \/><\/a>\r\n<h2>2025- 2026 &#8211; PR\u00c1CTICAS ACAD\u00c9MICAS REMUNERADAS EN ENTORNOS RURALES &#8211; CONVOCATORIA CAMPUS RURAL (4\u00aa CONVOCATORIA)<\/h2>\r\n<h3><strong>Abierta convocatoria de inscripci\u00f3n a Entidades Colaboradoras<\/strong><\/h3>\r\n<h4><p>El programa  CAMPUS RURAL es una iniciativa desarrollada por el Ministerio para la Transici\u00f3n Ecol\u00f3gica y el Reto Demogr\u00e1fico (MITERD), en colaboraci\u00f3n con el Ministerio de Ciencia, Innovaci\u00f3n y Universidades, la Conferencia de Rectores de Universidades Espa\u00f1olas (CRUE) y la mayor\u00eda de las universidades espa\u00f1olas, entre ellas la UNIVERSIDAD DE LE\u00d3N.<\/p>\r\n<p>El programa tiene como objetivo contribuir al reequilibrio territorial incentivando la llegada de capital humano a los espacios m\u00e1s despoblados para dinamizar su tejido productivo, social e institucional.<\/p>\r\n<p>A trav\u00e9s de este programa, universitarios de cualquier titulaci\u00f3n oficial pueden llevar a cabo pr\u00e1cticas acad\u00e9micas en entidades (ayuntamientos, mancomunidades, asociaciones, \u2026) ubicadas en municipios de menos de 5000 habitantes (o aquellos municipios cuyo t\u00e9rmino incluya mayor poblaci\u00f3n, pero con localidades en las que se realicen las pr\u00e1cticas de menos de 5.000 habitantes).<\/p>\r\n<p>Las pr\u00e1cticas tendr\u00e1n una duraci\u00f3n m\u00ednima de dos meses y m\u00e1xima de cinco meses para cada participante, inicialmente y en funci\u00f3n de las demandas recibidas se establecer\u00e1 un periodo de referencia de 3 meses. Fecha l\u00edmite de finalizaci\u00f3n: 14 de noviembre.<\/p>\r\n<p><strong>Todas aquellas entidades colaboradores que, asentadas en estos municipios est\u00e9is interesadas en participar en este programa pod\u00e9is presentar vuestra solicitud hasta el 16 de marzo, cumplimentando el siguiente <a href=\"https:\/\/docs.google.com\/forms\/d\/e\/1FAIpQLSeM5gsF-rM-UKZCZFX7u2frq9phxguTB4r24swy2P16sNup2w\/viewform?pli=1\"target=\"_blank\">formulario.<\/a><\/strong><\/p><\/h4>\r\n<p style=\"text-align: center;\"><img decoding=\"async\" style=\"width: 200px;\" src=\"https:\/\/servicios.unileon.es\/oficina-de-practicas-y-empleabilidad\/files\/2025\/05\/campus_rural.jpg\" \/><\/p>\r\n<h2>2024- 2025 &#8211; CONVOCATORIA CAMPUS RURAL (3\u00aa CONVOCATORIA)<\/h2>\r\n<h3>Se convocan 24 becas para participar en la IV edici\u00f3n del Programa Campus Rural<\/h3>\r\n<p>El Programa Campus Rural es una iniciativa desarrollada por el Ministerio para la Transici\u00f3n Ecol\u00f3gica y el Reto Demogr\u00e1fico (MITERD), en colaboraci\u00f3n con el Ministerio de Ciencia, Innovaci\u00f3n y Universidades, la Conferencia de Rectores de Universidades Espa\u00f1olas (CRUE) y la mayor\u00eda de Universidades p\u00fablicas espa\u00f1olas, que permite que estudiantes universitarios puedan llevar a cabo pr\u00e1cticas acad\u00e9micas en municipios de zonas rurales con problemas de despoblaci\u00f3n.<\/p>\r\n<p>Las pr\u00e1cticas se realizan en entidades cuyas dependencias o actividades est\u00e9n ubicadas en zonas con riesgo de despoblaci\u00f3n, ya se trate de ayuntamientos, mancomunidades y otros organismos p\u00fablicos, as\u00ed como empresas, asociaciones, c\u00e1maras de comercio y fundaciones sin \u00e1nimo lucro cuya actividad se desarrolle en dichos territorios.<\/p>\r\n<ul>\r\n    \r\n\t\r\n\t<li><a href=\"https:\/\/servicios.unileon.es\/oficina-de-practicas-y-empleabilidad\/files\/2025\/05\/convocatoria_campus_rural2025.pdf\">Enlace a la Convocatoria<\/a><\/li>\r\n\r\n\r\n    \r\n\t\r\n\t<li><a href=\"https:\/\/servicios.unileon.es\/oficina-de-practicas-y-empleabilidad\/files\/2025\/05\/admitidos_provisional_convocatoria_campus_rural20250526.pdf\">Relaci\u00f3n Provisional de Admitidos y excluidos (26\/05\/2025)<\/a><\/li>\r\n\r\n\r\n    \r\n\t\r\n\t<li><a href=\"https:\/\/servicios.unileon.es\/oficina-de-practicas-y-empleabilidad\/files\/2025\/06\/admitidos_definitiva_convocatoria_campus_rural20250602.pdf\">Relaci\u00f3n Definitiva de Admitidos y excluidos (02\/06\/2025)<\/a><\/li>\r\n\r\n\r\n    \r\n\t\r\n\t<li><a href=\"https:\/\/servicios.unileon.es\/oficina-de-practicas-y-empleabilidad\/files\/2025\/06\/resolucion_provisional_convocatoria_campus_rural20250606.pdf\">Resoluci\u00f3n Provisional (06\/06\/2025)<\/a><\/li>\r\n\r\n\r\n    \r\n\t\r\n\t<li><a href=\"https:\/\/servicios.unileon.es\/oficina-de-practicas-y-empleabilidad\/files\/2025\/06\/resolucion_definitiva_convocatoria_campus_rural20250613.pdf\">Resoluci\u00f3n definitiva beneficiarios Campus Rural 2025 (13\/06\/2025)<\/a><\/li>\r\n\r\n\r\n    \r\n\t\r\n\t<li><strong><a href=\"https:\/\/servicios.unileon.es\/oficina-de-practicas-y-empleabilidad\/files\/2025\/06\/resolucion_definitiva_convocatoria_campus_rural_cerror20250618.pdf\">Correcci\u00f3n de errores (18\/06\/2025)<\/a><\/strong><\/li>\r\n<\/ul>\r\n<p><strong>Caracter\u00edsticas de las ofertas<\/strong><\/p>\r\n<ul>\r\n    \r\n\t\r\n\t<li>Beca o ayuda al estudio de <strong>1.000 euros brutos mensuales<\/strong>.<\/li>\r\n\r\n\r\n    \r\n\t\r\n\t<li>Duraci\u00f3n preferente de 3 meses, entre el 15 de junio y el 15 de septiembre de 2025 (duraci\u00f3n m\u00ednima, 2 meses). Excepcionalmente, y en funci\u00f3n de la disponibilidad, se podr\u00e1n ampliar hasta un m\u00e1ximo de 5 meses.<\/li>\r\n\r\n\r\n    \r\n\t\r\n\t<li>Realizadas en municipios de menos de 5.000 habitantes con problemas de despoblaci\u00f3n de cualquier comunidad aut\u00f3noma.<\/li>\r\n\r\n\r\n    \r\n\t\r\n\t<li><strong>Alojamiento:<\/strong> Durante la realizaci\u00f3n de las pr\u00e1cticas, el estudiante debe alojarse en el municipio donde realice la misma o, en el caso de que no fuera posible, en otro municipio que se encuentre a menos de 20 km de distancia, siempre que tenga menos de 5000 habitantes. El estudiante firmar\u00e1 una Declaraci\u00f3n Responsable de esta circunstancia. En las propuestas de pr\u00e1cticas se indicar\u00e1n aquellas ofertas que ofrezcan alojamiento gratuito.<\/li>\r\n<\/ul>\r\n<p><strong>Requisitos<\/strong><\/p>\r\n<ul>\r\n    \r\n\t\r\n\t<li>Ser estudiante de Grado (en este caso, deber\u00e1 tener superado el 50% de los cr\u00e9ditos de la titulaci\u00f3n para la que solicita la pr\u00e1ctica) o M\u00e1ster oficial de la ULE y que, durante la realizaci\u00f3n de las pr\u00e1cticas, no finalice sus estudios.<\/li>\r\n\r\n\r\n    \r\n\t\r\n\t<li>Cumplir con los requisitos establecidos en el Reglamento de Pr\u00e1cticas de la ULE para la realizaci\u00f3n de pr\u00e1cticas acad\u00e9micas externas y el resto de las establecidas en la convocatoria.<\/li>\r\n<\/ul>\r\n<p>En cada oferta de pr\u00e1cticas, se indican las titulaciones o estudios a los que van dirigidas las pr\u00e1cticas. Por tanto, solo podr\u00e1n solicitarlas los estudiantes que cursen los estudios de Grado o Master Oficial que se indican en cada oferta.<\/p>\r\n<p><strong>\u00bfD\u00f3nde puedes encontrar las ofertas de pr\u00e1cticas?<\/strong><\/p>\r\n<ul>\r\n    \r\n\t\r\n\t<li>En el siguiente listado de entidades ofertadas por la ULE<\/li>\r\n\r\n\r\n    \r\n\t\r\n\t<li>En la plataforma Ruralink habilitada por el Ministerio para la Transici\u00f3n Ecol\u00f3gica y el Reto Demogr\u00e1fico<\/li>\r\n<\/ul>\r\n<p><strong>\u00bfD\u00f3nde puedes encontrar las ofertas de pr\u00e1cticas?<\/strong><\/p>\r\n<ul>\r\n    \r\n\t\r\n\t<li><a href=\"https:\/\/servicios.unileon.es\/oficina-de-practicas-y-empleabilidad\/files\/2025\/05\/listado_ofertas_practicas_campus_rural2025.pdf\">En el siguiente listado de entidades ofertadas por la ULE<\/a><\/li>\r\n\r\n\r\n    \r\n\t\r\n\t<li><a href=\"https:\/\/campusruralink.es\/practicas\">En la plataforma Ruralink habilitada por el Ministerio para la Transici\u00f3n Ecol\u00f3gica y el Reto Demogr\u00e1fico<\/a><\/li>\r\n<\/ul>\r\n<p><strong>Solicitudes y Documentaci\u00f3n<\/strong><\/p>\r\n<ul>\r\n    \r\n\t\r\n\t<li><strong>Plazo de solicitud: del 13 de mayo abril al 20 de mayo de 2025.<\/strong><\/li>\r\n\r\n\r\n    \r\n\t\r\n\t<li><strong>La documentaci\u00f3n a presentar es la siguiente:<\/strong>\r\n<ul>\r\n    \r\n\t\r\n\t<li>Modelo de Instancia\r\n\r\n\r\n\r\n<ul>\r\n    \r\n\t\r\n\t<li><a href=\"https:\/\/servicios.unileon.es\/oficina-de-practicas-y-empleabilidad\/files\/2025\/05\/anexo1_instancia_campus_rural2025.docx\">Descargar modelo en word<\/a><\/li>\r\n\r\n\r\n    \r\n\t\r\n\t<li><a href=\"https:\/\/servicios.unileon.es\/oficina-de-practicas-y-empleabilidad\/files\/2025\/05\/anexo1_instancia_campus_rural2025.pdf\">Descargar modelo en pdf<\/a><\/li>\r\n<\/ul>\r\n<\/li>\r\n\r\n\r\n    \r\n\t\r\n\t<li>Copia del DNI o pasaporte (en caso de nacional de un pa\u00eds extracomunitario, permiso de residencia vigente en Espa\u00f1a)<\/li>\r\n\r\n\r\n    \r\n\t\r\n\t<li>Nota media del expediente acad\u00e9mico<\/li>\r\n\r\n\r\n    \r\n\t\r\n\t<li><a href=\"https:\/\/servicios.unileon.es\/oficina-de-practicas-y-empleabilidad\/files\/2025\/05\/declaracion_responsable_campus_rural2025nw.docx\">Declaraci\u00f3n responsable de residencia<\/a><\/li>\r\n<\/ul>\r\n<\/li>\r\n<\/ul>\r\n<p>La documentaci\u00f3n se presentar\u00e1 en el Registro de la Universidad de Le\u00f3n o en las formas previstas por la Ley 39\/2015, de 1 de octubre, del Procedimiento Administrativo Com\u00fan de las Administraciones P\u00fablicas.<\/p>\r\n<p>Cada estudiante podr\u00e1 seleccionar, de forma priorizada, hasta un m\u00e1ximo de 4 ofertas.<\/p>\r\n<p>Dado que estas entidades se ofertan a m\u00e1s universidades, la adjudicaci\u00f3n definitiva de una beca estar\u00e1 condicionada a la disponibilidad de la oferta en el momento de la resoluci\u00f3n.<\/p>\r\n<p><strong>Criterios de valoraci\u00f3n:<\/strong><\/p>\r\n<ul>\r\n    \r\n\t\r\n\t<li>Nota media del expediente: 10 puntos.<\/li>\r\n\r\n\r\n    \r\n\t\r\n\t<li>Adecuaci\u00f3n al perfil demandado por las entidades de la pr\u00e1ctica: 10 puntos.<\/li>\r\n<\/ul>\r\n<p>En caso de empate, se tendr\u00e1n en cuenta, por orden, los siguientes criterios:<\/p>\r\n<ul>\r\n    \r\n\t\r\n\t<li>Titulaci\u00f3n con menor representaci\u00f3n en las solicitudes a las que se asignar\u00eda una pr\u00e1ctica.<\/li>\r\n\r\n\r\n    \r\n\t\r\n\t<li>Mayor n\u00famero de cr\u00e9ditos superados en el momento de finalizaci\u00f3n del plazo de presentaci\u00f3n de solicitudes.<\/li>\r\n\r\n\r\n    \r\n\t\r\n\t<li>Haber seleccionado una oferta en una entidad que no est\u00e9 ubicada en la provincia de Le\u00f3n.<\/li>\r\n<\/ul>\r\n<p>La selecci\u00f3n de estudiantes se realizar\u00e1 de forma equitativa entre estudiantes de las ramas de Ciencias Sociales, Jur\u00eddicas y Humanidades y las ramas de Ciencias, Ciencias de la Salud e Ingenier\u00edas. En caso de resultar vacantes plazas en alguno de los grupos, estas se asignar\u00e1n a estudiantes de titulaciones del otro grupo.<\/p>\r\n<p><a href=\"https:\/\/www.miteco.gob.es\/es\/reto-demografico\/temas\/campus_rural.html\"><strong>Enlace a la p\u00e1gina Web de Campus Rural<\/strong><\/a><\/p>\r\n<p>&nbsp;<\/p>\r\n\r\n\r\n\r\n<h2>2023-2024 CONVOCATORIA CAMPUS RURAL (1\u00aa Edici\u00f3n)<\/h2>\r\n<h3>(2\u00aa CONVOCATORIA)<\/h3>\r\n<p style=\"text-align: justify;\">Desde el Vicerrectorado de Estudiantes y Empleo se ha convocado 4 becas (de dos meses de duraci\u00f3n cada una) para la realizaci\u00f3n del Programa Campus Rural de pr\u00e1cticas universitarias en el medio rural para el curso 2023\/2024.<\/p>\r\n<p style=\"text-align: justify;\">Se adjunta la convocatoria en la que podr\u00e9is acceder al siguiente enlace para cumplimentar el formulario de solicitud:<\/p>\r\n<p style=\"text-align: justify;\"><a href=\"https:\/\/docs.google.com\/forms\/d\/1z2KXT_eO1pmQFXGkNfH0TeTpbRw4RzkKH1ajA5A4bEs\/edit?pli=1\">https:\/\/docs.google.com\/forms\/d\/1z2KXT_eO1pmQFXGkNfH0TeTpbRw4RzkKH1ajA5A4bEs\/edit?pli=1<\/a><\/p>\r\n<p style=\"text-align: justify;\">Asimismo, se adjunta el Anexo I d\u00f3nde se especifican las pr\u00e1cticas ofertadas y sus caracter\u00edsticas, junto a la segunda convocatoria de dichas becas:<\/p>\r\n<p><a href=\"https:\/\/servicios.unileon.es\/oficina-de-practicas-y-empleabilidad\/files\/2024\/05\/1-Convocatoria-Estudiantes-CAMPUS-RURAL-2023-2024-2a-Convocatoria.signed.pdf\">1-Convocatoria Estudiantes CAMPUS RURAL 2023-2024 (2\u00aa Convocatoria).signed<\/a><\/p>\r\n<p style=\"text-align: justify;\"><a href=\"https:\/\/servicios.unileon.es\/oficina-de-practicas-y-empleabilidad\/files\/2024\/05\/Anexo-I.-2024_Listado-de-empresas-y-entidades-CAMPUS-RURAL-2a-Convocatoria-2.pdf\">Anexo I. 2024_Listado de empresas y entidades CAMPUS RURAL (2\u00aa Convocatoria)<\/a><\/p>\r\n<p style=\"text-align: justify;\"><strong>IMPORTANTE:<\/strong> el plazo para presentar solicitudes finaliza el 30 de mayo de 2024 (a las 12 horas).<\/p>\r\n<p>&nbsp;<\/p>\r\n<h3>(1\u00aa CONVOCATORIA)<\/h3>\r\n<p style=\"text-align: justify;\">El Vicerrectorado de Estudiantes y Empleo ha convocado 24 becas para la realizaci\u00f3n del Programa Campus Rural de pr\u00e1cticas universitarias en el medio rural para el curso 2023\/2024.<\/p>\r\n<p style=\"text-align: justify;\">Se adjunta la convocatoria en la que podr\u00e9is acceder al enlace para cumplimentar el formulario de solicitud (<a href=\"https:\/\/forms.gle\/EJfY17cvEATp63eY9\" target=\"_blank\" rel=\"noopener\" data-saferedirecturl=\"https:\/\/www.google.com\/url?q=https:\/\/forms.gle\/EJfY17cvEATp63eY9&amp;source=gmail&amp;ust=1713337229310000&amp;usg=AOvVaw0BnHDYgj9N7cYPvE7fXHss\">https:\/\/forms.gle\/<wbr \/>EJfY17cvEATp63eY9<\/a>) as\u00ed como el anexo I d\u00f3nde se especifican las pr\u00e1cticas ofertadas y sus caracter\u00edsticas.<\/p>\r\n<p style=\"text-align: justify;\">El plazo para presentar solicitudes finaliza el 22 de abril de 2023.<\/p>\r\n<p><a href=\"https:\/\/servicios.unileon.es\/oficina-de-practicas-y-empleabilidad\/files\/2024\/04\/Convocatoria_estudiantes_CAMPUS_RURAL_2023-2024.pdf\">Convocatoria_estudiantes_CAMPUS_RURAL_2023-2024<\/a><\/p>\r\n<p><a href=\"https:\/\/servicios.unileon.es\/oficina-de-practicas-y-empleabilidad\/files\/2024\/04\/ANEXO_I-Listado_empresas_y_entidades_CAMPUS_RURAL_Curso_2023-2024.pdf\">ANEXO_I-Listado_empresas_y_entidades_CAMPUS_RURAL_Curso_2023-2024<\/a><\/p>\r\n<h4> RESOLUCI\u00d3N DEFINITIVA CONVOCATORIA CAMPUS RURAL 2023-2024<\/h4>\r\n<p><a href=\"https:\/\/servicios.unileon.es\/oficina-de-practicas-y-empleabilidad\/files\/2024\/05\/Resolucion_Definitiva_Becas_Programa_CAMPUS_RURAL-Curso_2023-24-copia.pdf\"><b>Resolucion_Definitiva_Becas_Programa_CAMPUS_RURAL-Curso_2023-24 &#8211; copia<\/b><\/a><\/p>\r\n<p>&nbsp;<\/p>\r\n<p>&nbsp;<\/p>\r\n\r\n<p>&nbsp;<\/p>","protected":false},"excerpt":{"rendered":"<p>2025- 2026 &#8211; PR\u00c1CTICAS ACAD\u00c9MICAS REMUNERADAS EN ENTORNOS RURALES &#8211; CONVOCATORIA CAMPUS RURAL (4\u00aa CONVOCATORIA) Abierta convocatoria de inscripci\u00f3n a Entidades Colaboradoras El programa CAMPUS RURAL es una iniciativa desarrollada por el Ministerio para la Transici\u00f3n Ecol\u00f3gica y el Reto Demogr\u00e1fico (MITERD), en colaboraci\u00f3n con el Ministerio de Ciencia, Innovaci\u00f3n y Universidades, la Conferencia de [&hellip;]<\/p>\n","protected":false},"author":13,"featured_media":0,"parent":0,"menu_order":0,"comment_status":"closed","ping_status":"closed","template":"","meta":{"footnotes":""},"class_list":["post-5384","page","type-page","status-publish","hentry"],"_links":{"self":[{"href":"https:\/\/servicios.unileon.es\/oficina-de-practicas-y-empleabilidad\/wp-json\/wp\/v2\/pages\/5384","targetHints":{"allow":["GET"]}}],"collection":[{"href":"https:\/\/servicios.unileon.es\/oficina-de-practicas-y-empleabilidad\/wp-json\/wp\/v2\/pages"}],"about":[{"href":"https:\/\/servicios.unileon.es\/oficina-de-practicas-y-empleabilidad\/wp-json\/wp\/v2\/types\/page"}],"author":[{"embeddable":true,"href":"https:\/\/servicios.unileon.es\/oficina-de-practicas-y-empleabilidad\/wp-json\/wp\/v2\/users\/13"}],"replies":[{"embeddable":true,"href":"https:\/\/servicios.unileon.es\/oficina-de-practicas-y-empleabilidad\/wp-json\/wp\/v2\/comments?post=5384"}],"version-history":[{"count":8,"href":"https:\/\/servicios.unileon.es\/oficina-de-practicas-y-empleabilidad\/wp-json\/wp\/v2\/pages\/5384\/revisions"}],"predecessor-version":[{"id":5511,"href":"https:\/\/servicios.unileon.es\/oficina-de-practicas-y-empleabilidad\/wp-json\/wp\/v2\/pages\/5384\/revisions\/5511"}],"wp:attachment":[{"href":"https:\/\/servicios.unileon.es\/oficina-de-practicas-y-empleabilidad\/wp-json\/wp\/v2\/media?parent=5384"}],"curies":[{"name":"wp","href":"https:\/\/api.w.org\/{rel}","templated":true}]}}