{"id":5334,"date":"2026-01-20T21:34:37","date_gmt":"2026-01-20T20:34:37","guid":{"rendered":"https:\/\/servicios.unileon.es\/oficina-de-practicas-y-empleabilidad\/?page_id=5334"},"modified":"2026-01-20T21:46:15","modified_gmt":"2026-01-20T20:46:15","slug":"emision-de-certificados-fin-de-practicas","status":"publish","type":"page","link":"https:\/\/servicios.unileon.es\/oficina-de-practicas-y-empleabilidad\/emision-de-certificados-fin-de-practicas\/","title":{"rendered":"Emision de certificados Fin de Pr\u00e1cticas"},"content":{"rendered":"<style>\r\n    h3 { \r\n        font-size: 25px; \r\n        color: #0b6037; \r\n    }\r\n    h2 { \r\n        font-size: 22px; \r\n        border-bottom: dotted 1px #007314;   \r\n        color: #17385e; \r\n        font-weight: 550;\r\n        margin-top: 50px;\r\n    }\r\n    h4 { \r\n        font-size: 17px; \r\n        color: #2d494d; \r\n    }\r\n\r\n.faq-item {\r\n  border: 1px solid #e0e0e0;\r\n  border-radius: 2px;\r\n  margin-bottom: 10px;\r\n  background-color: #fff;\r\n}\r\n\r\n.faq-question {\r\n  font-weight: 600;\r\n  font-size: 2.20 rem;\r\n  color: #2e7d32;\r\n  padding: 4px 5px;\r\n  cursor: pointer;\r\n  list-style: none;\r\n  position: relative;\r\n}\r\n\r\n.faq-question::-webkit-details-marker {\r\n  display: none;\r\n}\r\n\r\n.faq-question::after {\r\n  content: \"\u25be\";\r\n  position: absolute;\r\n  right: 20px;\r\n  font-size: 2.2rem;\r\n  transition: transform 0.2s ease;\r\n}\r\n\r\n.faq-item[open] .faq-question::after {\r\n  transform: rotate(180deg);\r\n<\/style>\r\n\r\n<h4>\r\n<p>El procedimiento de emisi\u00f3n y descarga de certificados de fin de pr\u00e1cticas se inicia una vez finalizado el periodo de pr\u00e1cticas extracurriculares. <\/p>\r\n<p>El tutor o tutora de la empresa, o el propio estudiante, debe entregar en la Oficina de Pr\u00e1cticas y Empleabilidad (OPE) el Modelo de Notificaci\u00f3n de Finalizaci\u00f3n de Pr\u00e1cticas (OPE_0801), debidamente cumplimentado y firmado por el propio tutor o tutora <\/p>\r\n<p>El personal de la OPE verifica y coteja la informaci\u00f3n contenida en dicho modelo con los datos registrados en la plataforma de gesti\u00f3n DOTIA, procediendo, en su caso, a la revisi\u00f3n o generaci\u00f3n de los certificados correspondientes. <\/p>\r\n<p>Posteriormente, los certificados son remitidos a la Vicerrectora de Emprendimiento, Empleabilidad y Formaci\u00f3n Permanente para su firma.<\/p>\r\n<p>Una vez firmados, se notifica electr\u00f3nicamente al estudiante, quedando los certificados disponibles para su descarga tanto por el estudiante como por el tutor o tutora de la entidad colaboradora <\/p>\r\n<\/h4>\r\n<a href=\"http:\/\/servicios.unileon.es\/oficina-de-practicas-y-empleabilidad\/files\/2026\/01\/Prc_Cert_Fin_Practicas.jpg\"><img loading=\"lazy\" decoding=\"async\" src=\"http:\/\/servicios.unileon.es\/oficina-de-practicas-y-empleabilidad\/files\/2026\/01\/Prc_Cert_Fin_Practicas.jpg\" alt=\"\" width=\"768\" height=\"857\" class=\"aligncenter size-full wp-image-5367\" srcset=\"https:\/\/servicios.unileon.es\/oficina-de-practicas-y-empleabilidad\/files\/2026\/01\/Prc_Cert_Fin_Practicas.jpg 768w, https:\/\/servicios.unileon.es\/oficina-de-practicas-y-empleabilidad\/files\/2026\/01\/Prc_Cert_Fin_Practicas-269x300.jpg 269w\" sizes=\"auto, (max-width: 768px) 100vw, 768px\" \/><\/a>\r\n\r\n<h3>Descarga del Protocolo completo<\/h3>\r\n<a href=\"http:\/\/servicios.unileon.es\/oficina-de-practicas-y-empleabilidad\/files\/2026\/01\/Protocolo_Certificados_Fin_Practicas.pdf\" target=\"_blank\">Protocolo_Certificados_Fin_Practicas<\/a>\r\n<p>&nbsp;<\/p>\r\n<h3>Documentos<\/h3>\r\n<ul>\r\n<li><a href=\"https:\/\/servicios.unileon.es\/oficina-de-practicas-y-empleabilidad\/files\/2025\/07\/modelo_de_certificado_de_final_de_practicas_20250730.docx\" target=\"_blank\">OPE_0801. Modelo de Notificaci\u00f3n de Finalizaci\u00f3n de Pr\u00e1cticas<\/a><\/li>\r\n<li><a href=\"#\"\">Modelo de Certificado de Final de Pr\u00e1cticas<\/a><\/li>\r\n<\/ul>\r\n\r\n","protected":false},"excerpt":{"rendered":"<p>El procedimiento de emisi\u00f3n y descarga de certificados de fin de pr\u00e1cticas se inicia una vez finalizado el periodo de pr\u00e1cticas extracurriculares. El tutor o tutora de la empresa, o el propio estudiante, debe entregar en la Oficina de Pr\u00e1cticas y Empleabilidad (OPE) el Modelo de Notificaci\u00f3n de Finalizaci\u00f3n de Pr\u00e1cticas (OPE_0801), debidamente cumplimentado y [&hellip;]<\/p>\n","protected":false},"author":13,"featured_media":0,"parent":0,"menu_order":0,"comment_status":"closed","ping_status":"closed","template":"","meta":{"footnotes":""},"class_list":["post-5334","page","type-page","status-publish","hentry"],"_links":{"self":[{"href":"https:\/\/servicios.unileon.es\/oficina-de-practicas-y-empleabilidad\/wp-json\/wp\/v2\/pages\/5334","targetHints":{"allow":["GET"]}}],"collection":[{"href":"https:\/\/servicios.unileon.es\/oficina-de-practicas-y-empleabilidad\/wp-json\/wp\/v2\/pages"}],"about":[{"href":"https:\/\/servicios.unileon.es\/oficina-de-practicas-y-empleabilidad\/wp-json\/wp\/v2\/types\/page"}],"author":[{"embeddable":true,"href":"https:\/\/servicios.unileon.es\/oficina-de-practicas-y-empleabilidad\/wp-json\/wp\/v2\/users\/13"}],"replies":[{"embeddable":true,"href":"https:\/\/servicios.unileon.es\/oficina-de-practicas-y-empleabilidad\/wp-json\/wp\/v2\/comments?post=5334"}],"version-history":[{"count":24,"href":"https:\/\/servicios.unileon.es\/oficina-de-practicas-y-empleabilidad\/wp-json\/wp\/v2\/pages\/5334\/revisions"}],"predecessor-version":[{"id":5451,"href":"https:\/\/servicios.unileon.es\/oficina-de-practicas-y-empleabilidad\/wp-json\/wp\/v2\/pages\/5334\/revisions\/5451"}],"wp:attachment":[{"href":"https:\/\/servicios.unileon.es\/oficina-de-practicas-y-empleabilidad\/wp-json\/wp\/v2\/media?parent=5334"}],"curies":[{"name":"wp","href":"https:\/\/api.w.org\/{rel}","templated":true}]}}