{"id":5288,"date":"2026-01-03T21:54:36","date_gmt":"2026-01-03T20:54:36","guid":{"rendered":"https:\/\/servicios.unileon.es\/oficina-de-practicas-y-empleabilidad\/?page_id=5288"},"modified":"2026-04-12T19:45:25","modified_gmt":"2026-04-12T18:45:25","slug":"soy-estudiante","status":"publish","type":"page","link":"https:\/\/servicios.unileon.es\/oficina-de-practicas-y-empleabilidad\/soy-estudiante\/","title":{"rendered":"Soy Estudiante"},"content":{"rendered":"<style>\r\n    .caracteristicas { \r\n        font-size: 16px;     \r\n        color: #102742;\r\n    } \r\n   h3 { \r\n        font-size: 26px; \r\n        border-bottom: dotted 1px #007314;   \r\n        color: #5e4f1d; \r\n        font-weight: 550;\r\n        margin-top: 50px;\r\n    }\r\nh2 { font-size: 22px; border-bottom: dotted 1px #007314; color: #17385e; font-weight: 550; margin-top: 50px; }\r\nh5 {  \r\n  font-size: 16px;     \r\n  color: #102742;\r\n    border-bottom: dotted 1px #007314;   \r\n    margin-left: 20px; \/*  sangr\u00eda *\/\r\n}\r\n    h4 { \r\n        font-size: 17px; \r\n        color: #17385e; \r\n    }\r\n<\/style>\r\n<h2><center>PR\u00c1CTICAS EXTRACURRICULARES<\/center><\/h2>\r\n<h4>Desde la <a href=\"https:\/\/servicios.unileon.es\/oficina-de-practicas-y-empleabilidad\/inicio\/\"> Oficina de Pr\u00e1cticas y Empleabilidad (OPE)<\/a>, se gestionan las <b>pr\u00e1cticas EXTRACURRICULARES<\/b>.<p> Si lo que necesitas es informaci\u00f3n sobre las <b>pr\u00e1cticas curriculares <\/b> (asignaturas de tu plan de estudios) ponte en contacto con la persona responsable en tu facultad o escuela.<\/p><\/h4>\r\n\r\n\r\n<h2>\u00bfQu\u00e9 finalidad tienen?<\/h2>\r\n<p class=\"caracteristicas\">Potenciar que los estudiantes apliqu\u00e9is y complement\u00e9is los conocimientos adquiridos en vuestra formaci\u00f3n acad\u00e9mica, favoreciendo la adquisici\u00f3n de competencias que os preparen para el ejercicio de actividades profesionales, facilitando vuestra empleabilidad y fomentando vuestra capacidad de emprendimiento.<\/p>\r\n\r\n\r\n<h2>\u00bfQu\u00e9 caracter\u00edsticas tienen?<\/h2>\r\n<ul class=\"caracteristicas\">\r\n<li>Pod\u00e9is realizar Pr\u00e1cticas Extracurriculares aquellos estudiantes de la Universidad de Le\u00f3n que hay\u00e1is superado el 50 % de los ECTS de su plan de estudios.<\/li>\r\n<li>Necesitas estar matriculado en la titulaci\u00f3n para la que se oferta la pr\u00e1ctica extracurricular a la que postulas<\/li>\r\n<li>Estas pr\u00e1cticas se realizan durante todo el curso acad\u00e9mico con una duraci\u00f3n m\u00e1xima de 750 horas por curso acad\u00e9mico<\/li>\r\n<li>La Universidad o la entidad colaboradora cotizar\u00e1 por ti durante el periodo en el cual desarrolles la pr\u00e1ctica<\/li>\r\n<li>En ning\u00fan caso las pr\u00e1cticas acad\u00e9micas supondr\u00e1n la existencia de v\u00ednculo laboral alguno entre la empresa o entidad y el estudiante.<\/li>\r\n<li>La Universidad de Le\u00f3n suscribe una p\u00f3liza de seguro de responsabilidad civil que cubre a los estudiantes en pr\u00e1cticas.<\/li>\r\n<\/ul>\r\n<p class=\"caracteristicas\">Tened en cuenta que, deb\u00e9is de registraros en la Plataforma DOTIA de Gesti\u00f3n de Pr\u00e1cticas y mantener vuestro CV actualizado.<\/p>\r\n\r\n<h2>\u00bfQu\u00e9 dos opciones o modalidades tengo para solicitar una pr\u00e1ctica?<\/h2>\r\n<p class=\"caracteristicas\">Pod\u00e9is optar a una pr\u00e1ctica por cualquiera de estas dos modalidades:<\/p>\r\n<p class=\"caracteristicas\">a) <b>Modalidad de OFERTA<\/b> <\/p>\r\n<h5>En este este caso, podr\u00e1s consultar e inscribirte desde tu perfil de Dotia en la oferta que una entidad colaboradora haya realizado para tu titulaci\u00f3n (Ver en <a href=\"https:\/\/servicios.unileon.es\/oficina-de-practicas-y-empleabilidad\/files\/2024\/02\/dotia_manual_estudiantes.pdf\" target=\"_blank\" rel=\"noopener noreferrer\">Manual, 3. INSCRIBIRME EN OFERTAS DE PR\u00c1CTICAS<\/a>). Una vez que la entidad haya realizado el proceso de selecci\u00f3n, te llegar\u00e1 un correo indicando si has sido seleccionado\/a.<\/p><\/h5>\r\n\r\n<p class=\"caracteristicas\">b) <b>Modalidad de Propuesta<\/b>: Esta modalidad es com\u00fan cuando la pr\u00e1ctica surge por iniciativa personal del estudiante o por contactos previos.<\/p>\r\n<h5>Tambi\u00e9n podr\u00e1s gestionar directamente t\u00fa una pr\u00e1ctica con una entidad (<b>PROPUESTA<\/b>). En este caso, no habr\u00e1 proceso de selecci\u00f3n, ya que, si cumples los requisitos oficiales, ser\u00e1s directamente el beneficiario (Ver en <a href=\"https:\/\/servicios.unileon.es\/oficina-de-practicas-y-empleabilidad\/files\/2024\/02\/dotia_manual_estudiantes.pdf\" target=\"_blank\" rel=\"noopener noreferrer\">Manual, 4. PROPUESTA DE PR\u00c1CTICAS<\/a>).<\/h5>\r\n\r\n\r\n\r\n\r\n","protected":false},"excerpt":{"rendered":"<p>PR\u00c1CTICAS EXTRACURRICULARES Desde la Oficina de Pr\u00e1cticas y Empleabilidad (OPE), se gestionan las pr\u00e1cticas EXTRACURRICULARES. Si lo que necesitas es informaci\u00f3n sobre las pr\u00e1cticas curriculares (asignaturas de tu plan de estudios) ponte en contacto con la persona responsable en tu facultad o escuela. \u00bfQu\u00e9 finalidad tienen? Potenciar que los estudiantes apliqu\u00e9is y complement\u00e9is los conocimientos [&hellip;]<\/p>\n","protected":false},"author":13,"featured_media":0,"parent":0,"menu_order":0,"comment_status":"closed","ping_status":"closed","template":"","meta":{"footnotes":""},"class_list":["post-5288","page","type-page","status-publish","hentry"],"_links":{"self":[{"href":"https:\/\/servicios.unileon.es\/oficina-de-practicas-y-empleabilidad\/wp-json\/wp\/v2\/pages\/5288","targetHints":{"allow":["GET"]}}],"collection":[{"href":"https:\/\/servicios.unileon.es\/oficina-de-practicas-y-empleabilidad\/wp-json\/wp\/v2\/pages"}],"about":[{"href":"https:\/\/servicios.unileon.es\/oficina-de-practicas-y-empleabilidad\/wp-json\/wp\/v2\/types\/page"}],"author":[{"embeddable":true,"href":"https:\/\/servicios.unileon.es\/oficina-de-practicas-y-empleabilidad\/wp-json\/wp\/v2\/users\/13"}],"replies":[{"embeddable":true,"href":"https:\/\/servicios.unileon.es\/oficina-de-practicas-y-empleabilidad\/wp-json\/wp\/v2\/comments?post=5288"}],"version-history":[{"count":18,"href":"https:\/\/servicios.unileon.es\/oficina-de-practicas-y-empleabilidad\/wp-json\/wp\/v2\/pages\/5288\/revisions"}],"predecessor-version":[{"id":5544,"href":"https:\/\/servicios.unileon.es\/oficina-de-practicas-y-empleabilidad\/wp-json\/wp\/v2\/pages\/5288\/revisions\/5544"}],"wp:attachment":[{"href":"https:\/\/servicios.unileon.es\/oficina-de-practicas-y-empleabilidad\/wp-json\/wp\/v2\/media?parent=5288"}],"curies":[{"name":"wp","href":"https:\/\/api.w.org\/{rel}","templated":true}]}}