{"id":5220,"date":"2025-12-24T17:48:51","date_gmt":"2025-12-24T16:48:51","guid":{"rendered":"https:\/\/servicios.unileon.es\/oficina-de-practicas-y-empleabilidad\/?page_id=5220"},"modified":"2026-01-07T19:08:11","modified_gmt":"2026-01-07T18:08:11","slug":"preguntas-frecuentes-2","status":"publish","type":"page","link":"https:\/\/servicios.unileon.es\/oficina-de-practicas-y-empleabilidad\/preguntas-frecuentes-2\/","title":{"rendered":"Preguntas frecuentes"},"content":{"rendered":"<style>\r\n.faq-item {\r\n  border: 1px solid #e0e0e0;\r\n  border-radius: 2px;\r\n  margin-bottom: 10px;\r\n  background-color: #fff;\r\n}\r\n\r\n.faq-question {\r\n  font-weight: 400;\r\n  font-size: 1.86 rem;\r\n  color: #2e7d32;\r\n  padding: 4px 5px;\r\n  cursor: pointer;\r\n  list-style: none;\r\n  position: relative;\r\n}\r\n\r\n.faq-question::-webkit-details-marker {\r\n  display: none;\r\n}\r\n\r\n.faq-question::after {\r\n  content: \"\u25be\";\r\n  position: absolute;\r\n  right: 20px;\r\n  font-size: 2.2rem;\r\n  transition: transform 0.2s ease;\r\n}\r\n\r\n.faq-item[open] .faq-question::after {\r\n  transform: rotate(180deg);\r\n}\r\n\r\n.faq-answer {\r\n  padding: 0 20px 18px 20px;\r\n  font-size: 1.45rem;\r\n  line-height: 1.6;\r\n  color: #555;\r\n  border-top: 1px solid #f0f0f0;\r\n}\r\n<\/style>\r\n\r\n<details class=\"faq-item\">\r\n  <summary class=\"faq-question\">\r\n    \u00bfC\u00f3mo puedo <b>solicitar <\/b> una pr\u00e1ctica extracurricular?\r\n  <\/summary>\r\n  <div class=\"faq-answer\">\r\nPuedes solicitar una pr\u00e1ctica extracurricular bajo dos modalidades, OFERTA y PROPUESTA:<BR><p>[A] En el primer caso (<b>OFERTA<\/b>), podr\u00e1s consultar e inscribirte desde tu perfil de Dotia en la oferta que una entidad colaboradora haya realizado para tu titulaci\u00f3n (Ver en <a href=\"https:\/\/servicios.unileon.es\/oficina-de-practicas-y-empleabilidad\/files\/2024\/02\/dotia_manual_estudiantes.pdf\" target=\"_blank\" rel=\"noopener noreferrer\">Manual, 3. INSCRIBIRME EN OFERTAS DE PR\u00c1CTICAS<\/a>). Una vez que la entidad haya realizado el proceso de selecci\u00f3n, te llegar\u00e1 un correo indicando si has sido seleccionado\/a.<\/p>\r\n<p>[B] Tambi\u00e9n podr\u00e1s gestionar directamente t\u00fa una pr\u00e1ctica con una entidad (<b>PROPUESTA<\/b>). En este caso, no habr\u00e1 proceso de selecci\u00f3n, ya que, si cumples los requisitos oficiales, ser\u00e1s directamente el beneficiario (Ver en <a href=\"https:\/\/servicios.unileon.es\/oficina-de-practicas-y-empleabilidad\/files\/2024\/02\/dotia_manual_estudiantes.pdf\" target=\"_blank\" rel=\"noopener noreferrer\">Manual, 4. PROPUESTA DE PR\u00c1CTICAS<\/a>).<\/p>\r\n  <\/div>\r\n<\/details>\r\n\r\n<details class=\"faq-item\">\r\n  <summary class=\"faq-question\">\r\n    \u00bfQu\u00e9 <b>requisitos<\/b> debo cumplir para poder ser beneficiario de una pr\u00e1ctica extracurricular?\r\n  <\/summary>\r\n  <div class=\"faq-answer\">\r\nDeber\u00e1s cumplir con los requisitos que se establecen en el Real Decreto 592\/2014, de 11 de julio, por el que se regulan las pr\u00e1cticas acad\u00e9micas externas de los estudiantes universitarios, en el Reglamento por el que se regulan las Practicas Externas en los estudios de Grado Master y Doctorado y, si existe, en la normativa propia de tu Facultad o Escuela. <br>Los requisitos m\u00e1s relevantes son:\r\n<ul>\r\n<li>Estar matriculado, en el momento de la solicitud, en la titulaci\u00f3n por la que se oferta la pr\u00e1ctica (recuerda que, sin finalizas tus estudios, durante el periodo de disfrute de la practica, \u00e9sta se dar\u00e1 igualmente por finalizada)<\/li>\r\n<li>Tener superados el 50% de los ECTS de la titulaci\u00f3n por la que accedes a la pr\u00e1tica (en el caso de las dobles titulaciones, ponte en contacto con la OPE)<\/li>\r\n<li>No haber superado el l\u00edmite de 750 horas anuales<\/li>\r\n<li>No haber renunciado previamente a una pr\u00e1ctica extracurricular sin causa justificada<\/li>\r\n<\/ul>\r\n  <\/div>\r\n<\/details>\r\n\r\n<details class=\"faq-item\">\r\n  <summary class=\"faq-question\">\r\n    \u00bfC\u00f3mo solicito el <b>N\u00famero de afiliaci\u00f3n a la Seguridad Social <\/b>-NUSS-\r\n  <\/summary>\r\n  <div class=\"faq-answer\">\r\nDesde el 1 de enero de 2024, todos los estudiantes universitarios de titulaciones oficiales de grado y m\u00e1ster, doctorado, y aquellas dirigidas a la obtenci\u00f3n de un t\u00edtulo propio de la universidad (m\u00e1ster de formaci\u00f3n permanente, un diploma de especializaci\u00f3n o un diploma de experto) que realicen pr\u00e1cticas externas <b>cotizar\u00e1n a la Seguridad Social<\/b>. Para ello es necesario disponer de un NUSS. Si a\u00fan no lo tienes, en el siguiente enlace, te facilitamos una sencillo manual de c\u00f3mo solicitarlo <a href=\"https:\/\/servicios.unileon.es\/oficina-de-practicas-y-empleabilidad\/files\/2023\/11\/SolicitudNUSS.pdf\" target=\"_blank\" rel=\"noopener noreferrer\">[descargar manual]<\/a>\r\n  <\/div>\r\n<\/details>\r\n\r\n<details class=\"faq-item\">\r\n  <summary class=\"faq-question\">\r\n    Si realizo estudios on line en la Universidad de Le\u00f3n pero <b>resido fuera de Espa\u00f1a<\/b> \u00bfcotizar\u00e9 a la Seguridad Social por mis pr\u00e1cticas?\r\n  <\/summary>\r\n  <div class=\"faq-answer\">\r\nNo, por no cumplir el requisito de residencia en Espa\u00f1a -principio lex loci laboris- (ver <a href=\"https:\/\/t.ly\/pIViB\" target=\"_blank\" rel=\"noopener noreferrer\">TGSS<\/a>).\r\n  <\/div>\r\n<\/details>\r\n\r\n\r\n<details class=\"faq-item\">\r\n  <summary class=\"faq-question\">\r\n    \u00bfRecibir\u00e9 alg\u00fan tipo de <b>ayuda<\/b> al realizar una pr\u00e1ctica extracurricular?\r\n  <\/summary>\r\n  <div class=\"faq-answer\">\r\nDepende de las condiciones que se establezcan en cada Convenio y\/o del Programa de Pr\u00e1cticas Extracurriculares. En caso de disfrutar de alguna ayuda, \u00e9sta podr\u00e1 ser <i>econ\u00f3mica<\/i> o en <i>especie<\/i> (abonos transporte, vales comedor, formaci\u00f3n, &#8230;). En cualquier caso, <b>siempre cotizar\u00e1s a la Seguridad Social por el periodo de pr\u00e1cticas realizado<\/b>.\r\n  <\/div>\r\n<\/details>\r\n\r\n<details class=\"faq-item\">\r\n  <summary class=\"faq-question\">\r\n    Mientras hago pr\u00e1cticas \u00bftengo derecho a disfrutar de <b>vacaciones<\/b>?\r\n  <\/summary>\r\n  <div class=\"faq-answer\">\r\nDurante las pr\u00e1cticas no puedes disfrutar de vacaciones, ya que no existe una relaci\u00f3n laboral. No obstante, podr\u00e1s acordar con la entidad colaboradora ciertas condiciones (si, por ejemplo, la entidad cierra, podr\u00e1s interrumpir tus pr\u00e1cticas y recuperar posteriormente estos d\u00edas). En estos casos, es <b>muy importante que se informe a la OPE solicitando la interrupci\u00f3n y la posterior ampliaci\u00f3n <\/b> del periodo de pr\u00e1cticas. En cuanto a los d\u00edas festivos, puedes disfrutar de los mismos festivos que tenga establecidos la entidad colaboradora en su calendario laboral, siempre que est\u00e9n indicados en el anexo.\r\n  <\/div>\r\n<\/details>\r\n\r\n<details class=\"faq-item\">\r\n  <summary class=\"faq-question\">\r\n    \u00bfPuedo continuar disfrutando de una pr\u00e1ctica extracurricular si he solicitado la <b>expedici\u00f3n del t\u00edtulo<\/b>?\r\n  <\/summary>\r\n  <div class=\"faq-answer\">\r\n<b>No<\/b>, porque, a partir de ese momento, pierdes la condici\u00f3n de ser estudiante de la ULE\r\n<\/details>\r\n\r\n<details class=\"faq-item\">\r\n  <summary class=\"faq-question\">\r\n    \u00bfPuedo faltar a pr\u00e1cticas para realizar <b>ex\u00e1menes<\/b>?\r\n  <\/summary>\r\n  <div class=\"faq-answer\">\r\nPuedes solicitar permiso para realizar ex\u00e1menes, tutor\u00edas u otras actividades acad\u00e9micas. No obstante, deber\u00e1s recuperar posteriormente las horas no realizadas.\r\n<\/details>\r\n\r\n<details class=\"faq-item\">\r\n  <summary class=\"faq-question\">\r\n    \u00bfPuedo disfrutar de una practica remunerada si estoy cobrando una <b>prestaci\u00f3n por desempleo<\/b>?\r\n  <\/summary>\r\n  <div class=\"faq-answer\">\r\nLas pr\u00e1cticas remuneradas suelen ser compatibles con el cobro de una prestaci\u00f3n por desempleo siempre que no sean a jornada completa, ya que la ayuda econ\u00f3mica ser\u00e1 proporcional a las horas de dedicaci\u00f3n a las pr\u00e1cticas. Si vas a realizar pr\u00e1cticas remuneradas mientras percibes una prestaci\u00f3n por desempleo, debes comunicarlo previamente a la OPE para que, desde la Universidad, se comunique a la TGSS.\r\n<\/details>\r\n\r\n","protected":false},"excerpt":{"rendered":"<p>\u00bfC\u00f3mo puedo solicitar una pr\u00e1ctica extracurricular? Puedes solicitar una pr\u00e1ctica extracurricular bajo dos modalidades, OFERTA y PROPUESTA:[A] En el primer caso (OFERTA), podr\u00e1s consultar e inscribirte desde tu perfil de Dotia en la oferta que una entidad colaboradora haya realizado para tu titulaci\u00f3n (Ver en Manual, 3. INSCRIBIRME EN OFERTAS DE PR\u00c1CTICAS). Una vez que [&hellip;]<\/p>\n","protected":false},"author":13,"featured_media":0,"parent":0,"menu_order":0,"comment_status":"closed","ping_status":"closed","template":"","meta":{"footnotes":""},"class_list":["post-5220","page","type-page","status-publish","hentry"],"_links":{"self":[{"href":"https:\/\/servicios.unileon.es\/oficina-de-practicas-y-empleabilidad\/wp-json\/wp\/v2\/pages\/5220","targetHints":{"allow":["GET"]}}],"collection":[{"href":"https:\/\/servicios.unileon.es\/oficina-de-practicas-y-empleabilidad\/wp-json\/wp\/v2\/pages"}],"about":[{"href":"https:\/\/servicios.unileon.es\/oficina-de-practicas-y-empleabilidad\/wp-json\/wp\/v2\/types\/page"}],"author":[{"embeddable":true,"href":"https:\/\/servicios.unileon.es\/oficina-de-practicas-y-empleabilidad\/wp-json\/wp\/v2\/users\/13"}],"replies":[{"embeddable":true,"href":"https:\/\/servicios.unileon.es\/oficina-de-practicas-y-empleabilidad\/wp-json\/wp\/v2\/comments?post=5220"}],"version-history":[{"count":20,"href":"https:\/\/servicios.unileon.es\/oficina-de-practicas-y-empleabilidad\/wp-json\/wp\/v2\/pages\/5220\/revisions"}],"predecessor-version":[{"id":5401,"href":"https:\/\/servicios.unileon.es\/oficina-de-practicas-y-empleabilidad\/wp-json\/wp\/v2\/pages\/5220\/revisions\/5401"}],"wp:attachment":[{"href":"https:\/\/servicios.unileon.es\/oficina-de-practicas-y-empleabilidad\/wp-json\/wp\/v2\/media?parent=5220"}],"curies":[{"name":"wp","href":"https:\/\/api.w.org\/{rel}","templated":true}]}}