{"id":1915,"date":"2014-11-26T11:47:39","date_gmt":"2014-11-26T10:47:39","guid":{"rendered":"http:\/\/servicios.unileon.es\/coie\/?page_id=1915"},"modified":"2026-04-13T09:39:42","modified_gmt":"2026-04-13T08:39:42","slug":"modelos","status":"publish","type":"page","link":"https:\/\/servicios.unileon.es\/oficina-de-practicas-y-empleabilidad\/modelos\/","title":{"rendered":"Modelos"},"content":{"rendered":"<style type=\"text\/css\">\r\n\r\nh2 { \r\n    font-size: 22px; \r\n    border-bottom: solid 1px #007314;\r\n    color: #007314;  \r\n    font-weight: 550;\r\n    margin-top: 50px;\r\n}\r\n\r\nh3 { \r\n    font-size: 20px; \r\n    border-bottom: dotted 1px #007314;   \r\n    color: #888; \r\n    font-weight: 550;\r\n    margin-top: 50px;\r\n}\r\n\r\n<\/style>\r\n\r\n<h2>CONVENIOS<\/h2>\r\n<p><em>Adaptados a la Ley 40\/2015 y al Reglamento para la firma de Convenios por parte de la ULE, aprobado en Consejo de Gobierno).<\/em><\/p>\r\n\r\n<p><strong>Convenio de Cooperaci\u00f3n Educativa para realizar Pr\u00e1cticas y\/o TFG\/TFM (en Castellano)<\/strong><\/p>\r\n<ul class=\"big\">\r\n    <li><a href=\"https:\/\/www.unileon.es\/files\/2025-11\/convenio_de_cooperacion_educativa_para_realizar_practicas_TFG_TFM_ss_entidad_20251112.docx\">Convenio de Cooperaci\u00f3n Educativa para realizar practicas (Seguridad Social a cargo de la Entidad Colaboradora) y\/o TFG_TFM<\/a> (12-11-2025)<\/li>\r\n    <li><a href=\"https:\/\/www.unileon.es\/files\/2026-02\/convenio_de_cooperacion_educativa_para_realizar_practicas_TFG_TFM_ss_ule_20260212.docx\">Convenio de Cooperaci\u00f3n Educativa para realizar practicas (Seguridad Social a cargo de la Universidad de Le\u00f3n) y\/o TFG_TFM<\/a> (12-02-2026)<\/li>\r\n<\/ul>\r\n\r\n<p><strong>Convenio BILATERAL para el intercambio de pr\u00e1cticas de estudiantes entre universidades<\/strong><\/p>\r\n<ul class=\"big\">\r\n    <li><a href=\"http:\/\/servicios.unileon.es\/oficina-de-practicas-y-empleabilidad\/files\/2026\/04\/20260413_Convenio_Bilateral.docx\">20260413_Convenio_Bilateral<\/a> (13-04-2026)<\/li>\r\n<\/ul>\r\n\r\n<p><strong>Anexo I al Convenio de Cooperaci\u00f3n Educativa<\/strong><\/p>\r\n<ul class=\"big\">\r\n    <li><a href=\"https:\/\/servicios.unileon.es\/oficina-de-practicas-y-empleabilidad\/files\/2023\/12\/anexo1_convenio_de_cooperacion_educativa_para_realizar_practicas20231219es.docx\">Anexo-I al Convenio de Cooperacion Educativa (19-12.2023)<\/a>\r\n(Donde se especificar\u00e1 la informaci\u00f3n de cada pr\u00e1ctica)<\/li>\r\n<\/ul>\r\n\r\n<p><strong>Adenda al Convenio de Cooperaci\u00f3n Educativa<\/strong><\/p>\r\n<ul class=\"big\">\r\n    <li><a href=\"https:\/\/servicios.unileon.es\/oficina-de-practicas-y-empleabilidad\/files\/2025\/07\/adenda_convenio_de_cooperacion_educativa_para_realizar_practicas_ss_entidad_20250730.docx\">Adenda Convenio de Cooperaci\u00f3n Educativa (Seguridad Social a cargo de la Entidad Colaboradora) &#8211; (30-07-2025)<\/a><\/li>\r\n    <li><a href=\"https:\/\/servicios.unileon.es\/oficina-de-practicas-y-empleabilidad\/files\/2025\/07\/adenda_convenio_de_cooperacion_educativa_para_realizar_practicas_ss_ule_20250730.docx\">Adenda Convenio de Cooperaci\u00f3n Educativa (Seguridad Social a cargo de la ULE) &#8211; (30-07-2025)<\/a><\/li>\r\n<\/ul>\r\n<h3>INGL\u00c9S<\/h3>\r\n<p><strong>Convenio de Cooperaci\u00f3n Educativa para realizar Pr\u00e1cticas en Ingl\u00e9s<\/strong><\/p>\r\n<ul class=\"big\">\r\n    <li><a href=\"https:\/\/servicios.unileon.es\/oficina-de-practicas-y-empleabilidad\/files\/2025\/12\/convenio_de_cooperacion_educativa_para_realizar_practicas_ss_entidad_20251209en.docx\">Convenio de Cooperacion Educativa para realizar pr\u00e1cticas (Seguridad Social a cargo de la Entidad Colaboradora) &#8211; (09-12-2025)<\/a> &#8211; <strong>Ingl\u00e9s<\/strong><\/li>\r\n    <li><a href=\"https:\/\/servicios.unileon.es\/oficina-de-practicas-y-empleabilidad\/files\/2026\/02\/convenio_de_cooperacion_educativa_para_realizar_practicas_ss_ule_20260212en.docx\">Convenio de Cooperacion Educativa para realizar pr\u00e1cticas (Seguridad Social a cargo de la ULE) &#8211; (12-02-2026)<\/a> &#8211; <strong>Ingl\u00e9s<\/strong><\/li>\r\n<\/ul>\r\n<p><strong>Anexo I al Convenio de Cooperaci\u00f3n Educativa en Ingl\u00e9s<\/strong><\/p>\r\n<ul class=\"big\">\r\n    <li><a href=\"https:\/\/servicios.unileon.es\/oficina-de-practicas-y-empleabilidad\/files\/2023\/12\/anexo1_convenio_de_cooperacion_educativa_para_realizar_practicas20231221en.docx\">Anexo-I al Convenio de Cooperacion Educativa (21-12-2023)<\/a> &#8211; <strong>Ingl\u00e9s<\/strong><\/li>\r\n<\/ul>\r\n<h3>FRANC\u00c9S<\/h3>\r\n<p><strong>Convenio de Cooperaci\u00f3n Educativa para realizar Pr\u00e1cticas en Franc\u00e9s<\/strong><\/p>\r\n<ul class=\"big\">\r\n    <li><a href=\"https:\/\/servicios.unileon.es\/oficina-de-practicas-y-empleabilidad\/files\/2025\/12\/convenio_de_cooperacion_educativa_para_realizar_practicas_ss_entidad_20251209fr.docx\">Convenio de Cooperacion Educativa para realizar pr\u00e1cticas (Seguridad Social a cargo de la Entidad Colaboradora) &#8211; (09-12-2025)<\/a> &#8211; <strong>Franc\u00e9s<\/strong><\/li>\r\n    <li><a href=\"https:\/\/servicios.unileon.es\/oficina-de-practicas-y-empleabilidad\/files\/2026\/02\/convenio_de_cooperacion_educativa_para_realizar_practicas_ss_ule_20260212fr.docx\">Convenio de Cooperacion Educativa para realizar pr\u00e1cticas (Seguridad Social a cargo de la ULE) &#8211; (12-02-2026)<\/a> &#8211; <strong>Franc\u00e9s<\/strong><\/li>\r\n<\/ul>\r\n<p><strong>Anexo I al Convenio de Cooperaci\u00f3n Educativa en Franc\u00e9s<\/strong><\/p>\r\n<ul class=\"big\">\r\n    <li><a href=\"https:\/\/servicios.unileon.es\/oficina-de-practicas-y-empleabilidad\/files\/2024\/01\/anexo1_convenio_de_cooperacion_educativa_para_realizar_practicas20240118fr.docx\">Anexo-I al Convenio de Cooperacion Educativa (18-01-2024)<\/a> &#8211; <strong>Franc\u00e9s<\/strong><\/li>\r\n<\/ul>\r\n<h3>ITALIANO<\/h3>\r\n<p><strong>Convenio de Cooperaci\u00f3n Educativa para realizar Pr\u00e1cticas en Italiano<\/strong><\/p>\r\n<ul class=\"big\">\r\n    <li><a href=\"https:\/\/servicios.unileon.es\/oficina-de-practicas-y-empleabilidad\/files\/2026\/02\/convenio_de_cooperacion_educativa_para_realizar_practicas_ss_ule_20260212it.docx\">Convenio de Cooperacion Educativa para realizar pr\u00e1cticas (Seguridad Social a cargo de la ULE) &#8211; (12-02-2026)<\/a> &#8211; <strong>Italiano<\/strong><\/li>\r\n<\/ul>\r\n\r\n<p><strong>Anexo I al Convenio de Cooperaci\u00f3n Educativa en Italiano<\/strong><\/p>\r\n<ul class=\"big\">\r\n    <li><a href=\"https:\/\/servicios.unileon.es\/oficina-de-practicas-y-empleabilidad\/files\/2024\/11\/anexo1_convenio_de_cooperacion_educativa_para_realizar_practicas20241126it.docx\">Anexo-I al Convenio de Cooperacion Educativa (26-11-2024)<\/a> &#8211; <strong>Italiano<\/strong><\/li>\r\n<\/ul>\r\n\r\n\r\n<h2>OTROS DOCUMENTOS<\/h2>\r\n<p><strong>Documento para rellenar por el promotor del Convenio<\/strong><\/p>\r\n<ul class=\"big\">\r\n    <li><a href=\"https:\/\/coie.unileon.es\/files\/2021\/03\/Datos-del-promotor-del-Convenio-por-la-Ule-03.03-2021.docx\">Datos-del-promotor-del-Convenio-por-la-Ule &#8211; 03-03-2021<\/a><\/li>\r\n<\/ul>\r\n\r\n\r\n<p><strong>Notificaci\u00f3n fin de pr\u00e1cticas<\/strong><\/p>\r\n<ul class=\"big\">    \r\n    <li><a href=\"https:\/\/servicios.unileon.es\/oficina-de-practicas-y-empleabilidad\/files\/2025\/07\/modelo_de_certificado_de_final_de_practicas_20250730.docx\">OPE_0801. Modelo de Notificaci\u00f3n de Finalizaci\u00f3n de Pr\u00e1cticas &#8211; (30-07-2025)<\/a><\/li>\r\n<\/ul>\r\n","protected":false},"excerpt":{"rendered":"<p>CONVENIOS Adaptados a la Ley 40\/2015 y al Reglamento para la firma de Convenios por parte de la ULE, aprobado en Consejo de Gobierno). Convenio de Cooperaci\u00f3n Educativa para realizar Pr\u00e1cticas y\/o TFG\/TFM (en Castellano) Convenio de Cooperaci\u00f3n Educativa para realizar practicas (Seguridad Social a cargo de la Entidad Colaboradora) y\/o TFG_TFM (12-11-2025) Convenio de [&hellip;]<\/p>\n","protected":false},"author":694,"featured_media":0,"parent":0,"menu_order":0,"comment_status":"closed","ping_status":"closed","template":"","meta":{"footnotes":""},"class_list":["post-1915","page","type-page","status-publish","hentry"],"_links":{"self":[{"href":"https:\/\/servicios.unileon.es\/oficina-de-practicas-y-empleabilidad\/wp-json\/wp\/v2\/pages\/1915","targetHints":{"allow":["GET"]}}],"collection":[{"href":"https:\/\/servicios.unileon.es\/oficina-de-practicas-y-empleabilidad\/wp-json\/wp\/v2\/pages"}],"about":[{"href":"https:\/\/servicios.unileon.es\/oficina-de-practicas-y-empleabilidad\/wp-json\/wp\/v2\/types\/page"}],"author":[{"embeddable":true,"href":"https:\/\/servicios.unileon.es\/oficina-de-practicas-y-empleabilidad\/wp-json\/wp\/v2\/users\/694"}],"replies":[{"embeddable":true,"href":"https:\/\/servicios.unileon.es\/oficina-de-practicas-y-empleabilidad\/wp-json\/wp\/v2\/comments?post=1915"}],"version-history":[{"count":135,"href":"https:\/\/servicios.unileon.es\/oficina-de-practicas-y-empleabilidad\/wp-json\/wp\/v2\/pages\/1915\/revisions"}],"predecessor-version":[{"id":5573,"href":"https:\/\/servicios.unileon.es\/oficina-de-practicas-y-empleabilidad\/wp-json\/wp\/v2\/pages\/1915\/revisions\/5573"}],"wp:attachment":[{"href":"https:\/\/servicios.unileon.es\/oficina-de-practicas-y-empleabilidad\/wp-json\/wp\/v2\/media?parent=1915"}],"curies":[{"name":"wp","href":"https:\/\/api.w.org\/{rel}","templated":true}]}}