{"id":1246,"date":"2013-04-16T10:20:50","date_gmt":"2013-04-16T09:20:50","guid":{"rendered":"http:\/\/servicios.unileon.es\/coie\/?page_id=1246"},"modified":"2026-04-13T09:31:52","modified_gmt":"2026-04-13T08:31:52","slug":"informacion_practicas","status":"publish","type":"page","link":"https:\/\/servicios.unileon.es\/oficina-de-practicas-y-empleabilidad\/","title":{"rendered":"Informaci\u00f3n pr\u00e1cticas"},"content":{"rendered":"<style>\r\n.mi-lista li {\r\n  margin-bottom: 10px;\r\n}\r\n\r\nh3 { \r\n   font-size: 20px; \r\n   border-bottom: dotted 1px #007314;   \r\n   color: #888; \r\n   font-weight: 550;\r\n   margin-top: 50px;\r\n}\r\n\r\n.texto-normal {\r\n  font-size: 1.4rem;\r\n  padding: 6px 10px;\r\n  display: inline-block;\r\n  color: #1b0032\r\n}\r\n\r\n.texto-hover {\r\n  font-size: 1.6rem;\r\n  font-weight: 600;\r\n  padding: 6px 10px;\r\n  display: inline-block;\r\n  color: #1b5e20 !important;   \/* verde oscuro *\/\r\n  background-color: transparent;\r\n  transition:\r\n    color 0.25s ease,\r\n    transform 0.25s ease;\r\n}\r\n\r\n\/* por si est\u00e1 dentro de un enlace *\/\r\na .texto-hover {\r\n  color: #1b5e20 !important;\r\n}\r\n\r\n.texto-hover:hover {\r\n  transform: scale(1.08);     \/* crece un poco *\/\r\n  color: #145a1f !important;  \/* verde un poco m\u00e1s oscuro *\/\r\n}\r\n\r\n.imagenes-linea {\r\n  display: flex;\r\n  justify-content: center;   \/* centra el bloque *\/\r\n  align-items: center;\r\n  gap: 40px;                 \/* espacio entre im\u00e1genes *\/\r\n  padding: 0 65px;           \/* corregido (faltaba px en el 5) *\/\r\n}\r\n\r\n.imagenes-linea img {\r\n  max-width: 75%;            \/* ajustamos tama\u00f1o para que entren centradas *\/\r\n  height: auto;\r\n}\r\n<\/style>\r\n\r\n<img loading=\"lazy\" decoding=\"async\" src=\"http:\/\/servicios.unileon.es\/oficina-de-practicas-y-empleabilidad\/files\/2025\/12\/Presentacion_Practicas-scaled.jpg\" alt=\"\" width=\"2560\" height=\"1083\" class=\"aligncenter size-full wp-image-5243\" \/>\r\n<p>&nbsp;<\/p>\r\n\r\n<div class=\"imagenes-linea\">\r\n<a href=\"https:\/\/servicios.unileon.es\/oficina-de-practicas-y-empleabilidad\/?page_id=5288&#038;preview=true\"><img loading=\"lazy\" decoding=\"async\" src=\"http:\/\/servicios.unileon.es\/oficina-de-practicas-y-empleabilidad\/files\/2026\/01\/soyEstudiante_IMG.jpg\" width=\"591\" height=\"824\" alt=\"Imagen izquierda\"><\/a>\r\n\r\n <a href=\"https:\/\/servicios.unileon.es\/oficina-de-practicas-y-empleabilidad\/?page_id=5277&#038;preview=true\" target=\"_blank\"><img loading=\"lazy\" decoding=\"async\" src=\"http:\/\/servicios.unileon.es\/oficina-de-practicas-y-empleabilidad\/files\/2026\/01\/soyEmpresa_IMG.jpg\" width=\"591\" height=\"824\" alt=\"Imagen derecha\"><\/a>\r\n<\/div>\r\n\r\n<H3>DE INTER\u00c9S<\/H3>\r\n<span class=\"texto-hover\">\r\n  <a href=\"https:\/\/servicios.unileon.es\/oficina-de-practicas-y-empleabilidad\/files\/2023\/11\/SolicitudNUSS.pdf\" target=\"_blank\">Quiero solicitar el NUSS<\/a>\r\n<\/span>\r\n&nbsp;&nbsp;&nbsp;&nbsp;&nbsp;&nbsp;&nbsp;&nbsp;&nbsp;&nbsp;&nbsp;&nbsp;&nbsp;&nbsp;&nbsp;&nbsp;&nbsp;&nbsp;&nbsp;&nbsp;\r\n<span class=\"texto-hover\">\r\n  <a href=\"https:\/\/servicios.unileon.es\/oficina-de-practicas-y-empleabilidad\/certificado-de-practicas-anteriores-convenio-con-la-seguridad-social\/ \"  target=\"_blank\">Quiero solicitar el Certificado de Pr\u00e1cticas Anteriores<\/a>\r\n<\/span>\r\n<br>&nbsp;<\/br>\r\n<a href=\"https:\/\/servicios.unileon.es\/oficina-de-practicas-y-empleabilidad\/preguntas-frecuentes-2\/\"><img loading=\"lazy\" decoding=\"async\" src=\"http:\/\/servicios.unileon.es\/oficina-de-practicas-y-empleabilidad\/files\/2026\/01\/FAQ_2.jpg\" alt=\"\" width=\"1413\" height=\"67\" class=\"aligncenter size-full wp-image-5275\" srcset=\"https:\/\/servicios.unileon.es\/oficina-de-practicas-y-empleabilidad\/files\/2026\/01\/FAQ_2.jpg 1413w, https:\/\/servicios.unileon.es\/oficina-de-practicas-y-empleabilidad\/files\/2026\/01\/FAQ_2-300x14.jpg 300w, https:\/\/servicios.unileon.es\/oficina-de-practicas-y-empleabilidad\/files\/2026\/01\/FAQ_2-1024x49.jpg 1024w, https:\/\/servicios.unileon.es\/oficina-de-practicas-y-empleabilidad\/files\/2026\/01\/FAQ_2-768x36.jpg 768w\" sizes=\"auto, (max-width: 1413px) 100vw, 1413px\" \/><\/a>\r\n<br>&nbsp;<\/br>\r\n<a href=\"http:\/\/servicios.unileon.es\/oficina-de-practicas-y-empleabilidad\/files\/2026\/01\/Recomendaciones.pdf\" target=\"_blank\"><img loading=\"lazy\" decoding=\"async\" src=\"http:\/\/servicios.unileon.es\/oficina-de-practicas-y-empleabilidad\/files\/2026\/01\/Recomendaciones_IMG.jpg\" alt=\"\" width=\"1390\" height=\"56\" class=\"aligncenter size-full wp-image-5314\" srcset=\"https:\/\/servicios.unileon.es\/oficina-de-practicas-y-empleabilidad\/files\/2026\/01\/Recomendaciones_IMG.jpg 1390w, https:\/\/servicios.unileon.es\/oficina-de-practicas-y-empleabilidad\/files\/2026\/01\/Recomendaciones_IMG-300x12.jpg 300w, https:\/\/servicios.unileon.es\/oficina-de-practicas-y-empleabilidad\/files\/2026\/01\/Recomendaciones_IMG-1024x41.jpg 1024w, https:\/\/servicios.unileon.es\/oficina-de-practicas-y-empleabilidad\/files\/2026\/01\/Recomendaciones_IMG-768x31.jpg 768w\" sizes=\"auto, (max-width: 1390px) 100vw, 1390px\" \/><\/a>\r\n\r\n<H3>NOVEDADES<\/H3>\r\n<span class=\"texto-normal\">\r\n<ul class=\"mi-lista\">\r\n<li>Los d\u00edas 16 y 17 de abril se celebran en la Universidad de Le\u00f3n las <b>XIII Jornadas de Observatorios de Empleo Universitario <\/b> organizadas por el Vicerrectorado de Emprendimiento, Empleabilidad y Formaci\u00f3n Permanente <a href=\"https:\/\/fgulem.es\/jornadasobservatoriosule\/\" target=\"_blank\">[Mas Informaci\u00f3n]<\/a><\/li>\r\n\r\n<li>Publicado el <b>listado provisional de admitidos y excluidos <\/b> en la III Convocatoria del programa de formaci\u00f3n de pr\u00e1cticas acad\u00e9micas extracurriculares remuneradas en la Universidad de Le\u00f3n <a href=\"https:\/\/servicios.unileon.es\/oficina-de-practicas-y-empleabilidad\/programa-practicas-en-servicios-ule\/\" target=\"_blank\">[Mas Informaci\u00f3n]<\/a><\/li>\r\n<\/ul>\r\n<\/span>","protected":false},"excerpt":{"rendered":"<p>&nbsp; DE INTER\u00c9S Quiero solicitar el NUSS &nbsp;&nbsp;&nbsp;&nbsp;&nbsp;&nbsp;&nbsp;&nbsp;&nbsp;&nbsp;&nbsp;&nbsp;&nbsp;&nbsp;&nbsp;&nbsp;&nbsp;&nbsp;&nbsp;&nbsp; Quiero solicitar el Certificado de Pr\u00e1cticas Anteriores &nbsp; &nbsp; NOVEDADES Los d\u00edas 16 y 17 de abril se celebran en la Universidad de Le\u00f3n las XIII Jornadas de Observatorios de Empleo Universitario organizadas por el Vicerrectorado de Emprendimiento, Empleabilidad y Formaci\u00f3n Permanente [Mas Informaci\u00f3n] Publicado el listado [&hellip;]<\/p>\n","protected":false},"author":420,"featured_media":0,"parent":0,"menu_order":0,"comment_status":"closed","ping_status":"closed","template":"","meta":{"footnotes":""},"class_list":["post-1246","page","type-page","status-publish","hentry"],"_links":{"self":[{"href":"https:\/\/servicios.unileon.es\/oficina-de-practicas-y-empleabilidad\/wp-json\/wp\/v2\/pages\/1246","targetHints":{"allow":["GET"]}}],"collection":[{"href":"https:\/\/servicios.unileon.es\/oficina-de-practicas-y-empleabilidad\/wp-json\/wp\/v2\/pages"}],"about":[{"href":"https:\/\/servicios.unileon.es\/oficina-de-practicas-y-empleabilidad\/wp-json\/wp\/v2\/types\/page"}],"author":[{"embeddable":true,"href":"https:\/\/servicios.unileon.es\/oficina-de-practicas-y-empleabilidad\/wp-json\/wp\/v2\/users\/420"}],"replies":[{"embeddable":true,"href":"https:\/\/servicios.unileon.es\/oficina-de-practicas-y-empleabilidad\/wp-json\/wp\/v2\/comments?post=1246"}],"version-history":[{"count":102,"href":"https:\/\/servicios.unileon.es\/oficina-de-practicas-y-empleabilidad\/wp-json\/wp\/v2\/pages\/1246\/revisions"}],"predecessor-version":[{"id":5570,"href":"https:\/\/servicios.unileon.es\/oficina-de-practicas-y-empleabilidad\/wp-json\/wp\/v2\/pages\/1246\/revisions\/5570"}],"wp:attachment":[{"href":"https:\/\/servicios.unileon.es\/oficina-de-practicas-y-empleabilidad\/wp-json\/wp\/v2\/media?parent=1246"}],"curies":[{"name":"wp","href":"https:\/\/api.w.org\/{rel}","templated":true}]}}