{"id":10,"date":"2011-02-15T09:57:02","date_gmt":"2011-02-15T09:57:02","guid":{"rendered":"http:\/\/servicios.unileon.es\/coie\/"},"modified":"2026-02-17T10:17:20","modified_gmt":"2026-02-17T09:17:20","slug":"inicio","status":"publish","type":"page","link":"https:\/\/servicios.unileon.es\/oficina-de-practicas-y-empleabilidad\/inicio\/","title":{"rendered":"Presentaci\u00f3n"},"content":{"rendered":"<h3>Oficina de Pr\u00e1cticas y Empleabilidad<\/h3>\r\n\r\nLa Oficina de Pr\u00e1cticas y Empleabilidad, es el Servicio de la Universidad de Le\u00f3n que ayuda a gestionar las pr\u00e1cticas curriculares y extracurriculares en empresas, es decir, aquellas que los estudiantes realicen al margen de las previstas en su plan de estudios.\r\n\r\nTambi\u00e9n atendemos las demandas informativas y de orientaci\u00f3n acad\u00e9mico-laboral de los estudiantes y graduados universitarios de la ULE y servimos de nexo de uni\u00f3n entre empresas y estudiantes y graduados universitarios a fin de favorecer vuestra inserci\u00f3n laboral.\r\n\r\n<p>Campus de Vegazana, s\/n &#8211; 24071 &#8211; Le\u00f3n<\/p>\r\n<strong>Tel\u00e9fonos:<\/strong> 987 291659 <span style=\"color: #008000;\"><strong>\/<\/strong><\/span> 987 291171 <span style=\"color: #008000;\"><strong>\/<\/strong><\/span> 987 291170\r\n\r\n<strong>Correo-e:<\/strong>\u00a0<a href=\"mailto:coie@unileon.es\">coie@unileon.es<\/a>\r\n\r\n<p>Ven a visitarnos en el Edificio de Servicios y te informaremos.<\/p>","protected":false},"excerpt":{"rendered":"<p>Oficina de Pr\u00e1cticas y Empleabilidad La Oficina de Pr\u00e1cticas y Empleabilidad, es el Servicio de la Universidad de Le\u00f3n que ayuda a gestionar las pr\u00e1cticas curriculares y extracurriculares en empresas, es decir, aquellas que los estudiantes realicen al margen de las previstas en su plan de estudios. Tambi\u00e9n atendemos las demandas informativas y de orientaci\u00f3n [&hellip;]<\/p>\n","protected":false},"author":1,"featured_media":0,"parent":0,"menu_order":0,"comment_status":"closed","ping_status":"open","template":"","meta":{"footnotes":""},"class_list":["post-10","page","type-page","status-publish","hentry"],"_links":{"self":[{"href":"https:\/\/servicios.unileon.es\/oficina-de-practicas-y-empleabilidad\/wp-json\/wp\/v2\/pages\/10","targetHints":{"allow":["GET"]}}],"collection":[{"href":"https:\/\/servicios.unileon.es\/oficina-de-practicas-y-empleabilidad\/wp-json\/wp\/v2\/pages"}],"about":[{"href":"https:\/\/servicios.unileon.es\/oficina-de-practicas-y-empleabilidad\/wp-json\/wp\/v2\/types\/page"}],"author":[{"embeddable":true,"href":"https:\/\/servicios.unileon.es\/oficina-de-practicas-y-empleabilidad\/wp-json\/wp\/v2\/users\/1"}],"replies":[{"embeddable":true,"href":"https:\/\/servicios.unileon.es\/oficina-de-practicas-y-empleabilidad\/wp-json\/wp\/v2\/comments?post=10"}],"version-history":[{"count":59,"href":"https:\/\/servicios.unileon.es\/oficina-de-practicas-y-empleabilidad\/wp-json\/wp\/v2\/pages\/10\/revisions"}],"predecessor-version":[{"id":5477,"href":"https:\/\/servicios.unileon.es\/oficina-de-practicas-y-empleabilidad\/wp-json\/wp\/v2\/pages\/10\/revisions\/5477"}],"wp:attachment":[{"href":"https:\/\/servicios.unileon.es\/oficina-de-practicas-y-empleabilidad\/wp-json\/wp\/v2\/media?parent=10"}],"curies":[{"name":"wp","href":"https:\/\/api.w.org\/{rel}","templated":true}]}}