{"id":2,"date":"2010-11-08T08:05:22","date_gmt":"2010-11-08T08:05:22","guid":{"rendered":"http:\/\/servicios.unileon.es\/microscopia\/?page_id=2"},"modified":"2026-01-16T07:37:40","modified_gmt":"2026-01-16T07:37:40","slug":"informacion-de-contacto","status":"publish","type":"page","link":"https:\/\/servicios.unileon.es\/microscopia\/","title":{"rendered":"Informaci\u00f3n General"},"content":{"rendered":"<table class=\"extendida\" style=\"width: 673px;\">\n<tbody>\n<tr>\n<th style=\"width: 88.45px;\">Direcci\u00f3n Postal<\/th>\n<td style=\"width: 484.55px;\">UNIVERSIDAD DE LE\u00d3N<br \/>\nServicio de Microscop\u00eda<br \/>\nEdificio INDEGA<br \/>\nCampus de Vegazana<br \/>\n24071 LE\u00d3N<\/td>\n<\/tr>\n<tr>\n<th style=\"width: 88.45px;\">Tel\u00e9fonos<\/th>\n<td style=\"width: 484.55px;\">987 291 205 (Laboratorio)<br \/>\n987 291 204 (Director)<\/td>\n<\/tr>\n<tr>\n<th style=\"width: 88.45px;\">Personal<\/th>\n<td style=\"width: 484.55px;\"><span style=\"text-decoration: underline;\">Director<\/span>:<br \/>\nPaulino de Paz Cabello\u00a0\u00a0 (<a href=\"mailto:ppazc@unileon.es\">ppazc@unileon.es)<\/a><br \/>\n<span style=\"text-decoration: underline;\"> T\u00e9cnico Superior<\/span>:<br \/>\nAntonio S\u00e1nchez Rodr\u00edguez\u00a0 (<a href=\"mailto:gerasr@unileon.es\">gerasr@unileon.es)<\/a><br \/>\n<span style=\"text-decoration: underline;\">Otro personal<\/span>:<br \/>\nLaura Rodr\u00edguez Fern\u00e1ndez (T\u00e9cnico FP2 en formaci\u00f3n)<\/td>\n<\/tr>\n<tr>\n<th style=\"width: 88.45px;\">Normas de Uso<\/p>\n<p>&nbsp;<\/th>\n<td style=\"width: 484.55px;\">Podr\u00e1n utilizar el equipamiento del Servicio de Microscop\u00eda o solicitar una prestaci\u00f3n de servicio, los profesores, investigadores y personal en formaci\u00f3n de la Universidad de Le\u00f3n, as\u00ed como los profesionales de cualquier Organismos o Entidad p\u00fablica o privada, que as\u00ed lo soliciten. La solicitud de una prestaci\u00f3n se har\u00e1 al Director del Servicio seg\u00fan el Reglamento aprobado en Junta de Gobierno.<\/p>\n<p>&nbsp;<\/td>\n<\/tr>\n<tr>\n<th style=\"width: 88.45px;\">Tarifas<\/th>\n<td style=\"width: 484.55px;\">Las tarifas por prestaci\u00f3n de servicios se presentan en la tabla adjunta y han sido aprobadas en el Consejo de Gobierno del 22-10-2025.<\/p>\n<p><a href=\"http:\/\/servicios.unileon.es\/microscopia\/files\/2026\/01\/Tarifas-SERVICIO-DE-MICROSCOPIA-2026.pdf\">Tarifas SERVICIO DE MICROSCOP\u00cdA 2026<\/a><\/td>\n<\/tr>\n<\/tbody>\n<\/table>\n<p>&nbsp;<\/p>\n<p>&nbsp;<\/p>\n","protected":false},"excerpt":{"rendered":"<p>Direcci\u00f3n Postal UNIVERSIDAD DE LE\u00d3N Servicio de Microscop\u00eda Edificio INDEGA Campus de Vegazana 24071 LE\u00d3N Tel\u00e9fonos 987 291 205 (Laboratorio) 987 291 204 (Director) Personal Director: Paulino de Paz Cabello\u00a0\u00a0 (ppazc@unileon.es) T\u00e9cnico Superior: Antonio S\u00e1nchez Rodr\u00edguez\u00a0 (gerasr@unileon.es) Otro personal: Laura &hellip; <a href=\"https:\/\/servicios.unileon.es\/microscopia\/\">Sigue leyendo <span class=\"meta-nav\">&rarr;<\/span><\/a><\/p>\n","protected":false},"author":1,"featured_media":0,"parent":0,"menu_order":0,"comment_status":"closed","ping_status":"open","template":"","meta":{"footnotes":""},"class_list":["post-2","page","type-page","status-publish","hentry"],"_links":{"self":[{"href":"https:\/\/servicios.unileon.es\/microscopia\/wp-json\/wp\/v2\/pages\/2","targetHints":{"allow":["GET"]}}],"collection":[{"href":"https:\/\/servicios.unileon.es\/microscopia\/wp-json\/wp\/v2\/pages"}],"about":[{"href":"https:\/\/servicios.unileon.es\/microscopia\/wp-json\/wp\/v2\/types\/page"}],"author":[{"embeddable":true,"href":"https:\/\/servicios.unileon.es\/microscopia\/wp-json\/wp\/v2\/users\/1"}],"replies":[{"embeddable":true,"href":"https:\/\/servicios.unileon.es\/microscopia\/wp-json\/wp\/v2\/comments?post=2"}],"version-history":[{"count":29,"href":"https:\/\/servicios.unileon.es\/microscopia\/wp-json\/wp\/v2\/pages\/2\/revisions"}],"predecessor-version":[{"id":185,"href":"https:\/\/servicios.unileon.es\/microscopia\/wp-json\/wp\/v2\/pages\/2\/revisions\/185"}],"wp:attachment":[{"href":"https:\/\/servicios.unileon.es\/microscopia\/wp-json\/wp\/v2\/media?parent=2"}],"curies":[{"name":"wp","href":"https:\/\/api.w.org\/{rel}","templated":true}]}}