{"id":18,"date":"2010-12-20T11:34:39","date_gmt":"2010-12-20T11:34:39","guid":{"rendered":"http:\/\/servicios.unileon.es\/microscopia\/"},"modified":"2026-01-16T07:46:11","modified_gmt":"2026-01-16T07:46:11","slug":"servicios-y-equipamiento","status":"publish","type":"page","link":"https:\/\/servicios.unileon.es\/microscopia\/servicios-y-equipamiento\/","title":{"rendered":"Equipos y Servicios"},"content":{"rendered":"<p>El Servicio de Microscop\u00eda proporciona el equipamiento, la asistencia t\u00e9cnica y la formaci\u00f3n especializada necesaria para analizar visualmente la estructura microsc\u00f3pica de muestras biol\u00f3gicas y de otros materiales. La preparaci\u00f3n de las muestras y el uso de los microsc\u00f3pios puede ser realizada por el t\u00e9cnico especialista del laboratorio en el caso de usuarios inexpertos en estas t\u00e9cnicas. Es aconsejable consultar con el personal del laboratorio los requerimientos t\u00e9cnicos necesarios para obtener las muestras que se desean evaluar microsc\u00f3picamente.<\/p>\n<ul>\n<li><a href=\"#01\"><strong>Microscop\u00eda Electr\u00f3nica de Transmisi\u00f3n <\/strong><\/a>\n<ul>\n<li>Microscopio Electr\u00f3nico de Transmisi\u00f3n JEOL 1010<\/li>\n<li>Ultramicrotomos LKB IV y ULTRACUT Reichert-Jung<\/li>\n<li>Cortador de cuchillas de vidrio LKB 7800<br \/>\n<a name=\"servicios02\"><\/a><\/li>\n<\/ul>\n<\/li>\n<li><strong><a href=\"#02\">Microscop\u00eda Electr\u00f3nica de Barrido <\/a><\/strong>\n<ul>\n<li>Microscopio Electr\u00f3nico de Barrido JEOL 6100 LV<\/li>\n<li>Microan\u00e1lisis de rayos X INCA (Oxford)<\/li>\n<li>Punto cr\u00edtico CPD 300 (Leica)<\/li>\n<li>Recubridor de muestras ACE 200 (Leica)<br \/>\n<a name=\"servicios03\"><\/a><\/li>\n<\/ul>\n<\/li>\n<li><strong><a href=\"#04\">Microscop\u00eda l\u00e1ser confocal<\/a> <\/strong>\n<ul>\n<li>Microscopio confocal C1 (TE2000, Nikon)<\/li>\n<li>Microscopio confocal LSM 800 (Observer Z1, Zeiss)<br \/>\n<a name=\"servicios05\"><\/a><\/li>\n<\/ul>\n<\/li>\n<li><strong><a href=\"#04\">Microscop\u00eda de alta sensibilidad<\/a><\/strong>\n<ul>\n<li>Microscopio directo Eclipse Ni-E (Nikon) (C\u00e1mara Photometrics BSI)<\/li>\n<\/ul>\n<\/li>\n<li><strong><a href=\"#04\">Microscop\u00eda de fluorescencia<\/a> <\/strong>\n<ul>\n<li>Microscopio invertido TE300 (Nikon) (C\u00e1mara DXM1200F Nikon)<\/li>\n<li>Microscopio directo E600 (Nikon) (C\u00e1mara DS-L1 Nikon)<\/li>\n<li>Microscopio directo BX61 (Olympus) (C\u00e1mara DP70 Olympus)<\/li>\n<li>Lupa SMZ 1500 (Nikon) (C\u00e1mara DS-L1)<\/li>\n<li>Lupa SMZ 25 (Nikon) con epifluorescencia (C\u00e1mara DS-Ri2)<\/li>\n<li>Sistema de microscop\u00eda virtual DotSlide (Olympus)<\/li>\n<li>Microtomo de congelaci\u00f3n HM 450 (Microm)<\/li>\n<li>Criostato LEICA CM1950<br \/>\n<a name=\"servicios06\"><\/a><\/li>\n<\/ul>\n<\/li>\n<li><strong><a href=\"#05\">Citometr\u00eda de flujo <\/a><\/strong>\n<ul>\n<li>Cit\u00f3metro CytoFLEX S (Beckman Coulter)<\/li>\n<li>Cit\u00f3metro CytoFLEX S2 (Beckman Coulter)<\/li>\n<li>Cit\u00f3metro espectral Aurora (Cytek)<\/li>\n<li>Cit\u00f3metro Sorter CytoFLEX SRT (Beckman Coulter)<br \/>\n<a name=\"servicios06\"><\/a><\/li>\n<\/ul>\n<\/li>\n<li><strong><a href=\"#06\">Sistema de An\u00e1lisis de Imagen <\/a><\/strong>\n<ul>\n<li>Programa de an\u00e1lisis de imagen NIS-Elements (Nikon)<br \/>\n<a name=\"servicios07\"><\/a><\/li>\n<\/ul>\n<\/li>\n<li><strong><a href=\"#08\">Mantenimiento y limpieza de microscopios \u00f3pticos<\/a><\/strong>\n<ul>\n<li><a name=\"servicios08\"><\/a><\/li>\n<\/ul>\n<\/li>\n<li><strong><a href=\"#08\">BioBanco ULe<\/a> <\/strong>\n<ul>\n<li>Almacenamiento en nitr\u00f3geno l\u00edquido (RCB 500, Air Liquide)<\/li>\n<li>Almacenamiento a -80 \u00baC (Innova U725, New Brunswick)<br \/>\n<a name=\"servicios08\"><\/a><\/li>\n<\/ul>\n<\/li>\n<\/ul>\n<p>&nbsp;<\/p>\n<p>&nbsp;<\/p>\n<p>&nbsp;<\/p>\n<p><a name=\"01\"><\/a><\/p>\n<h2>Microscop\u00eda Electr\u00f3nica de Transmisi\u00f3n<\/h2>\n<div class=\"floatright\" style=\"width: 220px; background-color: #eee; border: 1px solid #ccc; padding: 0 10px 0 10px;\">\n<h3>Equipamiento<\/h3>\n<p><a title=\"Microscopio Electr\u00f3nico de Transmisi\u00f3n JEOL 1010\" href=\"\/microscopia\/files\/2020\/02\/amicroscopia1.jpg\" rel=\"lightbox\"><img decoding=\"async\" src=\"https:\/\/www.unileon.es\/ficheros\/investigacion\/microscopia\/t01p.jpg\" alt=\"Microscopio Electr\u00f3nico de Transmisi\u00f3n JEOL 1010\" \/><\/a><br \/>\n<strong>Microscopio Electr\u00f3nico de Transmisi\u00f3n JEOL 1010<\/strong><\/p>\n<p><a title=\"Ultramicrotomos LKB IV y ULTRACUT Reichert-Jung\" href=\"\/microscopia\/files\/2020\/02\/amicroscopia2.jpg\" rel=\"lightbox\"><img decoding=\"async\" src=\"https:\/\/www.unileon.es\/ficheros\/investigacion\/microscopia\/u01p.jpg\" alt=\"Ultramicrotomos LKB IV y ULTRACUT Reichert-Jung\" \/><\/a><br \/>\n<strong>Ultramicrotomos LKB IV y ULTRACUT Reichert-Jung<\/strong><\/p>\n<p><strong>Cortador de cuchillas de vidrio LKB 7800<\/strong><\/p>\n<\/div>\n<p>La microscop\u00eda electr\u00f3nica de transmisi\u00f3n se basa en un haz de electrones que manejado a trav\u00e9s de lentes electromagn\u00e9ticas se proyecta sobre una muestra muy delgada situada en una columna de alto vacio. El haz de electrones atraviesa la muestra, que ha sido contrastada con \u00e1tomos pesados, y se pueden dar dos situaciones b\u00e1sicas: que los electrones del haz atraviesen la muestra o que choquen con un \u00e1tomo de la muestra y terminen su viaje. De este modo se obtiene informaci\u00f3n estructural espec\u00edfica de la muestra seg\u00fan las p\u00e9rdidas espec\u00edficas de los diferentes electrones del haz.<br \/>\nEl conjunto de electrones que atraviesan la muestra son proyectados sobre una pantalla fluorescente formando una imagen visible o sobre una placa fotogr\u00e1fica registrando una imagen latente. Este equipo permite evaluar detalladamente las estructuras f\u00edsicas y biol\u00f3gicas proporcionando unos 120.0000 aumentos sobre la muestra.<\/p>\n<p>Las muestras a estudiar requieren una preparaci\u00f3n compleja espec\u00edfica y la obtenci\u00f3n de secciones ultrafinas mediante ultramicrotom\u00eda. La idoneidad de estas t\u00e9cnicas de preparaci\u00f3n son decisivas en la calidad final de la imagen observada. En el caso de determinadas muestras biol\u00f3gicas tales como bacterias, macromol\u00e9culas y otras peque\u00f1as part\u00edculas se requieren t\u00e9cnicas especiales de preparaci\u00f3n. Para estos casos se han desarrollado t\u00e9cnicas espec\u00edficas tales como obtenci\u00f3n de r\u00e9plicas, sombreado, tinci\u00f3n negativa, etc.<\/p>\n<p style=\"clear: both;\"><a name=\"02\"><\/a><\/p>\n<h2>Microscop\u00eda Electr\u00f3nica de Barrido<\/h2>\n<div class=\"floatright\" style=\"width: 220px; background-color: #eee; border: 1px solid #ccc; padding: 0 10px 0 10px;\">\n<h3>Equipamiento<\/h3>\n<p><a href=\"https:\/\/servicios.unileon.es\/microscopia\/files\/2023\/05\/SEM-JEOL-6100-LV_01b.jpg\"><img loading=\"lazy\" decoding=\"async\" class=\"alignnone wp-image-175\" src=\"https:\/\/servicios.unileon.es\/microscopia\/files\/2023\/05\/SEM-JEOL-6100-LV_01b.jpg\" alt=\"\" width=\"210\" height=\"149\" \/><\/a><br \/>\n<strong>Microscopio Electr\u00f3nico de Barrido JEOL 6100<\/strong><\/p>\n<p><a href=\"https:\/\/servicios.unileon.es\/microscopia\/files\/2023\/05\/Punto-Critico-CPD300_Leica.jpg\"><img loading=\"lazy\" decoding=\"async\" class=\"alignnone wp-image-173\" src=\"https:\/\/servicios.unileon.es\/microscopia\/files\/2023\/05\/Punto-Critico-CPD300_Leica.jpg\" alt=\"\" width=\"176\" height=\"167\" \/><\/a><br \/>\n<strong>Punto cr\u00edtico LEICA<br \/>\nCPD 300<\/strong><\/p>\n<p><a href=\"https:\/\/servicios.unileon.es\/microscopia\/files\/2023\/05\/Sputtering-ACE200_Leica.jpg\"><img loading=\"lazy\" decoding=\"async\" class=\"alignnone wp-image-174\" src=\"https:\/\/servicios.unileon.es\/microscopia\/files\/2023\/05\/Sputtering-ACE200_Leica.jpg\" alt=\"\" width=\"175\" height=\"182\" \/><\/a><br \/>\n<strong>Recubridor de muestras LEICA ACE 200<\/strong><\/p>\n<\/div>\n<p>La microscop\u00eda barrido (SEM) permite el an\u00e1lisis de superficies de las muestras biol\u00f3gicas o de materiales con unos aumentos pr\u00e1cticos de 60.000x. En este modelo de microscopio, el haz de electrones, enfocado por las lentes electromagn\u00e9ticas a trav\u00e9s de una columna con alto vacio, se proyecta sobre la superficie de la muestra donde los electrones rebotan o provocan la emisi\u00f3n de electrones secundarios de la muestra. Estos electrones dispersados o emitidos son recogidos por unos detectores y proyectados sobre una pantalla de televisi\u00f3n que proporciona una imagen tridimensional del objeto. La muestra en este microscopio tiene unos requerimientos de preparaci\u00f3n menos restrictivos que en el TEM pudiendo ser m\u00e1s voluminosa. Las muestra biol\u00f3gicas requieren un proceso de desecado y un recubrimiento con una pel\u00edcula de un metal conductor.<\/p>\n<p style=\"clear: both;\"><a name=\"03\"><\/a><\/p>\n<h2>Microan\u00e1lisis de rayos X<\/h2>\n<div class=\"floatright\" style=\"width: 220px; background-color: #eee; border: 1px solid #ccc; padding: 0 10px 0 10px;\">\n<h3>Equipamiento<\/h3>\n<p><a title=\"Microan\u00e1lisis de rayos X LINK ISIS (OXFORD)\" href=\"\/microscopia\/files\/2020\/02\/amicroscopia6.jpg\" rel=\"lightbox\"><img decoding=\"async\" src=\"https:\/\/www.unileon.es\/ficheros\/investigacion\/microscopia\/microanalisisp.jpg\" alt=\"Microan\u00e1lisis de rayos X LINK ISIS (OXFORD)\" \/><\/a><br \/>\n<strong>Espectro de elementos obtenido con el sistema de microan\u00e1lisis de rayos X<br \/>\n<\/strong><\/p>\n<\/div>\n<p>La emisi\u00f3n de radiaciones en la microscop\u00eda electr\u00f3nica de barrido comprende un amplio espectro de rayos X que evaluados por un detector espec\u00edfico proporcionan una completa informaci\u00f3n de la composici\u00f3n qu\u00edmica de los objetos. Este an\u00e1lisis espectom\u00e9trico de rayos X, simult\u00e1neo con la observaci\u00f3n estructural, suministra una informaci\u00f3n cualitativa y cuantitativa de la composici\u00f3n elemental de la muestra. De este modo se obtienen mapas de distribuci\u00f3n de elementos qu\u00edmicos sobre la imagen del objeto.<\/p>\n<p style=\"clear: both;\"><a name=\"04\"><\/a><\/p>\n<h2>Microscop\u00eda l\u00e1ser confocal<\/h2>\n<div class=\"floatright\" style=\"width: 220px; background-color: #eee; border: 1px solid #ccc; padding: 0 10px 0 10px;\">\n<h3>Equipamiento<\/h3>\n<p><strong><a href=\"https:\/\/servicios.unileon.es\/microscopia\/files\/2023\/05\/Confocal-Zeiss_LSM-800_01.jpg\"><img loading=\"lazy\" decoding=\"async\" class=\"alignnone wp-image-177\" src=\"https:\/\/servicios.unileon.es\/microscopia\/files\/2023\/05\/Confocal-Zeiss_LSM-800_01.jpg\" alt=\"\" width=\"209\" height=\"117\" \/><\/a><\/strong><\/p>\n<p><strong> Microscopio confocal LSM 800 (Observer Z1, Zeiss)<\/strong><\/p>\n<p><strong>Microscopio confocal C1 (TE2000, Nikon)<\/strong><\/p>\n<\/div>\n<p>Los nuevos m\u00e9todos de investigaci\u00f3n de la ciencia biom\u00e9dica, que exigen un conocimiento profundo de la biolog\u00eda de la c\u00e9lula y de los tejidos, requieren en la actualidad obtener im\u00e1genes de la arquitectura tridimensional de la c\u00e9lula. Esta im\u00e1genes estructurales que incorporan la tercera dimensi\u00f3n, perdida en la microscop\u00eda convencional, permitir\u00e1n evaluar toda la informaci\u00f3n que proporcionan los diferentes m\u00e9todos de marcaje celular (fluorescencia, citoqu\u00edmica, ..). El microscopio de barrido confocal proporciona las bases para obtener distintas secciones \u00f3pticas de una misma muestra e integrar todas ellas en una imagen tridimensional \u00fanica con un nivel de informaci\u00f3n cualitativo y cuantitativo muy alto.<\/p>\n<p style=\"clear: both;\"><a name=\"05\"><\/a><\/p>\n<h2>Citometr\u00eda de flujo<\/h2>\n<div class=\"floatright\" style=\"width: 220px; background-color: #eee; border: 1px solid #ccc; padding: 0 10px 0 10px;\">\n<h3>Equipamiento<\/h3>\n<p><a href=\"https:\/\/servicios.unileon.es\/microscopia\/files\/2021\/12\/CytoFlex_3.jpg\"><img loading=\"lazy\" decoding=\"async\" class=\"alignnone wp-image-161\" src=\"https:\/\/servicios.unileon.es\/microscopia\/files\/2021\/12\/CytoFlex_3.jpg\" alt=\"\" width=\"202\" height=\"94\" \/><\/a><br \/>\n<strong>Cit\u00f3metro de flujo CytoFLEX S (Beckman Coulter)<\/strong><\/p>\n<p><a title=\"Poblaciones definidas en una muestra de c\u00e9lulas con doble marcaje\" href=\"\/microscopia\/files\/2020\/02\/amicroscopia10.jpg\" rel=\"lightbox\"><img decoding=\"async\" src=\"https:\/\/www.unileon.es\/ficheros\/investigacion\/microscopia\/citometriap.gif\" alt=\"Poblaciones definidas en una muestra de c\u00e9lulas con doble marcaje\" \/><\/a><br \/>\n<strong>Poblaciones definidas en una muestra de c\u00e9lulas con doble marcaje<\/strong><\/p>\n<\/div>\n<p>Las c\u00e9lulas marcadas con un colorante fluorescente son valoradas individualmente por un detector l\u00e1ser que las identifica por su tama\u00f1o y su coloraci\u00f3n. Esto permite identificar dentro de una poblaci\u00f3n compleja grupos celulares seg\u00fan el patr\u00f3n de su fluorescencia y valorar sus implicaciones funcionales. La disponibilidad de varios l\u00e1seres permite ampliar el rango de longitudes de onda de trabajo lo que proporciona un aumento significativo de la potencia de an\u00e1lisis de los cit\u00f3metro mejorando su nivel de resoluci\u00f3n. Esta caracter\u00edstica permite estudios con marcajes complejos y simult\u00e1neos con seis colores o m\u00e1s. El cit\u00f3metro Sorter CytoFLEX SRT (Beckman Coulter) tiene la particularidad de identificar y separar cada poblaci\u00f3n celular seg\u00fan las caracter\u00edsticas de su marcaje fluorescente y, de este modo, aislar poblaciones definidas en tubos independientes y facilitar un estudio espec\u00edfico posterior de dicha poblaci\u00f3n.<\/p>\n<p style=\"clear: both;\"><a name=\"06\"><\/a><\/p>\n<h2>Sistema de An\u00e1lisis de Imagen<\/h2>\n<div class=\"floatright\" style=\"width: 220px; background-color: #eee; border: 1px solid #ccc; padding: 0 10px 0 10px;\">\n<h3>Equipamiento<\/h3>\n<p><strong>Programa de an\u00e1lisis de imagen NIS Elements (NIKON)<\/strong><\/p>\n<\/div>\n<p>La obtenci\u00f3n de im\u00e1genes microsc\u00f3picas es un proceso b\u00e1sico en numerosos campos de la investigaci\u00f3n. La evaluaci\u00f3n de la informaci\u00f3n contenida en dichas im\u00e1genes ha mejorado mediante el desarrollo de algoritmos inteligentes basados en sistemas inform\u00e1ticos. Estos programas de an\u00e1lisis eval\u00faan la imagen en su formato digital y mediante sistemas expertos nos ofrecen una base num\u00e9rica de la informaci\u00f3n contenida en la imagen. La microfotometr\u00eda valora el marcaje presente en una imagen obtenido por cualquier procedimiento habitual en microscop\u00eda (inmunofluorescencia, citoqu\u00edmica, etc.) y calcula una amplia gama de par\u00e1metros num\u00e9ricos en la imagen que permiten el an\u00e1lisis estad\u00edstico de la se\u00f1al a estudiar.<\/p>\n<p style=\"clear: both;\"><a name=\"07\"><\/a><\/p>\n<h2><u>Biobanco ULe<\/u><\/h2>\n<div class=\"floatright\" style=\"width: 220px; background-color: #eee; border: 1px solid #ccc; padding: 0 10px 0 10px;\">\n<h3>Equipamiento<\/h3>\n<p><strong>\u2022 Almacenamiento en nitr\u00f3geno l\u00edquido (RCB 500 Air Liquide).<br \/>\n\u2022 Almacenamiento a -80 \u00baC (Innova U725 New Brunswick).<\/strong><\/p>\n<\/div>\n<p>El Servicio de Microscop\u00eda gestiona las instalaciones de Biobanco de la ULe que permite el almacenamiento, con un m\u00e1ximo nivel de seguridad, de biomateriales en dos condiciones ambientales: tanques de nitr\u00f3geno l\u00edquido (-196 \u00baC) o ultracongeladores (-80 \u00baC). El nivel de seguridad se alcanza incorporando los automatismos que aseguren que la muestra no pierde en ning\u00fan momento las condiciones \u00f3ptimas de almacenamiento (suministro continuo de N2 l\u00edquido desde un tanque nodriza con control telem\u00e1tico de carga y sistema de backup de CO2 en los congeladores) y que el usuario trabaje en unas condiciones adecuadas (detectores de hipoxia y sistema forzado de renovaci\u00f3n cont\u00ednua de atmosfera).<\/p>\n<p style=\"clear: both;\"><a name=\"08\"><\/a><\/p>\n<h2>Mantenimiento y limpieza de microscopios \u00f3pticos<\/h2>\n<div class=\"floatright\" style=\"width: 220px; background-color: #eee; border: 1px solid #ccc; padding: 0 10px 0 10px;\">\n<h3>Equipamiento<\/h3>\n<p><a title=\"Microscopio donde se muestra las rutas de iluminaci\u00f3n y los elementos b\u00e1sicos de alineaci\u00f3n\" href=\"\/microscopia\/files\/2020\/02\/amicroscopia13.jpg\" rel=\"lightbox\"><img decoding=\"async\" src=\"https:\/\/www.unileon.es\/ficheros\/investigacion\/microscopia\/limpiezap.jpg\" alt=\"Microscopio donde se muestra las rutas de iluminaci\u00f3n y los elementos b\u00e1sicos de alineaci\u00f3n\" \/><\/a><br \/>\n<strong>Esquema b\u00e1sico de un microscopio<\/strong><\/p>\n<\/div>\n<p>Los microscopios \u00f3pticos y lupas binoculares precisan para su correcto funcionamiento de un mantenimiento peri\u00f3dico que comprende la limpieza de sus componentes \u00f3pticos as\u00ed como la alineaci\u00f3n de sus sistemas mec\u00e1nicos.<\/p>\n<p style=\"clear: both;\"><a name=\"09\"><\/a><\/p>\n","protected":false},"excerpt":{"rendered":"<p>El Servicio de Microscop\u00eda proporciona el equipamiento, la asistencia t\u00e9cnica y la formaci\u00f3n especializada necesaria para analizar visualmente la estructura microsc\u00f3pica de muestras biol\u00f3gicas y de otros materiales. La preparaci\u00f3n de las muestras y el uso de los microsc\u00f3pios puede &hellip; <a href=\"https:\/\/servicios.unileon.es\/microscopia\/servicios-y-equipamiento\/\">Sigue leyendo <span class=\"meta-nav\">&rarr;<\/span><\/a><\/p>\n","protected":false},"author":1,"featured_media":0,"parent":0,"menu_order":0,"comment_status":"closed","ping_status":"closed","template":"","meta":{"footnotes":""},"class_list":["post-18","page","type-page","status-publish","hentry"],"_links":{"self":[{"href":"https:\/\/servicios.unileon.es\/microscopia\/wp-json\/wp\/v2\/pages\/18","targetHints":{"allow":["GET"]}}],"collection":[{"href":"https:\/\/servicios.unileon.es\/microscopia\/wp-json\/wp\/v2\/pages"}],"about":[{"href":"https:\/\/servicios.unileon.es\/microscopia\/wp-json\/wp\/v2\/types\/page"}],"author":[{"embeddable":true,"href":"https:\/\/servicios.unileon.es\/microscopia\/wp-json\/wp\/v2\/users\/1"}],"replies":[{"embeddable":true,"href":"https:\/\/servicios.unileon.es\/microscopia\/wp-json\/wp\/v2\/comments?post=18"}],"version-history":[{"count":49,"href":"https:\/\/servicios.unileon.es\/microscopia\/wp-json\/wp\/v2\/pages\/18\/revisions"}],"predecessor-version":[{"id":186,"href":"https:\/\/servicios.unileon.es\/microscopia\/wp-json\/wp\/v2\/pages\/18\/revisions\/186"}],"wp:attachment":[{"href":"https:\/\/servicios.unileon.es\/microscopia\/wp-json\/wp\/v2\/media?parent=18"}],"curies":[{"name":"wp","href":"https:\/\/api.w.org\/{rel}","templated":true}]}}