{"id":118,"date":"2020-02-17T09:40:34","date_gmt":"2020-02-17T09:40:34","guid":{"rendered":"http:\/\/servicios.unileon.es\/microscopia\/?page_id=118"},"modified":"2021-12-17T08:22:01","modified_gmt":"2021-12-17T08:22:01","slug":"novedades","status":"publish","type":"page","link":"https:\/\/servicios.unileon.es\/microscopia\/novedades\/","title":{"rendered":"Novedades"},"content":{"rendered":"<h2>Cit\u00f3metro CYTOFLEX S<\/h2>\n<p>La Universidad de Le\u00f3n ha adquirido un nuevo cit\u00f3metro flujo CYTOFLEX S (Beckman Colulter) en el marco del Plan de Infraestructuras Cient\u00edficas 2021 de la Junta de Castilla y Le\u00f3n. Este equipo ha sido instalado en el Servicio de Microscop\u00eda de la ULE ampliando la capacidad de soporte instrumental que se ofrece a los usuarios de esta instalaci\u00f3n.<\/p>\n<p>El nuevo cit\u00f3metro dispone de un m\u00f3dulo de excitaci\u00f3n de cuatro l\u00e1seres (VBYR) y un sistema de detecci\u00f3n de 11 par\u00e1metros, distribuido en 2 par\u00e1metros b\u00e1sicos (FS y SS) y 9 fluorescencias (2V, 2B, 3Y y 2R). Este sistema est\u00e1 basado en fotodiodos de avalancha (APDs) de m\u00e1xima eficiencia cu\u00e1ntica y \u00f3ptima sensibilidad. El equipo incluye dos m\u00f3dulos de manejo de la muestra bien en tubo (modo manual) o en placa (cargador automatizado), e incluye la capacidad de agitaci\u00f3n de la muestra antes de la adquisici\u00f3n.<\/p>\n<p><a href=\"https:\/\/servicios.unileon.es\/microscopia\/files\/2021\/12\/CytoFlex_3.jpg\"><img loading=\"lazy\" decoding=\"async\" class=\"alignnone wp-image-161\" src=\"https:\/\/servicios.unileon.es\/microscopia\/files\/2021\/12\/CytoFlex_3.jpg\" alt=\"\" width=\"680\" height=\"315\" \/><\/a><\/p>\n<p>&nbsp;<\/p>\n<h2>Cit\u00f3metro espectral Cytek AURORA<\/h2>\n<p>El Servicio de Microscop\u00eda de la ULE ha incorporado a su oferta instrumental un cit\u00f3metro espectral AURORA (Cytek) de \u00faltima generaci\u00f3n. El equipo ha sido adquirido a trav\u00e9s de la convocatoria 2019 realizada por el Ministerio de Ciencia, Innovaci\u00f3n y Universidades para la concesi\u00f3n de ayudas para la adquisici\u00f3n de equipamiento cient\u00edfico-t\u00e9cnico dentro del subprograma estatal de Infraestructuras de Investigaci\u00f3n y Equipamiento Cient\u00edfico-T\u00e9cnico (Plan Estatal I+D+I 2017-2020).<\/p>\n<p>Este equipo presenta un amplio rango de excitaci\u00f3n lum\u00ednica y con una capacidad de detecci\u00f3n espectral m\u00e1xima (desde el violeta hasta el rojo pr\u00f3ximo) operando pr\u00e1cticamente en continuo lo que permite un control del solapamiento de se\u00f1ales muy optimizado. Esta gesti\u00f3n de los datos de la muestra proporciona una m\u00e1xima fiabilidad a la informaci\u00f3n final resultante y en consecuencia permitir\u00e1 un dise\u00f1o experimental m\u00e1s robusto. El cit\u00f3metro tiene un sistema de iluminaci\u00f3n con 4 l\u00e1seres separados espacialmente y emisi\u00f3n aproximada en 405 nm, 488 nm, 561 nm y 640 nm respectivamente. El sistema de detecci\u00f3n se basa en fotodiodos de avalancha (APDs) con alta eficiencia cu\u00e1ntica (desde 410 nm hasta 900 nm) y una correlaci\u00f3n lineal de la ganancia del detector con la intensidad de fluorescencia (MFI). Dispone de un sistema de adquisici\u00f3n de muestra automatizado con cargador para placas de 96 pocillos de fondo plano, en U o en V.<\/p>\n<p>Esta solicitud fue liderada por el Servicio de Microscop\u00eda de la ULE y avalada por los siguientes grupos de investigaci\u00f3n: UIC 226 (Reproducci\u00f3n Animal), UIC 111 (Sanidad Animal), UIC 108 (Toxicolog\u00eda), UIC 064 (Biomedicina) y UIC 012 (Inmunolog\u00eda). Los objetivos espec\u00edficos propuestos por los equipos de investigaci\u00f3n para la adquisici\u00f3n de este equipo se encuadran en dos l\u00edneas tem\u00e1ticas b\u00e1sicas: a) Dise\u00f1o de nuevos abordajes terap\u00e9uticos para el tratamiento de diversos trastornos de la salud, y b) Desarrollo de tecnolog\u00edas reproductivas y de metodolog\u00edas de control sanitario para la mejora de la productividad de las explotaciones ganadera. Esta doble especializaci\u00f3n es un indicador de la proyecci\u00f3n multidisciplinar que tendr\u00e1 el equipo solicitado para los diferentes grupos de investigaci\u00f3n que trabajan en distintas disciplinas cient\u00edficas con la fisiolog\u00eda celular como referencia experimental.<\/p>\n<p><a href=\"https:\/\/servicios.unileon.es\/microscopia\/files\/2020\/11\/UE_FEDER.jpg\"><img loading=\"lazy\" decoding=\"async\" class=\"alignnone wp-image-139\" src=\"https:\/\/servicios.unileon.es\/microscopia\/files\/2020\/11\/UE_FEDER.jpg\" alt=\"\" width=\"265\" height=\"58\" \/><\/a><\/p>\n<p><a href=\"https:\/\/servicios.unileon.es\/microscopia\/files\/2021\/05\/Citometro-Aurora_01.jpg\"><img decoding=\"async\" class=\"alignnone\" style=\"width: 100%;\" src=\"https:\/\/servicios.unileon.es\/microscopia\/files\/2021\/05\/Citometro-Aurora_01.jpg\" alt=\"Cit\u00f3metro multiespectral Aurora (Cytek)\" \/><\/a><\/p>\n<h2>Microscopio directo motorizado de altas prestaciones \u00f3pticas (NIKON Eclipse Ni-E) con c\u00e1mara de gran sensibilidad (Photometrics BSI)<\/h2>\n<p>El Servicio de Microscop\u00eda de la ULE ha incorporado a su equipamiento un microscopio directo para fluorescencia y DIC completamente motorizado, con prestaciones \u00f3pticas de alta resoluci\u00f3n, un sistema de iluminaci\u00f3n LED de alta capacidad configurado para una amplia banda espectral (435 &#8211; 840 nm), y con una c\u00e1mara color con sensor de gran formato y alta sensibilidad y otra c\u00e1mara monocroma de alta velocidad y alta eficiencia cu\u00e1ntica.<\/p>\n<p>El equipo ha sido adquirido a trav\u00e9s de la convocatoria de subvenciones para la adquisici\u00f3n de equipamiento cient\u00edfico compartido en el marco de la red de equipamiento cient\u00edfico-tecnol\u00f3gico compartido en Castilla y Le\u00f3n denominada \u00abInfraestructuras en red de Castilla y Le\u00f3n (INFRARED)\u00bb cofinanciadas por el Fondo Europeo de Desarrollo Regional para 2019.<\/p>\n<p>Esta solicitud fue liderada por la UIC 226 de la Universidad de Le\u00f3n y avalada por los siguientes grupos de investigaci\u00f3n: UIC 064, UIC 108 y UIC 111 de la ULE; GIR BIOORG de la UBU; GIR HEVEFARM de la USAL y GIR Quimioreceptores Arteriales de la UVA. Los objetivos espec\u00edficos propuestos por los equipos de investigaci\u00f3n para la adquisici\u00f3n de este equipo se encuadran en dos l\u00edneas tem\u00e1ticas b\u00e1sicas: A) Desarrollo de tecnolog\u00edas reproductivas y de metodolog\u00edas de control sanitario para la mejora de la productividad de las explotaciones ganadera, y B) Dise\u00f1o de nuevos abordajes terap\u00e9uticos para el tratamiento de diversos trastornos de la salud. Esta doble especializaci\u00f3n es un indicador de la proyecci\u00f3n multidisciplinar que tendr\u00e1 el equipo solicitado para los diferentes grupos de la red de ciencia regional que trabajan en distintas disciplinas cient\u00edficas con la fisiolog\u00eda celular como referencia experimental.<\/p>\n<p><a href=\"https:\/\/servicios.unileon.es\/microscopia\/files\/2020\/11\/UE_FEDER.jpg\"><img loading=\"lazy\" decoding=\"async\" class=\"alignnone wp-image-139\" src=\"https:\/\/servicios.unileon.es\/microscopia\/files\/2020\/11\/UE_FEDER.jpg\" alt=\"\" width=\"265\" height=\"58\" \/><\/a><\/p>\n<p><a href=\"http:\/\/servicios.unileon.es\/microscopia\/files\/2020\/02\/nikon_eclipse_ni_e.jpg\"><img decoding=\"async\" class=\"alignnone\" style=\"width: 100%;\" src=\"http:\/\/servicios.unileon.es\/microscopia\/files\/2020\/02\/nikon_eclipse_ni_e.jpg\" alt=\"Microscopio directo motorizado de altas prestaciones \u00f3pticas (NIKON Eclipse Ni-E)\" \/><\/a><\/p>\n","protected":false},"excerpt":{"rendered":"<p>Cit\u00f3metro CYTOFLEX S La Universidad de Le\u00f3n ha adquirido un nuevo cit\u00f3metro flujo CYTOFLEX S (Beckman Colulter) en el marco del Plan de Infraestructuras Cient\u00edficas 2021 de la Junta de Castilla y Le\u00f3n. Este equipo ha sido instalado en el &hellip; <a href=\"https:\/\/servicios.unileon.es\/microscopia\/novedades\/\">Sigue leyendo <span class=\"meta-nav\">&rarr;<\/span><\/a><\/p>\n","protected":false},"author":344,"featured_media":0,"parent":0,"menu_order":0,"comment_status":"closed","ping_status":"closed","template":"","meta":{"footnotes":""},"class_list":["post-118","page","type-page","status-publish","hentry"],"_links":{"self":[{"href":"https:\/\/servicios.unileon.es\/microscopia\/wp-json\/wp\/v2\/pages\/118","targetHints":{"allow":["GET"]}}],"collection":[{"href":"https:\/\/servicios.unileon.es\/microscopia\/wp-json\/wp\/v2\/pages"}],"about":[{"href":"https:\/\/servicios.unileon.es\/microscopia\/wp-json\/wp\/v2\/types\/page"}],"author":[{"embeddable":true,"href":"https:\/\/servicios.unileon.es\/microscopia\/wp-json\/wp\/v2\/users\/344"}],"replies":[{"embeddable":true,"href":"https:\/\/servicios.unileon.es\/microscopia\/wp-json\/wp\/v2\/comments?post=118"}],"version-history":[{"count":17,"href":"https:\/\/servicios.unileon.es\/microscopia\/wp-json\/wp\/v2\/pages\/118\/revisions"}],"predecessor-version":[{"id":163,"href":"https:\/\/servicios.unileon.es\/microscopia\/wp-json\/wp\/v2\/pages\/118\/revisions\/163"}],"wp:attachment":[{"href":"https:\/\/servicios.unileon.es\/microscopia\/wp-json\/wp\/v2\/media?parent=118"}],"curies":[{"name":"wp","href":"https:\/\/api.w.org\/{rel}","templated":true}]}}