{"id":93,"date":"2011-05-16T11:33:05","date_gmt":"2011-05-16T11:33:05","guid":{"rendered":"http:\/\/servicios.unileon.es\/lti-ir\/?page_id=93"},"modified":"2011-05-18T12:08:19","modified_gmt":"2011-05-18T12:08:19","slug":"area-de-analisis-clinico-veterinario","status":"publish","type":"page","link":"https:\/\/servicios.unileon.es\/lti-ir\/lti\/area-de-analisis-clinico-veterinario\/","title":{"rendered":"\u00c1rea de An\u00e1lisis Cl\u00ednico Veterinario"},"content":{"rendered":"<ul class=\"big\">\n<li><a href=\"http:\/\/servicios.unileon.es\/lti-ir\/lti\/area-de-analisis-clinico-veterinario\/responsables-y-direccion-de-contacto\/\">Responsables y Direcci\u00f3n de Contacto<\/a><\/li>\n<li><a href=\"http:\/\/servicios.unileon.es\/lti-ir\/lti\/area-de-analisis-clinico-veterinario\/introduccion\/\">Introducci\u00f3n<\/a><\/li>\n<li><a href=\"http:\/\/servicios.unileon.es\/lti-ir\/lti\/equipamiento-disponible\/\">Equipamiento<\/a><\/li>\n<li><a href=\"http:\/\/servicios.unileon.es\/lti-ir\/lti\/area-de-analisis-clinico-veterinario\/formulario-de-solicitud-de-analisis\/\">Formulario de solicitud de an\u00e1lisis<\/a><\/li>\n<li><a href=\"http:\/\/servicios.unileon.es\/lti-ir\/lti\/tarifas\/#personal08\">Tarifas<\/a><\/li>\n<\/ul>\n","protected":false},"excerpt":{"rendered":"<p>Responsables y Direcci\u00f3n de Contacto Introducci\u00f3n Equipamiento Formulario de solicitud de an\u00e1lisis Tarifas<\/p>\n","protected":false},"author":1,"featured_media":0,"parent":14,"menu_order":0,"comment_status":"closed","ping_status":"open","template":"","meta":{"footnotes":""},"class_list":["post-93","page","type-page","status-publish","hentry"],"_links":{"self":[{"href":"https:\/\/servicios.unileon.es\/lti-ir\/wp-json\/wp\/v2\/pages\/93","targetHints":{"allow":["GET"]}}],"collection":[{"href":"https:\/\/servicios.unileon.es\/lti-ir\/wp-json\/wp\/v2\/pages"}],"about":[{"href":"https:\/\/servicios.unileon.es\/lti-ir\/wp-json\/wp\/v2\/types\/page"}],"author":[{"embeddable":true,"href":"https:\/\/servicios.unileon.es\/lti-ir\/wp-json\/wp\/v2\/users\/1"}],"replies":[{"embeddable":true,"href":"https:\/\/servicios.unileon.es\/lti-ir\/wp-json\/wp\/v2\/comments?post=93"}],"version-history":[{"count":5,"href":"https:\/\/servicios.unileon.es\/lti-ir\/wp-json\/wp\/v2\/pages\/93\/revisions"}],"predecessor-version":[{"id":196,"href":"https:\/\/servicios.unileon.es\/lti-ir\/wp-json\/wp\/v2\/pages\/93\/revisions\/196"}],"up":[{"embeddable":true,"href":"https:\/\/servicios.unileon.es\/lti-ir\/wp-json\/wp\/v2\/pages\/14"}],"wp:attachment":[{"href":"https:\/\/servicios.unileon.es\/lti-ir\/wp-json\/wp\/v2\/media?parent=93"}],"curies":[{"name":"wp","href":"https:\/\/api.w.org\/{rel}","templated":true}]}}