{"id":86,"date":"2011-05-16T10:43:39","date_gmt":"2011-05-16T10:43:39","guid":{"rendered":"http:\/\/servicios.unileon.es\/lti-ir\/?page_id=86"},"modified":"2024-04-25T10:31:27","modified_gmt":"2024-04-25T10:31:27","slug":"area-de-analisis-de-acidos-nucleicos","status":"publish","type":"page","link":"https:\/\/servicios.unileon.es\/lti-ir\/lti\/area-de-analisis-de-acidos-nucleicos\/","title":{"rendered":"\u00c1rea de An\u00e1lisis de \u00c1cidos Nucleicos e Identificaci\u00f3n de Microorganismos"},"content":{"rendered":"<p>El \u00c1rea de An\u00e1lisis de \u00c1cidos Nucleicos del Laboratorio de T\u00e9cnicas Instrumentales e Identificaci\u00f3n de Microorganismos (L.T.I.) de la Universidad de Le\u00f3n cuenta con infraestructura tecnol\u00f3gica de \u00faltima generaci\u00f3n y posee personal cualificado para brindar a los investigadores de la Universidad de Le\u00f3n o de otras Instituciones P\u00fablicas o Privadas los servicios de an\u00e1lisis de \u00e1cidos nucleicos de mayor demanda: <strong>Secuenciaci\u00f3n de DNA, An\u00e1lisis del tama\u00f1o de Fragmentos<\/strong> (microsat\u00e9lites, STRs, AFLPs, etc), <strong>An\u00e1lisis de SNPs, PCR a tiempo real, Ribotipado de especies bacterianas e Identificaci\u00f3n de bacterias, hongos y levaduras mediante secuenciaci\u00f3n de DNA o por MALDI-TOF.<\/strong><\/p>\n<ul class=\"big\">\n<li><a href=\"http:\/\/servicios.unileon.es\/lti-ir\/lti\/area-de-analisis-de-acidos-nucleicos\/responsable-y-direccion-de-contacto\/\">Responsable y Direcci\u00f3n de Contacto<\/a><\/li>\n<li><a href=\"http:\/\/servicios.unileon.es\/lti-ir\/lti\/equipamiento-disponible\/\">Equipamiento<\/a><\/li>\n<li><a href=\"http:\/\/servicios.unileon.es\/lti-ir\/lti\/area-de-analisis-de-acidos-nucleicos\/secuenciacion-de-dna\/\">Secuenciaci\u00f3n de DNA<\/a><\/li>\n<li><a href=\"http:\/\/servicios.unileon.es\/lti-ir\/lti\/area-de-analisis-de-acidos-nucleicos\/analisis-de-fragmentos\/\">An\u00e1lisis de Fragmentos<\/a><\/li>\n<li><a href=\"http:\/\/servicios.unileon.es\/lti-ir\/lti\/area-de-analisis-de-acidos-nucleicos\/analisis-de-snps\/\">An\u00e1lisis de SNPs<\/a><\/li>\n<li><a href=\"http:\/\/servicios.unileon.es\/lti-ir\/lti\/area-de-analisis-de-acidos-nucleicos\/pcr-a-tiempo-real\/\">PCR a Tiempo Real<\/a><\/li>\n<li><a href=\"http:\/\/servicios.unileon.es\/lti-ir\/lti\/area-de-analisis-de-acidos-nucleicos\/ribotipado-de-especies-bacterianas\/\">Ribotipado de especies bacterianas<\/a><\/li>\n<li><a href=\"http:\/\/servicios.unileon.es\/lti-ir\/lti\/area-de-analisis-de-acidos-nucleicos\/identificacion-de-bacterias-hongos-y-levaduras\/\">Identificaci\u00f3n de bacterias, hongos y levaduras<\/a><\/li>\n<li><a href=\"http:\/\/servicios.unileon.es\/lti-ir\/lti\/area-de-analisis-de-acidos-nucleicos\/formularios-de-entrega-de-muestras-y-recogida-de-resultados\/\">Formularios de Entrega de Muestras y Recogida de Resultados<\/a><\/li>\n<li><a href=\"http:\/\/servicios.unileon.es\/lti-ir\/lti\/area-de-analisis-de-acidos-nucleicos\/repeticiones-y-devolucion-de-muestras\/\">Repeticiones y devoluci\u00f3n de muestras<\/a><\/li>\n<li><a href=\"http:\/\/servicios.unileon.es\/lti-ir\/lti\/tarifas\/#personal05\">Tarifas<\/a><\/li>\n<\/ul>\n","protected":false},"excerpt":{"rendered":"<p>El \u00c1rea de An\u00e1lisis de \u00c1cidos Nucleicos del Laboratorio de T\u00e9cnicas Instrumentales e Identificaci\u00f3n de Microorganismos (L.T.I.) de la Universidad de Le\u00f3n cuenta con infraestructura tecnol\u00f3gica de \u00faltima generaci\u00f3n y posee personal cualificado para brindar a los investigadores de la Universidad de Le\u00f3n o de otras Instituciones P\u00fablicas o Privadas los servicios de an\u00e1lisis de [&hellip;]<\/p>\n","protected":false},"author":1,"featured_media":0,"parent":14,"menu_order":0,"comment_status":"closed","ping_status":"open","template":"","meta":{"footnotes":""},"class_list":["post-86","page","type-page","status-publish","hentry"],"_links":{"self":[{"href":"https:\/\/servicios.unileon.es\/lti-ir\/wp-json\/wp\/v2\/pages\/86","targetHints":{"allow":["GET"]}}],"collection":[{"href":"https:\/\/servicios.unileon.es\/lti-ir\/wp-json\/wp\/v2\/pages"}],"about":[{"href":"https:\/\/servicios.unileon.es\/lti-ir\/wp-json\/wp\/v2\/types\/page"}],"author":[{"embeddable":true,"href":"https:\/\/servicios.unileon.es\/lti-ir\/wp-json\/wp\/v2\/users\/1"}],"replies":[{"embeddable":true,"href":"https:\/\/servicios.unileon.es\/lti-ir\/wp-json\/wp\/v2\/comments?post=86"}],"version-history":[{"count":17,"href":"https:\/\/servicios.unileon.es\/lti-ir\/wp-json\/wp\/v2\/pages\/86\/revisions"}],"predecessor-version":[{"id":709,"href":"https:\/\/servicios.unileon.es\/lti-ir\/wp-json\/wp\/v2\/pages\/86\/revisions\/709"}],"up":[{"embeddable":true,"href":"https:\/\/servicios.unileon.es\/lti-ir\/wp-json\/wp\/v2\/pages\/14"}],"wp:attachment":[{"href":"https:\/\/servicios.unileon.es\/lti-ir\/wp-json\/wp\/v2\/media?parent=86"}],"curies":[{"name":"wp","href":"https:\/\/api.w.org\/{rel}","templated":true}]}}