{"id":525,"date":"2019-11-07T11:29:45","date_gmt":"2019-11-07T11:29:45","guid":{"rendered":"http:\/\/servicios.unileon.es\/lti-ir\/?page_id=525"},"modified":"2019-11-07T11:30:56","modified_gmt":"2019-11-07T11:30:56","slug":"comunicacion-a-proveedores","status":"publish","type":"page","link":"https:\/\/servicios.unileon.es\/lti-ir\/comunicacion-a-proveedores\/","title":{"rendered":"Comunicaci\u00f3n a Proveedores"},"content":{"rendered":"<p style=\"text-align: left;\">El objeto de la presente comunicaci\u00f3n es poner en su conocimiento que el Laboratorio de T\u00e9cnicas Instrumentales (en adelante LTI) tiene implantado un Sistema de Gesti\u00f3n de la Calidad en base a la norma de referencia UNE-EN-ISO 9001:2015.<\/p>\n<p style=\"text-align: left;\">Debido a ello, en cumplimiento con lo requerido por la norma UNE-EN-ISO 9001:2015 y como proveedor\/mantenedor de nuestro laboratorio, le comunicamos los requisitos m\u00ednimos que le son de aplicaci\u00f3n en referencia a la prestaci\u00f3n de su servicio. La verificaci\u00f3n del cumplimiento de estos requisitos se realizar\u00e1 al inicio de la relaci\u00f3n comercial y posteriormente se realizar\u00e1 una evaluaci\u00f3n continua del mismo. El mantenimiento de las condiciones iniciales se comprobar\u00e1 peri\u00f3dicamente a trav\u00e9s del control de los suministros y del proceso.<\/p>\n<p style=\"text-align: left;\">Un proveedor que ha sido eliminado de la lista, no puede ser admitido de nuevo, a menos que demuestre que ha subsanado el error que provoc\u00f3 su eliminaci\u00f3n, y ser\u00e1 sometido de nuevo a la evaluaci\u00f3n previa.<\/p>\n<p style=\"text-align: left;\">Los requisitos a nivel de Calidad son los siguientes:<\/p>\n<ul>\n<li style=\"text-align: left;\">Cumplimiento de los pedidos de productos y servicios, as\u00ed como de los plazos de entrega.<\/li>\n<li style=\"text-align: left;\">Cumplimiento del precio seg\u00fan oferta aceptada.<\/li>\n<li style=\"text-align: left;\">Cumplimiento de la calidad exigida en la oferta.<\/li>\n<li style=\"text-align: left;\">Compromiso de la garant\u00eda en reparaciones\/modificaciones de equipos (seg\u00fan legislaci\u00f3n vigente).<\/li>\n<li style=\"text-align: left;\">Compromiso de la garant\u00eda post-venta para el equipamiento (seg\u00fan legislaci\u00f3n vigente).<\/li>\n<li style=\"text-align: left;\">Respuesta en tiempo prudencial a las reclamaciones que les podamos efectuar.<\/li>\n<li style=\"text-align: left;\">El proveedor deber\u00e1 cumplir con la legislaci\u00f3n aplicable al servicio que preste (autorizaciones, inspecciones t\u00e9cnicas, etc.). En el caso de productos y servicios afectados por caracter\u00edsticas de seguridad y reglamentaci\u00f3n, deber\u00e1 cumplir las normas y reglamentos aplicables.<\/li>\n<li style=\"text-align: left;\">En el caso de suministros, el proveedor deber\u00e1 proveer las fichas t\u00e9cnicas de los productos, marcado CE del producto, certificado de garant\u00eda y certificaci\u00f3n seg\u00fan UNE-EN-ISO 9001:2015 u otras normas, si procede.<\/li>\n<li style=\"text-align: left;\">En el caso de trabajos realizados en nuestras instalaciones, el proveedor deber\u00e1 aplicar las medidas preventivas necesarias para evitar situaciones de peligro o emergencia durante la realizaci\u00f3n del trabajo encomendado y formar e informar a su personal sobre el trabajo a realizar.<\/li>\n<li style=\"text-align: left;\">El proveedor debe garantizar la correcta gesti\u00f3n y control de los residuos, emisiones atmosf\u00e9ricas, ruidos, vertidos, productos peligrosos, afecci\u00f3n del suelo y mantenimiento de instalaciones respecto al servicio prestado.<\/li>\n<li style=\"text-align: left;\">El proveedor deber\u00e1 trabajar adoptando buenas pr\u00e1cticas ambientales y cumplir con los procedimientos internos que se le hayan comunicado respecto al Sistema de Gesti\u00f3n de la empresa.<\/li>\n<\/ul>\n<p>Le\u00f3n, a 7 de noviembre de 2019.<\/p>\n","protected":false},"excerpt":{"rendered":"<p>El objeto de la presente comunicaci\u00f3n es poner en su conocimiento que el Laboratorio de T\u00e9cnicas Instrumentales (en adelante LTI) tiene implantado un Sistema de Gesti\u00f3n de la Calidad en base a la norma de referencia UNE-EN-ISO 9001:2015. Debido a ello, en cumplimiento con lo requerido por la norma UNE-EN-ISO 9001:2015 y como proveedor\/mantenedor de [&hellip;]<\/p>\n","protected":false},"author":676,"featured_media":0,"parent":0,"menu_order":0,"comment_status":"closed","ping_status":"closed","template":"","meta":{"footnotes":""},"class_list":["post-525","page","type-page","status-publish","hentry"],"_links":{"self":[{"href":"https:\/\/servicios.unileon.es\/lti-ir\/wp-json\/wp\/v2\/pages\/525","targetHints":{"allow":["GET"]}}],"collection":[{"href":"https:\/\/servicios.unileon.es\/lti-ir\/wp-json\/wp\/v2\/pages"}],"about":[{"href":"https:\/\/servicios.unileon.es\/lti-ir\/wp-json\/wp\/v2\/types\/page"}],"author":[{"embeddable":true,"href":"https:\/\/servicios.unileon.es\/lti-ir\/wp-json\/wp\/v2\/users\/676"}],"replies":[{"embeddable":true,"href":"https:\/\/servicios.unileon.es\/lti-ir\/wp-json\/wp\/v2\/comments?post=525"}],"version-history":[{"count":2,"href":"https:\/\/servicios.unileon.es\/lti-ir\/wp-json\/wp\/v2\/pages\/525\/revisions"}],"predecessor-version":[{"id":528,"href":"https:\/\/servicios.unileon.es\/lti-ir\/wp-json\/wp\/v2\/pages\/525\/revisions\/528"}],"wp:attachment":[{"href":"https:\/\/servicios.unileon.es\/lti-ir\/wp-json\/wp\/v2\/media?parent=525"}],"curies":[{"name":"wp","href":"https:\/\/api.w.org\/{rel}","templated":true}]}}