{"id":442,"date":"2018-12-18T11:12:51","date_gmt":"2018-12-18T11:12:51","guid":{"rendered":"http:\/\/servicios.unileon.es\/lti-ir\/?page_id=442"},"modified":"2019-01-14T07:56:49","modified_gmt":"2019-01-14T07:56:49","slug":"equipo-maldi-tof","status":"publish","type":"page","link":"https:\/\/servicios.unileon.es\/lti-ir\/equipo-maldi-tof\/","title":{"rendered":"Espectr\u00f3metro de masas con fuente MALDI y analizador de tubo de vuelo (TOF) con reflector. Modelo Microflex LRF, BRUKER"},"content":{"rendered":"<p class=\"floatleft\"><a class=\"noicon\" href=\"http:\/\/servicios.unileon.es\/lti-ir\/files\/2018\/12\/malditof_feder.pdf\"><img decoding=\"async\" style=\"border: 1px solid #ccc;\" title=\"CARTEL FEDER Espectr\u00f3metro de masas con fuente MALDI y analizador de tubo de vuelo (TOF)\" src=\"http:\/\/servicios.unileon.es\/lti-ir\/files\/2018\/12\/malditof_feder.jpg\" alt=\"CARTEL FEDER Espectr\u00f3metro de masas con fuente MALDI y analizador de tubo de vuelo (TOF)\" \/><\/a><\/p>\n<p>Equipo adquirido mediante el programa <a href=\"https:\/\/www.unileon.es\/files\/resolucion_bocyl_convocatoria_infrared2017nw.pdf\"><strong>INFRARED<\/strong><\/a> de la Junta de Castilla y Le\u00f3n, financiado al 100% con <a href=\"https:\/\/www.unileon.es\/investigadores\/feder\">fondos <strong>FEDER<\/strong><\/a> de la CEE a trav\u00e9s de la \u201cConvocatoria de subvenciones para la adquisici\u00f3n de equipamiento cient\u00edfico compartido en el marco de la red de equipamiento cient\u00edfico-tecnol\u00f3gico compartido en Castilla y Le\u00f3n denominada \u00abInfraestructuras en red de Castilla y Le\u00f3n (<a href=\"https:\/\/www.unileon.es\/files\/resolucion_bocyl_convocatoria_infrared2017nw.pdf\">INFRARED<\/a>)\u00bb cofinanciadas por el Fondo Europeo de Desarrollo Regional (FEDER) para 2018\u201d<\/p>\n<p>El equipo fue solicitado por la Unidad de Investigaci\u00f3n Consolidada UIC 223 perteneciente al <a href=\"http:\/\/ictal.unileon.es\">Instituto de Ciencia y Tecnolog\u00eda de los Alimentos ICTAL<\/a> con el apoyo de los siguientes grupos de investigaci\u00f3n de la Universidad de Le\u00f3n (UIC 253, UIC 056, UIC 137, GIR ENANTIOX), de la Universidad de Salamanca (GIR CIT\u00d3MICA), de la Universidad de Valladolid (UIC 195) y de la Universidad de Burgos (GIR TECNOFOOD).<\/p>\n<p><strong>Los objetivos espec\u00edficos propuestos tras la adquisici\u00f3n de este equipo MALDI TOF son los siguientes:<\/strong><\/p>\n<ul>\n<li>UIC 223 y UIC 253: identificaci\u00f3n de microorganismos pat\u00f3genos (virus, bacterias y hongos) responsables de zoonosis transmitidas por el consumo de alimentos, en muestras de alimentos de distinto tipo.<\/li>\n<li>UIC 223, UIC 195 y GIR ENANTIOX: identificaci\u00f3n de microorganismos alterantes en alimentos y microorganismos residentes en industrias alimentarias.<\/li>\n<li>UIC 253, UIC 195 y GIR TECNOFOOD: detecci\u00f3n de fraudes alimentarios y adulteraciones en alimentos.<\/li>\n<li>UIC 223, GIR TECNOFOOD y GIR ENANTIOX: evaluaci\u00f3n de la eficacia del sistema Bruker MALDI TOF Microflex LRF para la tipificaci\u00f3n de microorganismos y para la caracterizaci\u00f3n de microorganismos resistentes a los antibi\u00f3ticos, en comparaci\u00f3n con otros m\u00e9todos moleculares de tipificaci\u00f3n de uso com\u00fan.<\/li>\n<li>UIC 056: an\u00e1lisis directo de leche de oveja para la determinaci\u00f3n de par\u00e1metros de calidad en sistemas de selecci\u00f3n y mejora de razas aut\u00f3ctonas ovinas de aptitud lechera.<\/li>\n<li>UIC 137: an\u00e1lisis MALDI TOF MS para la detecci\u00f3n de biomarcadores de utilidad en sistemas de selecci\u00f3n y mejora de leguminosas en base a una mayor resistencia a condiciones de estr\u00e9s.<\/li>\n<li>GIR CIT\u00d3MICA: detecci\u00f3n de biomarcadores \u00fatiles en el diagn\u00f3stico precoz de enfermedades con un componente gen\u00e9tico (hemopat\u00edas malignas e inmunopatolog\u00edas).<\/li>\n<\/ul>\n<p class=\"floatright\"><a href=\"http:\/\/servicios.unileon.es\/lti-ir\/files\/2018\/12\/foto_curso.jpg\"><img decoding=\"async\" style=\"border: 1px solid #ccc;\" title=\"Curos del Espectr\u00f3metro de masas con fuente MALDI y analizador de tubo de vuelo (TOF) con reflector. Modelo Microflex LRF, BRUKER\" src=\"http:\/\/servicios.unileon.es\/lti-ir\/files\/2018\/12\/pfoto_curso.jpg\" alt=\"Curos del Espectr\u00f3metro de masas con fuente MALDI y analizador de tubo de vuelo (TOF) con reflector. Modelo Microflex LRF, BRUKER\" \/><\/a><\/p>\n<p>El equipo MALDI-TOF fue presentado a la Comunidad Investigadora de la ULE el 11 de diciembre de 2018. En el enlace adjunto situado al final de esta p\u00e1gina puede acceder al Seminario de Presentaci\u00f3n que tuvo lugar en el Aula Magna de la Facultad de Veterinaria.<\/p>\n<p><strong>El equipo se encuentra en las dependencias del Laboratorio de T\u00e9cnicas Instrumentales.<\/strong><\/p>\n<p>Para su utilizaci\u00f3n ser\u00e1 necesario rellenar una <a href=\"http:\/\/servicios.unileon.es\/lti-ir\/files\/2018\/12\/formulario_de_autorizacion_uso_de_equipo.doc\">Solicitud de autorizaci\u00f3n de uso del Equipo<\/a> as\u00ed como cumplimentar en cada utilizaci\u00f3n el <a href=\"http:\/\/servicios.unileon.es\/lti-ir\/files\/2018\/12\/formulario_uso_de_equipo_MALDI-TOF.doc\">Formulario de uso de equipo MALDI TOF<\/a>.<\/p>\n<p><strong>Aplicaciones:<\/strong><\/p>\n<ul>\n<li>La identificaci\u00f3n y caracterizaci\u00f3n de microorganismos (bacterias, levaduras y hongos filamentosos).<\/li>\n<li>An\u00e1lisis, caracterizaci\u00f3n e identificaci\u00f3n de macromol\u00e9culas: L\u00edpidos, p\u00e9ptidos y prote\u00ednas a trav\u00e9s de su huella pept\u00eddica.<\/li>\n<li>Aplicaciones en el \u00e1mbito de la alimentaci\u00f3n como por ejemplo: identificaci\u00f3n de especies animales en preparados de carne y pescado, identificaci\u00f3n de fraude y adulteraciones de par\u00e1metros de calidad de los alimentos. Gran parte de estas aplicaciones est\u00e1n recogidas en los objetivos de la adquisici\u00f3n (ver apartado correspondiente).<\/li>\n<\/ul>\n<p><strong>Caracter\u00edsticas:<\/strong><\/p>\n<p class=\"floatright\"><a href=\"http:\/\/servicios.unileon.es\/lti-ir\/files\/2018\/12\/MALDI_20181203_170505.jpg\"><img decoding=\"async\" style=\"border: 1px solid #ccc;\" title=\"Espectr\u00f3metro de masas con fuente MALDI y analizador de tubo de vuelo (TOF) con reflector. Modelo Microflex LRF, BRUKER\" src=\"http:\/\/servicios.unileon.es\/lti-ir\/files\/2018\/12\/pMALDI_20181203_170505.jpg\" alt=\"Espectr\u00f3metro de masas con fuente MALDI y analizador de tubo de vuelo (TOF) con reflector. Modelo Microflex LRF, BRUKER\" \/><\/a><\/p>\n<p>Fuente MALDI con l\u00e1ser de nitr\u00f3geno dirigido por fibra \u00f3ptica a 60 Hz de potencia variable y \u00f3ptica UV que opera a 337 nm para una ionizaci\u00f3n \u00f3ptima.<\/p>\n<p>Sistema de vac\u00edo mediante una fuente turbomolecular y una bomba de diafragma.<\/p>\n<p>El analizador de tiempo de vuelo proporciona un poder de resoluci\u00f3n de hasta 15.000 FWHM en un amplio rango de masas.<\/p>\n<p>Medici\u00f3n en modo positivo como negativo, aumentando as\u00ed su versatilidad.<\/p>\n<p>El equipo incorpora una estaci\u00f3n de trabajo con soluciones de software para abordar las aplicaciones mencionadas en el apartado anterior:<\/p>\n<ul>\n<li>Software b\u00e1sico de adquisici\u00f3n, control y an\u00e1lisis de espectros de masas adquiridos mediante MALDI.<\/li>\n<li>Software MALDI Biotyper, que permite la identificaci\u00f3n r\u00e1pida (menos de tres minutos por muestra) y autom\u00e1tica de microorganismos. Incorpora una base de datos de m\u00e1s de 7.000 entradas de diferentes g\u00e9neros y especies. La base de datos es abierta y permite la inclusi\u00f3n de nuevas especies, ya sean microorganismos u otro tipo de entradas basadas en espectros de MALDI, por ejemplo: tipos de aceites de oliva o tipos de carne.<\/li>\n<li>Software Clinprotools, que permite realizar estudios estad\u00edsticos comparativos de diferentes perfiles de espectros de masas de MALDI-TOF. Este software posibilita generar y validar modelos estad\u00edsticos basados en las diferencias de composici\u00f3n que pueden detectarse de un mismo tipo de alimento por MALDI-TOF. La generaci\u00f3n de estos modelos permitir\u00eda clasificar de manera autom\u00e1tica, r\u00e1pida y econ\u00f3mica adulteraciones en alimentos, ya que la composici\u00f3n de un alimento adulterado es diferente al original.<\/li>\n<\/ul>\n<h3>Presentaci\u00f3n del MicroFlex LRF, BRUKER<\/h3>\n<div style=\"width: 620px;\" class=\"wp-video\"><!--[if lt IE 9]><script>document.createElement('video');<\/script><![endif]-->\n<video class=\"wp-video-shortcode\" id=\"video-442-1\" width=\"620\" height=\"360\" preload=\"metadata\" controls=\"controls\"><source type=\"video\/mp4\" src=\"http:\/\/servicios.unileon.es\/lti-ir\/files\/2018\/12\/espectrometro.mp4?_=1\" \/><a href=\"http:\/\/servicios.unileon.es\/lti-ir\/files\/2018\/12\/espectrometro.mp4\">http:\/\/servicios.unileon.es\/lti-ir\/files\/2018\/12\/espectrometro.mp4<\/a><\/video><\/div>\n","protected":false},"excerpt":{"rendered":"<p>Equipo adquirido mediante el programa INFRARED de la Junta de Castilla y Le\u00f3n, financiado al 100% con fondos FEDER de la CEE a trav\u00e9s de la \u201cConvocatoria de subvenciones para la adquisici\u00f3n de equipamiento cient\u00edfico compartido en el marco de la red de equipamiento cient\u00edfico-tecnol\u00f3gico compartido en Castilla y Le\u00f3n denominada \u00abInfraestructuras en red de [&hellip;]<\/p>\n","protected":false},"author":344,"featured_media":0,"parent":0,"menu_order":0,"comment_status":"closed","ping_status":"closed","template":"","meta":{"footnotes":""},"class_list":["post-442","page","type-page","status-publish","hentry"],"_links":{"self":[{"href":"https:\/\/servicios.unileon.es\/lti-ir\/wp-json\/wp\/v2\/pages\/442","targetHints":{"allow":["GET"]}}],"collection":[{"href":"https:\/\/servicios.unileon.es\/lti-ir\/wp-json\/wp\/v2\/pages"}],"about":[{"href":"https:\/\/servicios.unileon.es\/lti-ir\/wp-json\/wp\/v2\/types\/page"}],"author":[{"embeddable":true,"href":"https:\/\/servicios.unileon.es\/lti-ir\/wp-json\/wp\/v2\/users\/344"}],"replies":[{"embeddable":true,"href":"https:\/\/servicios.unileon.es\/lti-ir\/wp-json\/wp\/v2\/comments?post=442"}],"version-history":[{"count":16,"href":"https:\/\/servicios.unileon.es\/lti-ir\/wp-json\/wp\/v2\/pages\/442\/revisions"}],"predecessor-version":[{"id":500,"href":"https:\/\/servicios.unileon.es\/lti-ir\/wp-json\/wp\/v2\/pages\/442\/revisions\/500"}],"wp:attachment":[{"href":"https:\/\/servicios.unileon.es\/lti-ir\/wp-json\/wp\/v2\/media?parent=442"}],"curies":[{"name":"wp","href":"https:\/\/api.w.org\/{rel}","templated":true}]}}