{"id":293,"date":"2015-09-16T09:46:10","date_gmt":"2015-09-16T09:46:10","guid":{"rendered":"http:\/\/servicios.unileon.es\/lti-ir\/?page_id=293"},"modified":"2015-09-16T09:46:10","modified_gmt":"2015-09-16T09:46:10","slug":"identificacion-de-bacterias-hongos-y-levaduras","status":"publish","type":"page","link":"https:\/\/servicios.unileon.es\/lti-ir\/lti\/area-de-analisis-de-acidos-nucleicos\/identificacion-de-bacterias-hongos-y-levaduras\/","title":{"rendered":"Identificaci\u00f3n de bacterias, hongos y levaduras"},"content":{"rendered":"<h3>Identificaci\u00f3n bacteriana<\/h3>\n<p>La secuencia del gen del ARN 16S presenta regiones altamente conservadas pero contiene tambi\u00e9n variaciones que se concentran en zonas espec\u00edficas; por ello es considerado como el marcador inicial y en muchas ocasiones suficiente para generar una identificaci\u00f3n precisa. En otros casos, debido a la alta homolog\u00eda gen\u00e9tica presente en determinados g\u00e9neros bacterianos, hay que recurrir a otros genes diana (consultar).<\/p>\n<p>As\u00ed pues, utilizando cebadores que hibriden en las zonas conservadas podemos amplificar por PCR los fragmentos variables y mediante la comparaci\u00f3n de la secuencia obtenida con las bases de datos disponibles le podemos asignar la especie o al menos el g\u00e9nero.<\/p>\n<p>&nbsp;<\/p>\n<h3>Identificaci\u00f3n de hongos<\/h3>\n<p>Para la identificaci\u00f3n taxon\u00f3mica de hongos utilizamos la secuencia de las regiones ITS (Internal Target Spacer). Utilizando cebadores que hibriden en las zonas conservadas podemos amplificar por PCR la regi\u00f3n que incluye ITS1, el gen del ARN 5,8S e ITS2 y mediante la comparaci\u00f3n de la secuencia obtenida con las bases de datos disponibles le podemos asignar la especie o al menos el g\u00e9nero.<\/p>\n<p>&nbsp;<\/p>\n<h3>Identificaci\u00f3n de levaduras<\/h3>\n<p>En el caso de las Levaduras para su identificaci\u00f3n taxon\u00f3mica recurriremos a la secuenciaci\u00f3n de la regi\u00f3n D1\/D2 del gen del ARN 28S. Nuevamente, utilizando cebadores que hibriden en las zonas conservadas, podemos amplificar por PCR dicha regi\u00f3n y mediante la comparaci\u00f3n de la secuencia obtenida con las bases de datos disponibles le podemos asignar la especie o al menos el g\u00e9nero.<\/p>\n","protected":false},"excerpt":{"rendered":"<p>Identificaci\u00f3n bacteriana La secuencia del gen del ARN 16S presenta regiones altamente conservadas pero contiene tambi\u00e9n variaciones que se concentran en zonas espec\u00edficas; por ello es considerado como el marcador inicial y en muchas ocasiones suficiente para generar una identificaci\u00f3n precisa. En otros casos, debido a la alta homolog\u00eda gen\u00e9tica presente en determinados g\u00e9neros bacterianos, [&hellip;]<\/p>\n","protected":false},"author":344,"featured_media":0,"parent":86,"menu_order":0,"comment_status":"closed","ping_status":"closed","template":"","meta":{"footnotes":""},"class_list":["post-293","page","type-page","status-publish","hentry"],"_links":{"self":[{"href":"https:\/\/servicios.unileon.es\/lti-ir\/wp-json\/wp\/v2\/pages\/293","targetHints":{"allow":["GET"]}}],"collection":[{"href":"https:\/\/servicios.unileon.es\/lti-ir\/wp-json\/wp\/v2\/pages"}],"about":[{"href":"https:\/\/servicios.unileon.es\/lti-ir\/wp-json\/wp\/v2\/types\/page"}],"author":[{"embeddable":true,"href":"https:\/\/servicios.unileon.es\/lti-ir\/wp-json\/wp\/v2\/users\/344"}],"replies":[{"embeddable":true,"href":"https:\/\/servicios.unileon.es\/lti-ir\/wp-json\/wp\/v2\/comments?post=293"}],"version-history":[{"count":1,"href":"https:\/\/servicios.unileon.es\/lti-ir\/wp-json\/wp\/v2\/pages\/293\/revisions"}],"predecessor-version":[{"id":294,"href":"https:\/\/servicios.unileon.es\/lti-ir\/wp-json\/wp\/v2\/pages\/293\/revisions\/294"}],"up":[{"embeddable":true,"href":"https:\/\/servicios.unileon.es\/lti-ir\/wp-json\/wp\/v2\/pages\/86"}],"wp:attachment":[{"href":"https:\/\/servicios.unileon.es\/lti-ir\/wp-json\/wp\/v2\/media?parent=293"}],"curies":[{"name":"wp","href":"https:\/\/api.w.org\/{rel}","templated":true}]}}