{"id":27,"date":"2011-05-06T12:25:53","date_gmt":"2011-05-06T12:25:53","guid":{"rendered":"http:\/\/servicios.unileon.es\/lti-ir\/?page_id=27"},"modified":"2011-05-11T10:06:51","modified_gmt":"2011-05-11T10:06:51","slug":"introduccion","status":"publish","type":"page","link":"https:\/\/servicios.unileon.es\/lti-ir\/lti\/introduccion\/","title":{"rendered":"Introducci\u00f3n"},"content":{"rendered":"<p>El Laboratorio de T\u00e9cnicas Instrumentales, fue creado en el a\u00f1o 1993 por el Vicerrectorado de Investigaci\u00f3n con ayuda de fondos FEDER de la Comunidad Econ\u00f3mica Europea, ante la necesidad de incorporar y optimizar la utilizaci\u00f3n de una serie de equipos cient\u00edficos que por su alto precio, sofisticada tecnolog\u00eda o necesidad de personal especializado para su manejo, superan las posibilidades de los Departamentos. Con este fin se ha dotado al Laboratorio de T\u00e9cnicas Instrumentales de personal altamente capacitado y de una serie de instrumental cient\u00edfico dirigido especialmente a las investigaciones en el campo de las ciencias biom\u00e9dicas, veterinarias, alimentarias, medio ambientales, geol\u00f3gicas y agrarias.<\/p>\n<p>El equipamiento cient\u00edfico de que dispone el Laboratorio de T\u00e9cnicas Instrumentales, tambi\u00e9n est\u00e1 a disposici\u00f3n de la docencia de los alumnos de \u00faltimos cursos de Grado y M\u00e1ster, y tercer ciclo, que por medio de sus profesores y a trav\u00e9s de los cauces establecidos, pueden beneficiar en su formaci\u00f3n del conocimiento en mayor o menor medida, seg\u00fan las materias, de un equipamiento muy moderno y sofisticado.<\/p>\n<p>La Universidad, en su inter\u00e9s creciente de colaboraci\u00f3n Universidad &#8211; Empresa, dispone de cauces para que las empresas que as\u00ed lo deseen puedan utilizar el equipamiento a trav\u00e9s del personal propio del Laboratorio de T\u00e9cnicas Instrumentales o de los Departamentos m\u00e1s afines a su actividad.<\/p>\n<p>En marzo de 2011 se ha conseguido el certificado del sistema de gesti\u00f3n de calidad UNE-EN ISO 9001, lo que permite avanzar en la direcci\u00f3n de dar un mejor servicio a la investigaci\u00f3n y docencia de nuestra Universidad y centros colaboradores.<\/p>\n","protected":false},"excerpt":{"rendered":"<p>El Laboratorio de T\u00e9cnicas Instrumentales, fue creado en el a\u00f1o 1993 por el Vicerrectorado de Investigaci\u00f3n con ayuda de fondos FEDER de la Comunidad Econ\u00f3mica Europea, ante la necesidad de incorporar y optimizar la utilizaci\u00f3n de una serie de equipos cient\u00edficos que por su alto precio, sofisticada tecnolog\u00eda o necesidad de personal especializado para su [&hellip;]<\/p>\n","protected":false},"author":1,"featured_media":0,"parent":14,"menu_order":0,"comment_status":"closed","ping_status":"open","template":"","meta":{"footnotes":""},"class_list":["post-27","page","type-page","status-publish","hentry"],"_links":{"self":[{"href":"https:\/\/servicios.unileon.es\/lti-ir\/wp-json\/wp\/v2\/pages\/27","targetHints":{"allow":["GET"]}}],"collection":[{"href":"https:\/\/servicios.unileon.es\/lti-ir\/wp-json\/wp\/v2\/pages"}],"about":[{"href":"https:\/\/servicios.unileon.es\/lti-ir\/wp-json\/wp\/v2\/types\/page"}],"author":[{"embeddable":true,"href":"https:\/\/servicios.unileon.es\/lti-ir\/wp-json\/wp\/v2\/users\/1"}],"replies":[{"embeddable":true,"href":"https:\/\/servicios.unileon.es\/lti-ir\/wp-json\/wp\/v2\/comments?post=27"}],"version-history":[{"count":2,"href":"https:\/\/servicios.unileon.es\/lti-ir\/wp-json\/wp\/v2\/pages\/27\/revisions"}],"predecessor-version":[{"id":51,"href":"https:\/\/servicios.unileon.es\/lti-ir\/wp-json\/wp\/v2\/pages\/27\/revisions\/51"}],"up":[{"embeddable":true,"href":"https:\/\/servicios.unileon.es\/lti-ir\/wp-json\/wp\/v2\/pages\/14"}],"wp:attachment":[{"href":"https:\/\/servicios.unileon.es\/lti-ir\/wp-json\/wp\/v2\/media?parent=27"}],"curies":[{"name":"wp","href":"https:\/\/api.w.org\/{rel}","templated":true}]}}