{"id":224,"date":"2011-05-19T06:20:13","date_gmt":"2011-05-19T06:20:13","guid":{"rendered":"http:\/\/servicios.unileon.es\/lti-ir\/?page_id=224"},"modified":"2023-03-01T13:29:09","modified_gmt":"2023-03-01T13:29:09","slug":"curso-basico-de-formacion-de-usuarios","status":"publish","type":"page","link":"https:\/\/servicios.unileon.es\/lti-ir\/ir\/curso-basico-de-formacion-de-usuarios\/","title":{"rendered":"Curso b\u00e1sico de formaci\u00f3n de usuarios"},"content":{"rendered":"<h3>Descarga del Curso<\/h3>\n<p>Se deber\u00e1 descargar la documentaci\u00f3n correspondiente al <a href=\"https:\/\/www.unileon.es\/ficheros\/investigacion\/ltiir\/ir_curso_basico.pdf\" title=\"Curso b\u00e1sico (documento pdf)\"><strong>Curso b\u00e1sico<\/strong> (documento pdf)<\/a> y a la <a href=\"https:\/\/www.unileon.es\/ficheros\/investigacion\/ltiir\/normativa_plan_emergencia110919.pdf\" title=\"Normativa Interna (documento pdf)\"><strong>Normativa Interna<\/strong> (documento pdf)<\/a><\/p>\n","protected":false},"excerpt":{"rendered":"<p>Descarga del Curso Se deber\u00e1 descargar la documentaci\u00f3n correspondiente al Curso b\u00e1sico (documento pdf) y a la Normativa Interna (documento pdf)<\/p>\n","protected":false},"author":1,"featured_media":0,"parent":16,"menu_order":0,"comment_status":"closed","ping_status":"open","template":"","meta":{"footnotes":""},"class_list":["post-224","page","type-page","status-publish","hentry"],"_links":{"self":[{"href":"https:\/\/servicios.unileon.es\/lti-ir\/wp-json\/wp\/v2\/pages\/224","targetHints":{"allow":["GET"]}}],"collection":[{"href":"https:\/\/servicios.unileon.es\/lti-ir\/wp-json\/wp\/v2\/pages"}],"about":[{"href":"https:\/\/servicios.unileon.es\/lti-ir\/wp-json\/wp\/v2\/types\/page"}],"author":[{"embeddable":true,"href":"https:\/\/servicios.unileon.es\/lti-ir\/wp-json\/wp\/v2\/users\/1"}],"replies":[{"embeddable":true,"href":"https:\/\/servicios.unileon.es\/lti-ir\/wp-json\/wp\/v2\/comments?post=224"}],"version-history":[{"count":4,"href":"https:\/\/servicios.unileon.es\/lti-ir\/wp-json\/wp\/v2\/pages\/224\/revisions"}],"predecessor-version":[{"id":681,"href":"https:\/\/servicios.unileon.es\/lti-ir\/wp-json\/wp\/v2\/pages\/224\/revisions\/681"}],"up":[{"embeddable":true,"href":"https:\/\/servicios.unileon.es\/lti-ir\/wp-json\/wp\/v2\/pages\/16"}],"wp:attachment":[{"href":"https:\/\/servicios.unileon.es\/lti-ir\/wp-json\/wp\/v2\/media?parent=224"}],"curies":[{"name":"wp","href":"https:\/\/api.w.org\/{rel}","templated":true}]}}