{"id":218,"date":"2011-05-19T06:14:30","date_gmt":"2011-05-19T06:14:30","guid":{"rendered":"http:\/\/servicios.unileon.es\/lti-ir\/?page_id=218"},"modified":"2011-05-19T06:14:30","modified_gmt":"2011-05-19T06:14:30","slug":"prestaciones","status":"publish","type":"page","link":"https:\/\/servicios.unileon.es\/lti-ir\/ir\/prestaciones\/","title":{"rendered":"Prestaciones"},"content":{"rendered":"<ul class=\"big\">\n<li>Asesoramiento sobre fuentes radiactivas, radiactividad y radioprotecci\u00f3n.<\/li>\n<li>Adquisici\u00f3n de todo el material radiactivo solicitado en la Universidad y almacenamiento del mismo.<\/li>\n<li>Control directo del trabajo con radiois\u00f3topos en la Universidad de Le\u00f3n.<\/li>\n<li>Almacenamiento y gesti\u00f3n de los residuos radiactivos generados.<\/li>\n<li>Vigilancia del cumplimiento de las normas de protecci\u00f3n radiol\u00f3gica.<\/li>\n<li>Formaci\u00f3n y capacitaci\u00f3n de personal para el trabajo con radiaciones ionizantes.<\/li>\n<li>Control dosim\u00e9trico y m\u00e9dico de los usuarios.<\/li>\n<li>Prestaci\u00f3n de soporte t\u00e9cnico para el correcto uso de todo el equipamiento de la Instalaci\u00f3n, el cual est\u00e1 a disposici\u00f3n de todos los usuarios del Servicio.<\/li>\n<\/ul>\n","protected":false},"excerpt":{"rendered":"<p>Asesoramiento sobre fuentes radiactivas, radiactividad y radioprotecci\u00f3n. Adquisici\u00f3n de todo el material radiactivo solicitado en la Universidad y almacenamiento del mismo. Control directo del trabajo con radiois\u00f3topos en la Universidad de Le\u00f3n. Almacenamiento y gesti\u00f3n de los residuos radiactivos generados. Vigilancia del cumplimiento de las normas de protecci\u00f3n radiol\u00f3gica. Formaci\u00f3n y capacitaci\u00f3n de personal para [&hellip;]<\/p>\n","protected":false},"author":1,"featured_media":0,"parent":16,"menu_order":0,"comment_status":"closed","ping_status":"open","template":"","meta":{"footnotes":""},"class_list":["post-218","page","type-page","status-publish","hentry"],"_links":{"self":[{"href":"https:\/\/servicios.unileon.es\/lti-ir\/wp-json\/wp\/v2\/pages\/218","targetHints":{"allow":["GET"]}}],"collection":[{"href":"https:\/\/servicios.unileon.es\/lti-ir\/wp-json\/wp\/v2\/pages"}],"about":[{"href":"https:\/\/servicios.unileon.es\/lti-ir\/wp-json\/wp\/v2\/types\/page"}],"author":[{"embeddable":true,"href":"https:\/\/servicios.unileon.es\/lti-ir\/wp-json\/wp\/v2\/users\/1"}],"replies":[{"embeddable":true,"href":"https:\/\/servicios.unileon.es\/lti-ir\/wp-json\/wp\/v2\/comments?post=218"}],"version-history":[{"count":2,"href":"https:\/\/servicios.unileon.es\/lti-ir\/wp-json\/wp\/v2\/pages\/218\/revisions"}],"predecessor-version":[{"id":220,"href":"https:\/\/servicios.unileon.es\/lti-ir\/wp-json\/wp\/v2\/pages\/218\/revisions\/220"}],"up":[{"embeddable":true,"href":"https:\/\/servicios.unileon.es\/lti-ir\/wp-json\/wp\/v2\/pages\/16"}],"wp:attachment":[{"href":"https:\/\/servicios.unileon.es\/lti-ir\/wp-json\/wp\/v2\/media?parent=218"}],"curies":[{"name":"wp","href":"https:\/\/api.w.org\/{rel}","templated":true}]}}