{"id":214,"date":"2011-05-19T06:11:25","date_gmt":"2011-05-19T06:11:25","guid":{"rendered":"http:\/\/servicios.unileon.es\/lti-ir\/?page_id=214"},"modified":"2011-05-30T07:45:40","modified_gmt":"2011-05-30T07:45:40","slug":"equipamiento-disponible","status":"publish","type":"page","link":"https:\/\/servicios.unileon.es\/lti-ir\/ir\/equipamiento-disponible\/","title":{"rendered":"Equipamiento disponible"},"content":{"rendered":"<ul>\n<li><a href=\"#26\">Monitores de contaminaci\u00f3n<\/a> <\/li>\n<li><a href=\"#27\">Detectores de contaminaci\u00f3n personal<\/a> <\/li>\n<li>Vitrinas de gases para trabajos con is\u00f3topos emisores beta y gamma <\/li>\n<li>Cabina para trabajo con radiois\u00f3topos Flufance, modelo Lodine <\/li>\n<li><a href=\"#28\">Estufa de Incubaci\u00f3n de CO<sub>2<\/sub><\/a> <\/li>\n<li><a href=\"#29\">Hornos de Hibridaci\u00f3n<\/a> <\/li>\n<li><a href=\"#30\">Equipos de Centelleo L\u00edquido<\/a> <\/li>\n<li>Centr\u00edfugas de varios tipos <\/li>\n<li>Equipo \u00abHarvester\u00bb <\/li>\n<li>Ba\u00f1os de varios tipos <\/li>\n<li>Dispositivos de almacenamiento y control de materiales radiactivos y sus residuos <\/li>\n<li>Dispositivos de radioprotecci\u00f3n: bandejas, pantallas, contenedores, mandiles, guantes etc <\/li>\n<li><a href=\"#17\">Termociclador<\/a> <\/li>\n<li><a href=\"#sec_geles\">Secador de Geles<\/a> <\/li>\n<li><a href=\"#cab_rx\">Cabina de irradiaci\u00f3n de rayos X<\/a> <\/li>\n<\/ul>\n<p>&nbsp;<\/p>\n<p>&nbsp;<\/p>\n<p><a name=\"26\"><\/a><\/p>\n<p>&nbsp;<\/p>\n<div class=\"equipamiento\">\n<h3>Monitores de contaminaci\u00f3n y Radiaci\u00f3n<\/h3>\n<p class=\"floatright\"><img decoding=\"async\" src=\"http:\/\/www.unileon.es\/ficheros\/investigacion\/ltiir\/24.gif\" alt=\"Monitores de contaminaci\u00f3n y Radiaci\u00f3n\" \/><\/p>\n<ul>\n<li>Se dispone de un total de 6 monitores de contaminaci\u00f3n (2 de ellos ubicados en los Laboratorios Autorizados de Microbiolog\u00eda y Toxicolog\u00eda) y 1 monitor de radiaci\u00f3n, todos ellos provistos con sondas Geiger-M\u00fcller.<\/li>\n<li>Los monitores de contaminaci\u00f3n son adecuados para detectar radiaci\u00f3n b energ\u00e9tica (<sup>32<\/sup>P o <sup>35<\/sup>S). En menor medida responden a <sup>14<\/sup>C y no son adecuados para <sup>3<\/sup>H.<\/li>\n<li>El monitor de radiaci\u00f3n s\u00f3lo es adecuado para radiaci\u00f3n g de energ\u00eda comprendida en un rango de 50 KeV a 1,25 MeV.<\/li>\n<\/ul>\n<p class=\"clear\">&nbsp;<\/p>\n<\/div>\n<p>&nbsp;<\/p>\n<p><a name=\"27\"><\/a><\/p>\n<p>&nbsp;<\/p>\n<div class=\"equipamiento\">\n<h3>Detectores de contaminaci\u00f3n personal<\/h3>\n<p class=\"floatright\"><img decoding=\"async\" src=\"http:\/\/www.unileon.es\/ficheros\/investigacion\/ltiir\/22.gif\"  alt=\"Detectores de contaminaci\u00f3n personal\" \/><\/p>\n<ul>\n<li>Detector de p\u00f3rtico de contaminaci\u00f3n de manos y pies. Posee sonda para monitorizar la ropa. Discrimina radiaci\u00f3n b y g.<\/li>\n<li>Uso obligatorio despu\u00e9s de trabajar en la Instalaci\u00f3n Principal.<\/li>\n<\/ul>\n<p class=\"clear\">&nbsp;<\/p>\n<\/div>\n<p>&nbsp;<\/p>\n<p><a name=\"28\"><\/a><\/p>\n<p>&nbsp;<\/p>\n<div class=\"equipamiento\">\n<h3>Estufa de Incubaci\u00f3n de CO<sub>2<\/sub><\/h3>\n<p class=\"floatright\"><img decoding=\"async\" src=\"http:\/\/www.unileon.es\/ficheros\/investigacion\/ltiir\/estufa_co2.jpg\" alt=\"Estufa de Incubaci\u00f3n de CO2\" \/><\/p>\n<ul>\n<li>Control de Temperatura por microprocesador. Precisi\u00f3n 0,1&ordm;C.<\/li>\n<li>Rango entre +5&ordm;C por encima de la Temperatura ambiente hasta 50&ordm;C.<\/li>\n<li>Humedad mediante bandeja con agua.<\/li>\n<li>Control de CO<sub>2<\/sub> por display digital. Rango de 0% a 20%. Precisi\u00f3n 0,1%.<\/li>\n<\/ul>\n<p class=\"clear\">&nbsp;<\/p>\n<\/div>\n<p>&nbsp;<\/p>\n<p><a name=\"29\"><\/a><\/p>\n<p>&nbsp;<\/p>\n<div class=\"equipamiento\">\n<h3>Hornos de Hibridaci\u00f3n<\/h3>\n<p class=\"floatright\"><img decoding=\"async\" src=\"http:\/\/www.unileon.es\/ficheros\/investigacion\/ltiir\/25.gif\" alt=\"Hornos de Hibridaci\u00f3n\" \/><\/p>\n<ul>\n<li>Se dispone de 2 hornos:\n<ul>\n<li>Uno con capacidad hasta 12 tubos de hibridaci\u00f3n.<\/li>\n<li>El otro con hibridaci\u00f3n mediante placa agitadora.<\/li>\n<\/ul>\n<\/li>\n<li>Ambos cuentan con control de temperatura y ajuste de velocidad de giro o de agitaci\u00f3n.<\/li>\n<\/ul>\n<p class=\"clear\">&nbsp;<\/p>\n<\/div>\n<p>&nbsp;<\/p>\n<p><a name=\"30\"><\/a><\/p>\n<p>&nbsp;<\/p>\n<div class=\"equipamiento\">\n<h3>Equipos de Centelleo L\u00edquido<\/h3>\n<p class=\"floatright\"><img decoding=\"async\" src=\"http:\/\/www.unileon.es\/ficheros\/investigacion\/ltiir\/058.gif\" alt=\"Equipos de Centelleo L\u00edquido. Contador Packard\" \/><\/p>\n<ul>\n<li>Contadores de centelleo l\u00edquido para radiaci\u00f3n \u03b2 con gran capacidad de viales (300 de 20 ml \u00f3 600 de 6 ml).<\/li>\n<li>Eficacia >= 95% para <sup>14<\/sup>C \u00f3 >= 60% para <sup>3<\/sup>H.<\/li>\n<li>Reproductilidad \u00b1 1%.<\/li>\n<li>Disponen de programas para los isotopos m\u00e1s frecuentes: <sup>14<\/sup>C, <sup>3<\/sup>H, <sup>32<\/sup>P, <sup>35<\/sup>S, etc.<\/li>\n<\/ul>\n<p class=\"clear\">&nbsp;<\/p>\n<\/div>\n<p>&nbsp;<\/p>\n<p><a id=\"sec_geles\" name=\"sec_geles\"><\/a><\/p>\n<p>&nbsp;<\/p>\n<div class=\"equipamiento\">\n<h3>Secador de Geles<\/h3>\n<p class=\"floatright\"><img decoding=\"async\" src=\"http:\/\/www.unileon.es\/ficheros\/investigacion\/ltiir\/sec_geles.gif\" alt=\"Secador de Geles\" \/><\/p>\n<ul>\n<li>Ciclos de secado con rampas o gradientes programables.<\/li>\n<li>Temperatura controlada por microprocesa-dor. Rango 50&ordm;C-90&ordm;C.<\/li>\n<li>Posibilidad de ver los geles durante todo el proceso de secado.<\/li>\n<li>Distribuci\u00f3n uniforme del vac\u00edo y la tempe-ratura por todo el gel.<\/li>\n<\/ul>\n<p>ES IMPRESCINDIBLE COLOCAR DOS CAPAS DE PAPEL DE FILTRO TIPO WHATMANN POR DEBAJO DEL GEL PARA EVITAR QUE LA RADIACTIVIDAD PASE A LA BOMBA DE VACIO<\/p>\n<p class=\"clear\">&nbsp;<\/p>\n<\/div>\n<p>&nbsp;<\/p>\n<p><a name=\"17\"><\/a><\/p>\n<p>&nbsp;<\/p>\n<div class=\"equipamiento\">\n<h3>Termociclador<\/h3>\n<p class=\"floatright\"><img decoding=\"async\" src=\"http:\/\/www.unileon.es\/ficheros\/investigacion\/ltiir\/19.gif\" alt=\"Termociclador\" \/><\/p>\n<ul>\n<li>Para amplificaci\u00f3n de \u00e1cidos nucleicos. Con bloque de aluminio de 96 pocillos para tubos de 0,2 ml. Rango de temperaturas de 4&ordm;C a 99&ordm;C con una precisi\u00f3n de +\/- 0,25&ordm;C.<\/li>\n<\/ul>\n<p class=\"clear\">&nbsp;<\/p>\n<\/div>\n<p>&nbsp;<\/p>\n<p><a id=\"cab_rx\" name=\"cab_rx\"><\/a><\/p>\n<p>&nbsp;<\/p>\n<div class=\"equipamiento\">\n<h3>Cabina de irradiaci\u00f3n de rayos X<\/h3>\n<p class=\"floatright\"><img decoding=\"async\" src=\"http:\/\/www.unileon.es\/ficheros\/investigacion\/ltiir\/cabina_irradiacion.jpg\" alt=\"Cabina de irradiaci\u00f3n de rayos X\" \/><\/p>\n<ul>\n<li>Cabina Blindada para irradiaci\u00f3n de peque\u00f1os animales y muestras biol\u00f3gicas.<\/li>\n<li>Plataforma giratoria opcional para uniformizar la dosis recibida.<\/li>\n<li>Programable la tensi\u00f3n del tubo, la intensidad de la corriente y el tiempo.<\/li>\n<li>Rangos de trabajo de 60 a 200 KV y de 0,5 a 4,5 mA.<\/li>\n<\/ul>\n<p class=\"clear\">&nbsp;<\/p>\n<\/div \n\n","protected":false},"excerpt":{"rendered":"<p>Monitores de contaminaci\u00f3n Detectores de contaminaci\u00f3n personal Vitrinas de gases para trabajos con is\u00f3topos emisores beta y gamma Cabina para trabajo con radiois\u00f3topos Flufance, modelo Lodine Estufa de Incubaci\u00f3n de CO2 Hornos de Hibridaci\u00f3n Equipos de Centelleo L\u00edquido Centr\u00edfugas de varios tipos Equipo \u00abHarvester\u00bb Ba\u00f1os de varios tipos Dispositivos de almacenamiento y control de materiales [&hellip;]<\/p>\n","protected":false},"author":1,"featured_media":0,"parent":16,"menu_order":0,"comment_status":"closed","ping_status":"open","template":"","meta":{"footnotes":""},"class_list":["post-214","page","type-page","status-publish","hentry"],"_links":{"self":[{"href":"https:\/\/servicios.unileon.es\/lti-ir\/wp-json\/wp\/v2\/pages\/214","targetHints":{"allow":["GET"]}}],"collection":[{"href":"https:\/\/servicios.unileon.es\/lti-ir\/wp-json\/wp\/v2\/pages"}],"about":[{"href":"https:\/\/servicios.unileon.es\/lti-ir\/wp-json\/wp\/v2\/types\/page"}],"author":[{"embeddable":true,"href":"https:\/\/servicios.unileon.es\/lti-ir\/wp-json\/wp\/v2\/users\/1"}],"replies":[{"embeddable":true,"href":"https:\/\/servicios.unileon.es\/lti-ir\/wp-json\/wp\/v2\/comments?post=214"}],"version-history":[{"count":4,"href":"https:\/\/servicios.unileon.es\/lti-ir\/wp-json\/wp\/v2\/pages\/214\/revisions"}],"predecessor-version":[{"id":253,"href":"https:\/\/servicios.unileon.es\/lti-ir\/wp-json\/wp\/v2\/pages\/214\/revisions\/253"}],"up":[{"embeddable":true,"href":"https:\/\/servicios.unileon.es\/lti-ir\/wp-json\/wp\/v2\/pages\/16"}],"wp:attachment":[{"href":"https:\/\/servicios.unileon.es\/lti-ir\/wp-json\/wp\/v2\/media?parent=214"}],"curies":[{"name":"wp","href":"https:\/\/api.w.org\/{rel}","templated":true}]}}