{"id":209,"date":"2011-05-18T12:33:03","date_gmt":"2011-05-18T12:33:03","guid":{"rendered":"http:\/\/servicios.unileon.es\/lti-ir\/?page_id=209"},"modified":"2011-05-30T07:33:03","modified_gmt":"2011-05-30T07:33:03","slug":"instalaciones","status":"publish","type":"page","link":"https:\/\/servicios.unileon.es\/lti-ir\/ir\/instalaciones\/","title":{"rendered":"Instalaciones"},"content":{"rendered":"<p>La Instalaci\u00f3n Radiactiva de la Universidad de Le\u00f3n (IR-1555) consta en la actualidad de los siguientes laboratorios autorizados por el Consejo de Seguridad Nuclear para trabajar con fuentes radiactivas tanto encapsuladas como no encapsuladas:<\/p>\n<p><strong>Laboratorios de la Instalaci\u00f3n Principal<\/strong> situados en el Laboratorio de T\u00e9cnicas Instrumentales-Instalaci\u00f3n Radiactiva:<\/p>\n<ul>\n<li><strong>Laboratorio 109<\/strong>: Para la manipulaci\u00f3n de fuentes de <sup>35<\/sup>S y <sup>32<\/sup>P. <\/li>\n<li><strong>Laboratorio 108<\/strong>: Para la manipulaci\u00f3n de fuentes de <sup>125<\/sup>I y <sup>131<\/sup>I en estudios de RIA. <\/li>\n<li><strong>Laboratorio 114<\/strong>: Para la manipulaci\u00f3n de fuentes de <sup>14<\/sup>C y <sup>3<\/sup>H. <\/li>\n<li><strong>Sala de Contadores 111<\/strong>: Destinada a la lectura de muestras radiactivas en contadores de centelleo. <\/li>\n<\/ul>\n<p><strong>Laboratorios Autorizados<\/strong><\/p>\n<ul>\n<li><strong>Laboratorio de Bioqu\u00edmica<\/strong>: en el Departamento de Bioqu\u00edmica y Biolog\u00eda Molecular de la Facultad de Veterinaria, primer piso puerta n&ordm; 259. <\/li>\n<li><strong>Laboratorio de Toxicolog\u00eda<\/strong>: en el Departamento de Farmacolog\u00eda, Toxicolog\u00eda y Enfermer\u00eda de la Facultad de Veterinaria de la Facultad de Veterinaria, primer piso puerta n&ordm; 269. <\/li>\n<li><strong>Laboratorio de fuentes encapsuladas<\/strong>: Laboratorio del departamento de Qu\u00edmica y F\u00edsica Aplicadas, situado en la Escuela de Ingenier\u00edas Industrial e Inform\u00e1tica puerta C-6.<\/li>\n<\/ul>\n","protected":false},"excerpt":{"rendered":"<p>La Instalaci\u00f3n Radiactiva de la Universidad de Le\u00f3n (IR-1555) consta en la actualidad de los siguientes laboratorios autorizados por el Consejo de Seguridad Nuclear para trabajar con fuentes radiactivas tanto encapsuladas como no encapsuladas: Laboratorios de la Instalaci\u00f3n Principal situados en el Laboratorio de T\u00e9cnicas Instrumentales-Instalaci\u00f3n Radiactiva: Laboratorio 109: Para la manipulaci\u00f3n de fuentes de [&hellip;]<\/p>\n","protected":false},"author":1,"featured_media":0,"parent":16,"menu_order":0,"comment_status":"closed","ping_status":"open","template":"","meta":{"footnotes":""},"class_list":["post-209","page","type-page","status-publish","hentry"],"_links":{"self":[{"href":"https:\/\/servicios.unileon.es\/lti-ir\/wp-json\/wp\/v2\/pages\/209","targetHints":{"allow":["GET"]}}],"collection":[{"href":"https:\/\/servicios.unileon.es\/lti-ir\/wp-json\/wp\/v2\/pages"}],"about":[{"href":"https:\/\/servicios.unileon.es\/lti-ir\/wp-json\/wp\/v2\/types\/page"}],"author":[{"embeddable":true,"href":"https:\/\/servicios.unileon.es\/lti-ir\/wp-json\/wp\/v2\/users\/1"}],"replies":[{"embeddable":true,"href":"https:\/\/servicios.unileon.es\/lti-ir\/wp-json\/wp\/v2\/comments?post=209"}],"version-history":[{"count":4,"href":"https:\/\/servicios.unileon.es\/lti-ir\/wp-json\/wp\/v2\/pages\/209\/revisions"}],"predecessor-version":[{"id":250,"href":"https:\/\/servicios.unileon.es\/lti-ir\/wp-json\/wp\/v2\/pages\/209\/revisions\/250"}],"up":[{"embeddable":true,"href":"https:\/\/servicios.unileon.es\/lti-ir\/wp-json\/wp\/v2\/pages\/16"}],"wp:attachment":[{"href":"https:\/\/servicios.unileon.es\/lti-ir\/wp-json\/wp\/v2\/media?parent=209"}],"curies":[{"name":"wp","href":"https:\/\/api.w.org\/{rel}","templated":true}]}}