{"id":206,"date":"2011-05-18T12:27:54","date_gmt":"2011-05-18T12:27:54","guid":{"rendered":"http:\/\/servicios.unileon.es\/lti-ir\/?page_id=206"},"modified":"2011-05-18T12:27:54","modified_gmt":"2011-05-18T12:27:54","slug":"introduccion","status":"publish","type":"page","link":"https:\/\/servicios.unileon.es\/lti-ir\/ir\/introduccion\/","title":{"rendered":"Introducci\u00f3n"},"content":{"rendered":"<p>Instalaci\u00f3n Radiactiva, integrado dentro del Laboratorio de T\u00e9cnicas Instrumentales, es un servicio General dependiente del Vicerrectorado de Investigaci\u00f3n.<\/p>\n<p>Actualmente la Universidad de Le\u00f3n dispone de una Instalaci\u00f3n Radiactiva de segunda categor\u00eda para manipulaci\u00f3n de fuentes radiactivas encapsuladas y no encapsuladas con fines de investigaci\u00f3n y docencia.<\/p>\n<p>Esta instalaci\u00f3n, da servicio a diferentes Departamentos y cuenta con equipos de manipulaci\u00f3n y contenci\u00f3n, dispositivos de protecci\u00f3n radiol\u00f3gica y detectores de contaminaci\u00f3n.<\/p>\n<p>Este servicio se ocupa de la gesti\u00f3n y funcionamiento de la Instalaci\u00f3n Radiactiva incluyendo la adquisici\u00f3n y el almacenamiento de todas las sustancias radiactivas utilizadas en la Universidad de Le\u00f3n, el control de todos los procesos de manipulaci\u00f3n de las mismas y la contenci\u00f3n y retirada de los residuos radiactivos generados. Adem\u00e1s, el Servicio de Instalaciones Radiactivas se ocupa de la cobertura legal ante el Consejo de Seguridad Nuclear y la Consejer\u00eda de Industria y Energ\u00eda de la Junta de Castilla y Le\u00f3n.<\/p>\n<p>Cabe destacar la funci\u00f3n que tiene esta Instalaci\u00f3n en el control dosim\u00e9trico y m\u00e9dico del personal profesionalmente expuesto a radiaciones. El control dosim\u00e9trico se realiza con dos\u00edmetros de termoluminiscencia de lectura mensual que son de uso obligatorio para todos los usuarios de la instalaci\u00f3n (excepto los usuarios que utilicen exclusivamente <sup>14<\/sup>C y\/o <sup>3<\/sup>H). As\u00ed mismo, el Servicio gestiona el control m\u00e9dico de todos los usuarios a trav\u00e9s de la mutua de trabajo.<\/p>\n","protected":false},"excerpt":{"rendered":"<p>Instalaci\u00f3n Radiactiva, integrado dentro del Laboratorio de T\u00e9cnicas Instrumentales, es un servicio General dependiente del Vicerrectorado de Investigaci\u00f3n. Actualmente la Universidad de Le\u00f3n dispone de una Instalaci\u00f3n Radiactiva de segunda categor\u00eda para manipulaci\u00f3n de fuentes radiactivas encapsuladas y no encapsuladas con fines de investigaci\u00f3n y docencia. Esta instalaci\u00f3n, da servicio a diferentes Departamentos y cuenta [&hellip;]<\/p>\n","protected":false},"author":1,"featured_media":0,"parent":16,"menu_order":0,"comment_status":"closed","ping_status":"open","template":"","meta":{"footnotes":""},"class_list":["post-206","page","type-page","status-publish","hentry"],"_links":{"self":[{"href":"https:\/\/servicios.unileon.es\/lti-ir\/wp-json\/wp\/v2\/pages\/206","targetHints":{"allow":["GET"]}}],"collection":[{"href":"https:\/\/servicios.unileon.es\/lti-ir\/wp-json\/wp\/v2\/pages"}],"about":[{"href":"https:\/\/servicios.unileon.es\/lti-ir\/wp-json\/wp\/v2\/types\/page"}],"author":[{"embeddable":true,"href":"https:\/\/servicios.unileon.es\/lti-ir\/wp-json\/wp\/v2\/users\/1"}],"replies":[{"embeddable":true,"href":"https:\/\/servicios.unileon.es\/lti-ir\/wp-json\/wp\/v2\/comments?post=206"}],"version-history":[{"count":2,"href":"https:\/\/servicios.unileon.es\/lti-ir\/wp-json\/wp\/v2\/pages\/206\/revisions"}],"predecessor-version":[{"id":208,"href":"https:\/\/servicios.unileon.es\/lti-ir\/wp-json\/wp\/v2\/pages\/206\/revisions\/208"}],"up":[{"embeddable":true,"href":"https:\/\/servicios.unileon.es\/lti-ir\/wp-json\/wp\/v2\/pages\/16"}],"wp:attachment":[{"href":"https:\/\/servicios.unileon.es\/lti-ir\/wp-json\/wp\/v2\/media?parent=206"}],"curies":[{"name":"wp","href":"https:\/\/api.w.org\/{rel}","templated":true}]}}