{"id":199,"date":"2011-05-18T12:20:13","date_gmt":"2011-05-18T12:20:13","guid":{"rendered":"http:\/\/servicios.unileon.es\/lti-ir\/?page_id=199"},"modified":"2018-02-09T08:18:13","modified_gmt":"2018-02-09T08:18:13","slug":"cargos","status":"publish","type":"page","link":"https:\/\/servicios.unileon.es\/lti-ir\/ir\/cargos\/","title":{"rendered":"Cargos"},"content":{"rendered":"<table>\n<tbody>\n<tr>\n<th>Director<\/th>\n<td>Dr. Tom\u00e1s Vigal Garc\u00eda<\/td>\n<\/tr>\n<tr>\n<th rowspan=\"2\">Supervisores<\/th>\n<td>Dr. Tom\u00e1s Vigal Garc\u00eda<\/td>\n<\/tr>\n<tr>\n<td>D. Pablo Arg\u00fcello Garc\u00eda<\/td>\n<\/tr>\n<tr>\n<th rowspan=\"2\">Operadores<\/th>\n<td>Dr. Leandro Benito Rodr\u00edguez Aparicio<br \/>(Departamento de Bioqu\u00edmica y Biolog\u00eda Molecular)<\/td>\n<\/tr>\n<tr>\n<td>Dra. Rosa Reguera Torres<br \/>(Departamento de Farmacolog\u00eda, Toxicolog\u00eda y Enfermer\u00eda)<\/td>\n<\/tr>\n<\/tbody>\n<\/table>\n","protected":false},"excerpt":{"rendered":"<p>Director Dr. Tom\u00e1s Vigal Garc\u00eda Supervisores Dr. Tom\u00e1s Vigal Garc\u00eda D. Pablo Arg\u00fcello Garc\u00eda Operadores Dr. Leandro Benito Rodr\u00edguez Aparicio(Departamento de Bioqu\u00edmica y Biolog\u00eda Molecular) Dra. Rosa Reguera Torres(Departamento de Farmacolog\u00eda, Toxicolog\u00eda y Enfermer\u00eda)<\/p>\n","protected":false},"author":1,"featured_media":0,"parent":16,"menu_order":0,"comment_status":"closed","ping_status":"open","template":"","meta":{"footnotes":""},"class_list":["post-199","page","type-page","status-publish","hentry"],"_links":{"self":[{"href":"https:\/\/servicios.unileon.es\/lti-ir\/wp-json\/wp\/v2\/pages\/199","targetHints":{"allow":["GET"]}}],"collection":[{"href":"https:\/\/servicios.unileon.es\/lti-ir\/wp-json\/wp\/v2\/pages"}],"about":[{"href":"https:\/\/servicios.unileon.es\/lti-ir\/wp-json\/wp\/v2\/types\/page"}],"author":[{"embeddable":true,"href":"https:\/\/servicios.unileon.es\/lti-ir\/wp-json\/wp\/v2\/users\/1"}],"replies":[{"embeddable":true,"href":"https:\/\/servicios.unileon.es\/lti-ir\/wp-json\/wp\/v2\/comments?post=199"}],"version-history":[{"count":11,"href":"https:\/\/servicios.unileon.es\/lti-ir\/wp-json\/wp\/v2\/pages\/199\/revisions"}],"predecessor-version":[{"id":391,"href":"https:\/\/servicios.unileon.es\/lti-ir\/wp-json\/wp\/v2\/pages\/199\/revisions\/391"}],"up":[{"embeddable":true,"href":"https:\/\/servicios.unileon.es\/lti-ir\/wp-json\/wp\/v2\/pages\/16"}],"wp:attachment":[{"href":"https:\/\/servicios.unileon.es\/lti-ir\/wp-json\/wp\/v2\/media?parent=199"}],"curies":[{"name":"wp","href":"https:\/\/api.w.org\/{rel}","templated":true}]}}