{"id":197,"date":"2011-05-18T12:12:14","date_gmt":"2011-05-18T12:12:14","guid":{"rendered":"http:\/\/servicios.unileon.es\/lti-ir\/?page_id=197"},"modified":"2011-05-18T12:12:14","modified_gmt":"2011-05-18T12:12:14","slug":"informacion-de-contacto","status":"publish","type":"page","link":"https:\/\/servicios.unileon.es\/lti-ir\/ir\/informacion-de-contacto\/","title":{"rendered":"Informaci\u00f3n de contacto"},"content":{"rendered":"<table class=\"extendida\">\n<tbody>\n<tr>\n<th>Direcci\u00f3n Postal<\/th>\n<td>UNIVERSIDAD DE LE\u00d3N<br \/>\n\t\t\tLaboratorio de T\u00e9cnicas Instrumentales-Instalaci\u00f3n Radiactiva<br \/>\n\t\t\tCampus de Vegazana<br \/>\n\t\t\t24071 LE\u00d3N<\/td>\n<\/tr>\n<tr>\n<th>Tel\u00e9fono<\/th>\n<td>987 291181<\/td>\n<\/tr>\n<tr>\n<th>FAX<\/th>\n<td>987 291282 \/ 1255<\/td>\n<\/tr>\n<tr>\n<th>Buz\u00f3n electr\u00f3nico<\/td>\n<td><a href=\"mailto:serrad@unileon.es\">serrad@unileon.es<\/a><\/td>\n<\/tr>\n<\/tbody>\n<\/table>\n","protected":false},"excerpt":{"rendered":"<p>Direcci\u00f3n Postal UNIVERSIDAD DE LE\u00d3N Laboratorio de T\u00e9cnicas Instrumentales-Instalaci\u00f3n Radiactiva Campus de Vegazana 24071 LE\u00d3N Tel\u00e9fono 987 291181 FAX 987 291282 \/ 1255 Buz\u00f3n electr\u00f3nico serrad@unileon.es<\/p>\n","protected":false},"author":1,"featured_media":0,"parent":16,"menu_order":0,"comment_status":"closed","ping_status":"open","template":"","meta":{"footnotes":""},"class_list":["post-197","page","type-page","status-publish","hentry"],"_links":{"self":[{"href":"https:\/\/servicios.unileon.es\/lti-ir\/wp-json\/wp\/v2\/pages\/197","targetHints":{"allow":["GET"]}}],"collection":[{"href":"https:\/\/servicios.unileon.es\/lti-ir\/wp-json\/wp\/v2\/pages"}],"about":[{"href":"https:\/\/servicios.unileon.es\/lti-ir\/wp-json\/wp\/v2\/types\/page"}],"author":[{"embeddable":true,"href":"https:\/\/servicios.unileon.es\/lti-ir\/wp-json\/wp\/v2\/users\/1"}],"replies":[{"embeddable":true,"href":"https:\/\/servicios.unileon.es\/lti-ir\/wp-json\/wp\/v2\/comments?post=197"}],"version-history":[{"count":1,"href":"https:\/\/servicios.unileon.es\/lti-ir\/wp-json\/wp\/v2\/pages\/197\/revisions"}],"predecessor-version":[{"id":198,"href":"https:\/\/servicios.unileon.es\/lti-ir\/wp-json\/wp\/v2\/pages\/197\/revisions\/198"}],"up":[{"embeddable":true,"href":"https:\/\/servicios.unileon.es\/lti-ir\/wp-json\/wp\/v2\/pages\/16"}],"wp:attachment":[{"href":"https:\/\/servicios.unileon.es\/lti-ir\/wp-json\/wp\/v2\/media?parent=197"}],"curies":[{"name":"wp","href":"https:\/\/api.w.org\/{rel}","templated":true}]}}