{"id":190,"date":"2011-05-18T12:05:30","date_gmt":"2011-05-18T12:05:30","guid":{"rendered":"http:\/\/servicios.unileon.es\/lti-ir\/?page_id=190"},"modified":"2024-05-13T11:33:03","modified_gmt":"2024-05-13T11:33:03","slug":"introduccion","status":"publish","type":"page","link":"https:\/\/servicios.unileon.es\/lti-ir\/lti\/area-de-analisis-clinico-veterinario\/introduccion\/","title":{"rendered":"Introducci\u00f3n"},"content":{"rendered":"<p>El Laboratorio de T\u00e9cnicas Instrumentales mediante el \u00c1rea de An\u00e1lisis Cl\u00ednico Veterinario ofrece la posibilidad de realizar m\u00faltiples an\u00e1lisis en el campo del diagn\u00f3stico cl\u00ednico en veterinaria.<\/p>\n<p>El equipamiento disponible permite an\u00e1lisis de inter\u00e9s cl\u00ednico en muestras de sangre entera, plasma, suero, orina y otros fluidos biol\u00f3gicos.<\/p>\n<p>Los an\u00e1lisis se ofrecen tanto a usuarios que traigan muestras provenientes de la Universidad de Le\u00f3n, como a usuarios de otros Organismos P\u00fablicos o particulares como Cl\u00ednicas Veterinarias o Laboratorios de Productos Farmac\u00e9uticos Veterinarios.<\/p>\n<p>El Laboratorio de T\u00e9cnicas Instrumentales dispone de equipamiento general (equipos de HPLC, Cromatograf\u00eda de Gases, ICP, etc.) que puede complementar los an\u00e1lisis realizados por el equipamiento espec\u00edfico del \u00c1rea de An\u00e1lisis Cl\u00ednico Veterinario.<\/p>\n<p>El personal del \u00c1rea realiza las siguientes tareas:<\/p>\n<ul>\n<li>Recepci\u00f3n de las muestras y asesoramiento a los usuarios sobre la met\u00f3dica m\u00e1s conveniente en funci\u00f3n de los an\u00e1lisis a realizar y el equipamiento disponible.<\/li>\n<li>An\u00e1lisis de las muestras con el equipamiento del \u00c1rea.<\/li>\n<li>Remisi\u00f3n de los resultados al usuario a trav\u00e9s de un Informe, ya sea por correo electr\u00f3nico, correo ordinario o fax en funci\u00f3n de las preferencias del mismo.<\/li>\n<li>Facturaci\u00f3n de los trabajos realizados de acuerdo con las tarifas del Laboratorio.<\/li>\n<\/ul>\n","protected":false},"excerpt":{"rendered":"<p>El Laboratorio de T\u00e9cnicas Instrumentales mediante el \u00c1rea de An\u00e1lisis Cl\u00ednico Veterinario ofrece la posibilidad de realizar m\u00faltiples an\u00e1lisis en el campo del diagn\u00f3stico cl\u00ednico en veterinaria. El equipamiento disponible permite an\u00e1lisis de inter\u00e9s cl\u00ednico en muestras de sangre entera, plasma, suero, orina y otros fluidos biol\u00f3gicos. Los an\u00e1lisis se ofrecen tanto a usuarios que [&hellip;]<\/p>\n","protected":false},"author":1,"featured_media":0,"parent":93,"menu_order":0,"comment_status":"closed","ping_status":"open","template":"","meta":{"footnotes":""},"class_list":["post-190","page","type-page","status-publish","hentry"],"_links":{"self":[{"href":"https:\/\/servicios.unileon.es\/lti-ir\/wp-json\/wp\/v2\/pages\/190","targetHints":{"allow":["GET"]}}],"collection":[{"href":"https:\/\/servicios.unileon.es\/lti-ir\/wp-json\/wp\/v2\/pages"}],"about":[{"href":"https:\/\/servicios.unileon.es\/lti-ir\/wp-json\/wp\/v2\/types\/page"}],"author":[{"embeddable":true,"href":"https:\/\/servicios.unileon.es\/lti-ir\/wp-json\/wp\/v2\/users\/1"}],"replies":[{"embeddable":true,"href":"https:\/\/servicios.unileon.es\/lti-ir\/wp-json\/wp\/v2\/comments?post=190"}],"version-history":[{"count":3,"href":"https:\/\/servicios.unileon.es\/lti-ir\/wp-json\/wp\/v2\/pages\/190\/revisions"}],"predecessor-version":[{"id":727,"href":"https:\/\/servicios.unileon.es\/lti-ir\/wp-json\/wp\/v2\/pages\/190\/revisions\/727"}],"up":[{"embeddable":true,"href":"https:\/\/servicios.unileon.es\/lti-ir\/wp-json\/wp\/v2\/pages\/93"}],"wp:attachment":[{"href":"https:\/\/servicios.unileon.es\/lti-ir\/wp-json\/wp\/v2\/media?parent=190"}],"curies":[{"name":"wp","href":"https:\/\/api.w.org\/{rel}","templated":true}]}}