{"id":184,"date":"2011-05-18T09:09:21","date_gmt":"2011-05-18T09:09:21","guid":{"rendered":"http:\/\/servicios.unileon.es\/lti-ir\/?page_id=184"},"modified":"2011-05-18T09:09:21","modified_gmt":"2011-05-18T09:09:21","slug":"repeticiones-y-devolucion-de-muestras","status":"publish","type":"page","link":"https:\/\/servicios.unileon.es\/lti-ir\/lti\/area-de-analisis-de-acidos-nucleicos\/repeticiones-y-devolucion-de-muestras\/","title":{"rendered":"Repeticiones y devoluci\u00f3n de muestras"},"content":{"rendered":"<p>Las muestras fallidas se repetir\u00e1n por propia iniciativa y sin coste para el usuario cuando se considere probable que se trate de un error operativo. Cuando se considere que el fallo pueda deberse al material proporcionado por el usuario o a una informaci\u00f3n insuficiente, las muestras ser\u00e1n facturadas a precio normal y no se repetir\u00e1n salvo por demanda del usuario. En dicho caso se proceder\u00e1 como si fueran muestras nuevas.<\/p>\n<p>Las muestras de DNA ser\u00e1n conservadas un m\u00e1ximo de 4 semanas a disponibilidad del usuario y se le devolver\u00e1 previa petici\u00f3n expresa del mismo. Tras este per\u00edodo se eliminar\u00e1n.<\/p>\n","protected":false},"excerpt":{"rendered":"<p>Las muestras fallidas se repetir\u00e1n por propia iniciativa y sin coste para el usuario cuando se considere probable que se trate de un error operativo. Cuando se considere que el fallo pueda deberse al material proporcionado por el usuario o a una informaci\u00f3n insuficiente, las muestras ser\u00e1n facturadas a precio normal y no se repetir\u00e1n [&hellip;]<\/p>\n","protected":false},"author":1,"featured_media":0,"parent":86,"menu_order":0,"comment_status":"closed","ping_status":"open","template":"","meta":{"footnotes":""},"class_list":["post-184","page","type-page","status-publish","hentry"],"_links":{"self":[{"href":"https:\/\/servicios.unileon.es\/lti-ir\/wp-json\/wp\/v2\/pages\/184","targetHints":{"allow":["GET"]}}],"collection":[{"href":"https:\/\/servicios.unileon.es\/lti-ir\/wp-json\/wp\/v2\/pages"}],"about":[{"href":"https:\/\/servicios.unileon.es\/lti-ir\/wp-json\/wp\/v2\/types\/page"}],"author":[{"embeddable":true,"href":"https:\/\/servicios.unileon.es\/lti-ir\/wp-json\/wp\/v2\/users\/1"}],"replies":[{"embeddable":true,"href":"https:\/\/servicios.unileon.es\/lti-ir\/wp-json\/wp\/v2\/comments?post=184"}],"version-history":[{"count":1,"href":"https:\/\/servicios.unileon.es\/lti-ir\/wp-json\/wp\/v2\/pages\/184\/revisions"}],"predecessor-version":[{"id":185,"href":"https:\/\/servicios.unileon.es\/lti-ir\/wp-json\/wp\/v2\/pages\/184\/revisions\/185"}],"up":[{"embeddable":true,"href":"https:\/\/servicios.unileon.es\/lti-ir\/wp-json\/wp\/v2\/pages\/86"}],"wp:attachment":[{"href":"https:\/\/servicios.unileon.es\/lti-ir\/wp-json\/wp\/v2\/media?parent=184"}],"curies":[{"name":"wp","href":"https:\/\/api.w.org\/{rel}","templated":true}]}}