{"id":178,"date":"2011-05-18T09:06:32","date_gmt":"2011-05-18T09:06:32","guid":{"rendered":"http:\/\/servicios.unileon.es\/lti-ir\/?page_id=178"},"modified":"2011-05-18T09:06:32","modified_gmt":"2011-05-18T09:06:32","slug":"formularios-de-entrega-de-muestras-y-recogida-de-resultados","status":"publish","type":"page","link":"https:\/\/servicios.unileon.es\/lti-ir\/lti\/area-de-analisis-de-acidos-nucleicos\/formularios-de-entrega-de-muestras-y-recogida-de-resultados\/","title":{"rendered":"Formularios de entrega de muestras y recogida de resultados"},"content":{"rendered":"<p>El usuario deber\u00e1 rellenar el formulario correspondiente que se le facilitar\u00e1 en el Servicio o a trav\u00e9s de esta p\u00e1gina web en donde figuraran los datos de cada muestra.<\/p>\n<ul class=\"big\">\n<li><a href=\"http:\/\/www.unileon.es\/ficheros\/investigacion\/ltiir\/formulario_dna.doc\" title=\"Documento word\">Solicitud de secuenciaci\u00f3n de DNA<\/a><\/li>\n<li><a href=\"http:\/\/www.unileon.es\/ficheros\/investigacion\/ltiir\/formulario_dna2.doc\" title=\"Documento word\">Solicitud de secuenciaci\u00f3n de DNA 2<\/a><\/li>\n<li><a href=\"http:\/\/www.unileon.es\/ficheros\/investigacion\/ltiir\/formulario_frag.doc\" title=\"Documento word\">Solicitud de An\u00e1lisis de Fragmentos<\/a><\/li>\n<li><a href=\"http:\/\/www.unileon.es\/ficheros\/investigacion\/ltiir\/formulario_analisis_snps.doc\" title=\"Documento word\">Solicitud de An\u00e1lisis de SNPs<\/a><\/li>\n<li><a href=\"http:\/\/www.unileon.es\/ficheros\/investigacion\/ltiir\/formulario_ribotipado.doc\" title=\"Documento word\">Solicitud de Ribotipado<\/a><\/li>\n<\/ul>\n<p>Los resultados ser\u00e1n entregados personalmente por el personal del Servicio o mediante correo electr\u00f3nico.<\/p>\n<p>El Servicio cuenta con los <strong>programas inform\u00e1ticos<\/strong> adecuados para el tratamiento de los resultados. Dichos programas est\u00e1n tambi\u00e9n a disposici\u00f3n de los usuarios pertenecientes a Departamentos de la Universidad de Le\u00f3n<\/p>\n<ul>\n<li><strong>Sequencing software suite v3.0:<\/strong> Para ver y editar secuencias. Los fluorogramas pueden abrirse tambi\u00e9n con el programa \u00abChromas\u00bb, disponible en la web en la direcci\u00f3n <a href=\"http:\/\/www.technelysium.com.au\/chromas14x.html\">www.technelysium.com.au\/chromas14x.html<\/a><\/li>\n<li><strong>Genetic Profiler v2.2:<\/strong> Para el genotipado de microsat\u00e9tites y an\u00e1lisis de fragmentos en general.<\/li>\n<li><strong>SNP Profiler v1.0:<\/strong> permite la detecci\u00f3n de los SNPs y la asignaci\u00f3n automatica de alelos.<\/li>\n<li><strong>Primer Express v2.0:<\/strong> Para el dise\u00f1o \u00f3ptimo de cebadores y sondas.<\/li>\n<li><strong>PSQ Assay Design<\/strong><\/li>\n<li><strong>PSQ 96MA 2.1.1.<\/strong><\/li>\n<\/ul>\n","protected":false},"excerpt":{"rendered":"<p>El usuario deber\u00e1 rellenar el formulario correspondiente que se le facilitar\u00e1 en el Servicio o a trav\u00e9s de esta p\u00e1gina web en donde figuraran los datos de cada muestra. Solicitud de secuenciaci\u00f3n de DNA Solicitud de secuenciaci\u00f3n de DNA 2 Solicitud de An\u00e1lisis de Fragmentos Solicitud de An\u00e1lisis de SNPs Solicitud de Ribotipado Los resultados [&hellip;]<\/p>\n","protected":false},"author":1,"featured_media":0,"parent":86,"menu_order":0,"comment_status":"closed","ping_status":"open","template":"","meta":{"footnotes":""},"class_list":["post-178","page","type-page","status-publish","hentry"],"_links":{"self":[{"href":"https:\/\/servicios.unileon.es\/lti-ir\/wp-json\/wp\/v2\/pages\/178","targetHints":{"allow":["GET"]}}],"collection":[{"href":"https:\/\/servicios.unileon.es\/lti-ir\/wp-json\/wp\/v2\/pages"}],"about":[{"href":"https:\/\/servicios.unileon.es\/lti-ir\/wp-json\/wp\/v2\/types\/page"}],"author":[{"embeddable":true,"href":"https:\/\/servicios.unileon.es\/lti-ir\/wp-json\/wp\/v2\/users\/1"}],"replies":[{"embeddable":true,"href":"https:\/\/servicios.unileon.es\/lti-ir\/wp-json\/wp\/v2\/comments?post=178"}],"version-history":[{"count":3,"href":"https:\/\/servicios.unileon.es\/lti-ir\/wp-json\/wp\/v2\/pages\/178\/revisions"}],"predecessor-version":[{"id":181,"href":"https:\/\/servicios.unileon.es\/lti-ir\/wp-json\/wp\/v2\/pages\/178\/revisions\/181"}],"up":[{"embeddable":true,"href":"https:\/\/servicios.unileon.es\/lti-ir\/wp-json\/wp\/v2\/pages\/86"}],"wp:attachment":[{"href":"https:\/\/servicios.unileon.es\/lti-ir\/wp-json\/wp\/v2\/media?parent=178"}],"curies":[{"name":"wp","href":"https:\/\/api.w.org\/{rel}","templated":true}]}}