{"id":164,"date":"2011-05-18T06:40:25","date_gmt":"2011-05-18T06:40:25","guid":{"rendered":"http:\/\/servicios.unileon.es\/lti-ir\/?page_id=164"},"modified":"2020-03-10T07:18:28","modified_gmt":"2020-03-10T07:18:28","slug":"analisis-de-snps","status":"publish","type":"page","link":"https:\/\/servicios.unileon.es\/lti-ir\/lti\/area-de-analisis-de-acidos-nucleicos\/analisis-de-snps\/","title":{"rendered":"An\u00e1lisis de SNPs"},"content":{"rendered":"<h3>A- Mediante el Secuenciador Autom\u00e1tico MegaBACE 500<\/h3>\n<p>El an\u00e1lisis de polimorfismos de una s\u00f3la base (SNPs) se basa en el uso de cebadores espec\u00edficos que terminen justo antes de la base a determinar. Se realiza una reacci\u00f3n de PCR s\u00f3lo con los 4 didesoxinucle\u00f3tidos marcados cada uno con un fluor\u00f3foro diferente. La detecci\u00f3n de la base incorporada revela la presencia\/ausencia de polimorfismo.<\/p>\n<p>Se pueden analizar varios SNPs en el mismo capilar puesto que el sistema permite la inyecci\u00f3n consecutiva de varias reacciones. Para ello se ha de utilizar un \u00abmarcador de inyecciones m\u00faltiples\u00bb.<\/p>\n<h4>Requisitos de las Muestras<\/h4>\n<p>El usuario puede entregar las reacciones de SNPs ya preparadas para su electroforesis o entregar al Servicio los productos de PCR.<\/p>\n<p>Si el usuario entrega las reacciones ya preparadas se le aplicar\u00eda la tarifa correspondiente a \u00abS\u00f3lo electroforesis\u00bb (ver tarifas m\u00e1s adelante).<\/p>\n<p>Si el usuario entrega el producto de PCR y los cebadores correspondientes el Servicio se har\u00eda cargo de hacer la reacci\u00f3n para SNPs y de su an\u00e1lisis por electroforesis y se le aplicar\u00eda la tarifa correspondiente a \u00abAn\u00e1lisis de SNPs\u00bb (ver tarifas m\u00e1s adelante).<\/p>\n<h4>Requisitos de los productos de PCR:<\/h4>\n<ul>\n<li>Longitud m\u00ednima de 350 pb <\/li>\n<li>Purificados con ExoI\/SAP (Amersham ofrece el kit Exo\/SAP-IT&trade;). <\/li>\n<li>Se han de entregar al menos 50 ng de producto de PCR en un volumen de 10 &micro;l. <\/li>\n<\/ul>\n<h4>Requisitos de los cebadores:<\/h4>\n<ul>\n<li>Deben haber sido purificados mediante HPLC. <\/li>\n<li>Longitud comprendida entre 18 y 25 nt (que acaben justo antes de los SNPs correspondientes). <\/li>\n<li>Concentraci\u00f3n: 2 &micro;M. <\/li>\n<li>No deben formar estructuras secundarias (las \u00faltimas 3 bases del extremo 3&#8242; no deben ser complementarias a ninguna otra regi\u00f3n del cebador).<\/li>\n<li>Evitar el uso del desoxinucle\u00f3tido G en posici\u00f3n 3&#8242; terminal.<\/li>\n<\/ul>\n<p>&nbsp;<\/p>\n<h3>B- Mediante el equipo de Pyrosecuenciaci\u00f3n PSQ<sup>TM<\/sup>96 MA<\/h3>\n<p>El an\u00e1lisis de SNPs mediante la tecnolog\u00eda de &ldquo;pyrosequencing&rdquo; se basa en la liberaci\u00f3n de PPi por cada nucle\u00f3tido incorporado durante el proceso normal de elongaci\u00f3n de la cadena naciente de DNA.<\/p>\n<p>De esta forma, se parte de un DNA molde monocatenario (fragmento de PCR desnaturalizado y marcado con biotina) al que se a\u00f1ade un &ldquo;primer&rdquo; espec\u00edfico (que acabe unas pocas bases antes del SNP) y una mezcla formada por los dNTPs y 4 enzimas: DNA Polimerasa, ATP Sulfurilasa, Luciferasa y Apirasa, junto con los sustratos APS y Luciferina.<\/p>\n<p>Tal como se dijo, por cada dNTP incorporado se libera una mol\u00e9cula de PPi. Mediante una reacci\u00f3n en cadena en la que intervienen la Sulfurilasa y la Luciferasa se produce un pulso de luz que es captado a tiempo real por el detector CCD.<\/p>\n<p>Si el dNTP a\u00f1adido no es el complementario a la base correspondiente no habr\u00e1 elongaci\u00f3n, no se producir\u00e1 PPi ni emisi\u00f3n de luz y actuar\u00e1 la Apirasa transform\u00e1ndolo en dNDP, evitando, por tanto, interferencias en la siguiente adici\u00f3n de dNTPs. La secuencia final obtenida es analizada por el software que detectar\u00e1 la presencia\/ausencia del SNP y su composici\u00f3n en bases.<\/p>\n<h4>Requisitos de las Muestras<\/h4>\n<p>El usuario se har\u00e1 cargo de la amplificaci\u00f3n mediante PCR de su DNA de inter\u00e9s.<\/p>\n<p>Para ello es requisito indispensable que uno y s\u00f3lo uno de los dos &ldquo;primers&rdquo; para la amplificaci\u00f3n est\u00e9 biotinilado. Deber\u00e1 entregar al Servicio el producto de PCR (de 1 a 96 muestras) en formato placa de 96 pocillos.<\/p>\n<p>Deber\u00e1 tambi\u00e9n entregar un &ldquo;primer&rdquo; de secuenciaci\u00f3n convencional (sin marcaje) cuyo extremo 3&rsquo; diste unos pocos nucle\u00f3tidos del SNP que se quiere caracterizar.<\/p>\n<p>El Servicio dispone de un software espec\u00edfico para el dise\u00f1o de los &ldquo;primers&rdquo; de amplificaci\u00f3n y secuenciaci\u00f3n, indicando adem\u00e1s cu\u00e1l de los dos &ldquo;primer&rdquo; de amplificaci\u00f3n debe estar biotinilado, si bien, cualquier dise\u00f1o de &ldquo;primers&rdquo; y protocolo de PCR contrastado puede servir.<\/p>\n<p>En este \u00faltimo caso solo utilizar\u00edamos el software para el dise\u00f1o del &ldquo;primer&rdquo; de secuenciaci\u00f3n.<\/p>\n<h4>Requisitos de los productos de PCR:<\/h4>\n<\/blockquote>\n<ul>\n<li>Amplificados mediante 25-50 ciclos partiendo de &ldquo;primers&rdquo; de 0,2 &micro;M (uno de ellos biotinilado). <\/li>\n<li>Longitud entre 80 y 300 pb. <\/li>\n<li>Volumen entre 10 y 40 &micro;l m\u00e1ximo. <\/li>\n<li>Para el dise\u00f1o de estos &ldquo;primers&rdquo; el Servicio dispone de software espec\u00edfico. <\/li>\n<\/ul>\n<h4>Requisitos de los &ldquo;primers&rdquo; de secuenciaci\u00f3n:<\/h4>\n<ul>\n<li>Deben ser &ldquo;primers&rdquo; convencionales, sin ning\u00fan tipo de marcaje. <\/li>\n<li>El extremo 3&rsquo; debe estar pr\u00f3ximo al SNP. <\/li>\n<li>La cantidad de primer necesario por cada muestra es de 40 &micro;l de concentraci\u00f3n 0,40 &micro;M. El usuario deber\u00e1 suministrar este primer concentrado (16 o 32 &micro;M) para que el Servicio pueda diluirlo adecuadamente en el buffer de hibridaci\u00f3n. <\/li>\n<li>Para el dise\u00f1o de estos &ldquo;primers&rdquo; el Servicio tambi\u00e9n dispone de un software espec\u00edfico, tal y como hemos indicado. <\/li>\n<\/ul>\n<p>* El Servicio se har\u00e1 cargo de llevar a cabo las reacciones de desnaturalizaci\u00f3n, eliminaci\u00f3n de la cadena no biotinilada, hibridaci\u00f3n con los &ldquo;primers&rdquo; de secuenciaci\u00f3n, elongaci\u00f3n de las cadenas mediante &ldquo;pyrosequencing&rdquo; y generaci\u00f3n de los correspondientes resultados.<\/p>\n<p>&nbsp;<\/p>\n<h3>C- Mediante el Analizador de DNA LI-COR Modelo 4300<\/h3>\n<p>Esta t\u00e9cnica sirve para el \u00abscreenig\u00bb o detecci\u00f3n r\u00e1pida de polimorfismos (SNPs, inserciones, delecciones o variaciones del tama\u00f1o de los microsat\u00e9lites) bien en poblaciones con mutaciones inducidas (TILLING) o naturales (ECOTILLING). La t\u00e9cnica es capaz de detectar el polimorfismo y de localizar su posici\u00f3n de forma aproximada, pero no de decirnos qu\u00e9 base(s) se ha(n) modificado. Para obtener esa informaci\u00f3n ser\u00eda necesaria la secuenciaci\u00f3n posterior del polimorfismo.<\/p>\n<p>La t\u00e9cnica se basa en la electroforesis en gel de acrilamida de los DNA problema que han sido amplificados con dos primers, uno de ellos marcado con un fluor\u00f3foro que se excita a 685 nm (&ldquo;IRD 700&rdquo;) y el otro a 785 nm (&ldquo;IRD 800&rdquo;). Los fragmentos amplificados son desnaturalizados y renaturalizados entre ellos y\/o frente a un control, de manera que en las posiciones donde existan los polimorfismos no habr\u00e1 complementariedad total de las dos cadenas y se formar\u00e1n bucles u horquillas. Un posterior tratamiento con nucleasas espec\u00edficas romper\u00e1n las cadenas en los puntos desapareados gener\u00e1ndose dos fragmentos por cada corte, uno con marcaje IRD 700 y el otro con marcaje IRD 800. Dichos fragmentos, cuya suma de tama\u00f1os debe ser igual al tama\u00f1o del fragmento amplificado de partida, son separados electrofor\u00e9ticamente y detectados simult\u00e1neamente gener\u00e1ndose dos im\u00e1genes del gel durante la electroforesis, una por cada fluor\u00f3foro empleado, que pueden ser procesadas en software convencionales de tratamiento de im\u00e1genes. La superposici\u00f3n de ambas im\u00e1genes hace que la identificaci\u00f3n del polimorfismo sea muy exacta, eliminando pr\u00e1cticamente la posibilidad de falsos positivos.<\/p>\n<p>El dise\u00f1o de los \u00abprimers\u00bb y la amplificaci\u00f3n de los DNA problema correr\u00e1 a cargo de los usuarios. El Servicio llevar\u00e1 a cabo los procesos de desnaturalizaci\u00f3n, renaturalizaci\u00f3n, tratamiento con nucleasas y an\u00e1lisis electrofor\u00e9tico de los DNA.<\/p>\n","protected":false},"excerpt":{"rendered":"<p>A- Mediante el Secuenciador Autom\u00e1tico MegaBACE 500 El an\u00e1lisis de polimorfismos de una s\u00f3la base (SNPs) se basa en el uso de cebadores espec\u00edficos que terminen justo antes de la base a determinar. Se realiza una reacci\u00f3n de PCR s\u00f3lo con los 4 didesoxinucle\u00f3tidos marcados cada uno con un fluor\u00f3foro diferente. La detecci\u00f3n de la [&hellip;]<\/p>\n","protected":false},"author":1,"featured_media":0,"parent":86,"menu_order":0,"comment_status":"closed","ping_status":"closed","template":"","meta":{"footnotes":""},"class_list":["post-164","page","type-page","status-publish","hentry"],"_links":{"self":[{"href":"https:\/\/servicios.unileon.es\/lti-ir\/wp-json\/wp\/v2\/pages\/164","targetHints":{"allow":["GET"]}}],"collection":[{"href":"https:\/\/servicios.unileon.es\/lti-ir\/wp-json\/wp\/v2\/pages"}],"about":[{"href":"https:\/\/servicios.unileon.es\/lti-ir\/wp-json\/wp\/v2\/types\/page"}],"author":[{"embeddable":true,"href":"https:\/\/servicios.unileon.es\/lti-ir\/wp-json\/wp\/v2\/users\/1"}],"replies":[{"embeddable":true,"href":"https:\/\/servicios.unileon.es\/lti-ir\/wp-json\/wp\/v2\/comments?post=164"}],"version-history":[{"count":3,"href":"https:\/\/servicios.unileon.es\/lti-ir\/wp-json\/wp\/v2\/pages\/164\/revisions"}],"predecessor-version":[{"id":167,"href":"https:\/\/servicios.unileon.es\/lti-ir\/wp-json\/wp\/v2\/pages\/164\/revisions\/167"}],"up":[{"embeddable":true,"href":"https:\/\/servicios.unileon.es\/lti-ir\/wp-json\/wp\/v2\/pages\/86"}],"wp:attachment":[{"href":"https:\/\/servicios.unileon.es\/lti-ir\/wp-json\/wp\/v2\/media?parent=164"}],"curies":[{"name":"wp","href":"https:\/\/api.w.org\/{rel}","templated":true}]}}