{"id":158,"date":"2011-05-18T06:30:50","date_gmt":"2011-05-18T06:30:50","guid":{"rendered":"http:\/\/servicios.unileon.es\/lti-ir\/?page_id=158"},"modified":"2011-05-18T06:31:50","modified_gmt":"2011-05-18T06:31:50","slug":"analisis-de-fragmentos","status":"publish","type":"page","link":"https:\/\/servicios.unileon.es\/lti-ir\/lti\/area-de-analisis-de-acidos-nucleicos\/analisis-de-fragmentos\/","title":{"rendered":"An\u00e1lisis de Fragmentos"},"content":{"rendered":"<p><img decoding=\"async\" src=\"http:\/\/www.unileon.es\/ficheros\/investigacion\/ltiir\/capilares.jpg\" class=\"floatleft\" alt=\"Capilares\" \/>El an\u00e1lisis del tama\u00f1o de los fragmentos de DNA permite numerosas aplicaciones como es el estudio de microsat\u00e9lites en una poblaci\u00f3n, estudios de DNA fingerprinting mediante t\u00e9cnicas AFLPs, pruebas de paternidad, pruebas forenses, etc.<\/p>\n<p>Se pueden utilizar hasta 4 marcadores fluorescentes simult\u00e1neamente (uno de ellos reservado para el marcador de tama\u00f1os moleculares) y combinar diferentes tama\u00f1os al\u00e9licos en la misma muestra por lo que por cada capilar en una misma electroforesis se pueden analizar multitud de fragmentos.<\/p>\n<h3>Requisitos de las Muestras<\/h3>\n<p>Dada la especificidad de la t\u00e9cnica el Servicio se har\u00e1 cargo \u00fanicamente de la etapa final, es decir, de la separaci\u00f3n y an\u00e1lisis de los fragmentos mediante electroforesis. La tarifa que se le aplicar\u00eda ser\u00eda la correspondiente a \u00abS\u00f3lo electroforesis\u00bb (ver tarifas m\u00e1s adelante).<\/p>\n<p>Las muestras deben ser presentadas en placas de 96 pocillos compatibles con el MEGABace 500 (las placas deben tener \u00abfald\u00f3n\u00bb) y ya preparadas para ser analizadas. En el Servicio se les proporcionar\u00e1 todas las indicaciones necesarias al respecto.<\/p>\n<p>Los marcadores fluorescentes compatibles con el equipamiento son FAM, TET, HEX y ET-ROX. Para la determinaci\u00f3n de los tama\u00f1os el Servicio dispone del marcador de pesos moleculares \u00abMegaBACE ET-400-R\u00bb, con un total de 20 fragmentos en un rango entre 60 y 400 pb y con emisi\u00f3n de fluorescencia a 610 nm (ET-ROX), si bien puede usarse cualquier otro marcador de tama\u00f1o con ET-ROX aportado por el usuario.<\/p>\n<p>Debe evitarse el uso de aceite mineral en las reacciones de PCR.<\/p>\n<p>En algunos casos puede ser necesario un paso de purificaci\u00f3n de los fragmentos (precipitaci\u00f3n con etanol o purificaci\u00f3n con \u00abkits\u00bb espec\u00edficos) antes del proceso de electroforesis.<\/p>\n","protected":false},"excerpt":{"rendered":"<p>El an\u00e1lisis del tama\u00f1o de los fragmentos de DNA permite numerosas aplicaciones como es el estudio de microsat\u00e9lites en una poblaci\u00f3n, estudios de DNA fingerprinting mediante t\u00e9cnicas AFLPs, pruebas de paternidad, pruebas forenses, etc. Se pueden utilizar hasta 4 marcadores fluorescentes simult\u00e1neamente (uno de ellos reservado para el marcador de tama\u00f1os moleculares) y combinar diferentes [&hellip;]<\/p>\n","protected":false},"author":1,"featured_media":0,"parent":86,"menu_order":0,"comment_status":"closed","ping_status":"open","template":"","meta":{"footnotes":""},"class_list":["post-158","page","type-page","status-publish","hentry"],"_links":{"self":[{"href":"https:\/\/servicios.unileon.es\/lti-ir\/wp-json\/wp\/v2\/pages\/158","targetHints":{"allow":["GET"]}}],"collection":[{"href":"https:\/\/servicios.unileon.es\/lti-ir\/wp-json\/wp\/v2\/pages"}],"about":[{"href":"https:\/\/servicios.unileon.es\/lti-ir\/wp-json\/wp\/v2\/types\/page"}],"author":[{"embeddable":true,"href":"https:\/\/servicios.unileon.es\/lti-ir\/wp-json\/wp\/v2\/users\/1"}],"replies":[{"embeddable":true,"href":"https:\/\/servicios.unileon.es\/lti-ir\/wp-json\/wp\/v2\/comments?post=158"}],"version-history":[{"count":3,"href":"https:\/\/servicios.unileon.es\/lti-ir\/wp-json\/wp\/v2\/pages\/158\/revisions"}],"predecessor-version":[{"id":160,"href":"https:\/\/servicios.unileon.es\/lti-ir\/wp-json\/wp\/v2\/pages\/158\/revisions\/160"}],"up":[{"embeddable":true,"href":"https:\/\/servicios.unileon.es\/lti-ir\/wp-json\/wp\/v2\/pages\/86"}],"wp:attachment":[{"href":"https:\/\/servicios.unileon.es\/lti-ir\/wp-json\/wp\/v2\/media?parent=158"}],"curies":[{"name":"wp","href":"https:\/\/api.w.org\/{rel}","templated":true}]}}