{"id":149,"date":"2011-05-17T12:33:40","date_gmt":"2011-05-17T12:33:40","guid":{"rendered":"http:\/\/servicios.unileon.es\/lti-ir\/?page_id=149"},"modified":"2011-05-17T12:33:40","modified_gmt":"2011-05-17T12:33:40","slug":"responsable-y-direccion-de-contacto","status":"publish","type":"page","link":"https:\/\/servicios.unileon.es\/lti-ir\/lti\/area-de-analisis-de-acidos-nucleicos\/responsable-y-direccion-de-contacto\/","title":{"rendered":"Responsable y Direcci\u00f3n de Contacto"},"content":{"rendered":"<table class=\"extendida\">\n<tbody>\n<tr>\n<th>Responsable<\/th>\n<td>Benjam\u00edn Rabanal Garc\u00eda<\/td>\n<\/tr>\n<tr>\n<th>Direcci\u00f3n Postal<\/th>\n<td>UNIVERSIDAD DE LE\u00d3N<br \/>\n\t\t\t\u00c1rea de An\u00e1lisis de \u00c1cidos Nucleicos<br \/>\n\t\t\tLaboratorio de T\u00e9cnicas Instrumentales<br \/>\n\t\t\tCampus de Vegazana<br \/>\n\t\t\t24071 LE\u00d3N<\/td>\n<\/tr>\n<tr>\n<th>Tel\u00e9fono<\/th>\n<td>987 291181<\/td>\n<\/tr>\n<tr>\n<th>FAX<\/th>\n<td>987 291282<\/td>\n<\/tr>\n<tr>\n<th>Buz\u00f3n electr\u00f3nico<\/td>\n<td><a href=\"mailto:b.rabanal@unileon.es\">b.rabanal@unileon.es<\/a><\/td>\n<\/tr>\n<\/tbody>\n<\/table>\n","protected":false},"excerpt":{"rendered":"<p>Responsable Benjam\u00edn Rabanal Garc\u00eda Direcci\u00f3n Postal UNIVERSIDAD DE LE\u00d3N \u00c1rea de An\u00e1lisis de \u00c1cidos Nucleicos Laboratorio de T\u00e9cnicas Instrumentales Campus de Vegazana 24071 LE\u00d3N Tel\u00e9fono 987 291181 FAX 987 291282 Buz\u00f3n electr\u00f3nico b.rabanal@unileon.es<\/p>\n","protected":false},"author":1,"featured_media":0,"parent":86,"menu_order":0,"comment_status":"closed","ping_status":"open","template":"","meta":{"footnotes":""},"class_list":["post-149","page","type-page","status-publish","hentry"],"_links":{"self":[{"href":"https:\/\/servicios.unileon.es\/lti-ir\/wp-json\/wp\/v2\/pages\/149","targetHints":{"allow":["GET"]}}],"collection":[{"href":"https:\/\/servicios.unileon.es\/lti-ir\/wp-json\/wp\/v2\/pages"}],"about":[{"href":"https:\/\/servicios.unileon.es\/lti-ir\/wp-json\/wp\/v2\/types\/page"}],"author":[{"embeddable":true,"href":"https:\/\/servicios.unileon.es\/lti-ir\/wp-json\/wp\/v2\/users\/1"}],"replies":[{"embeddable":true,"href":"https:\/\/servicios.unileon.es\/lti-ir\/wp-json\/wp\/v2\/comments?post=149"}],"version-history":[{"count":2,"href":"https:\/\/servicios.unileon.es\/lti-ir\/wp-json\/wp\/v2\/pages\/149\/revisions"}],"predecessor-version":[{"id":151,"href":"https:\/\/servicios.unileon.es\/lti-ir\/wp-json\/wp\/v2\/pages\/149\/revisions\/151"}],"up":[{"embeddable":true,"href":"https:\/\/servicios.unileon.es\/lti-ir\/wp-json\/wp\/v2\/pages\/86"}],"wp:attachment":[{"href":"https:\/\/servicios.unileon.es\/lti-ir\/wp-json\/wp\/v2\/media?parent=149"}],"curies":[{"name":"wp","href":"https:\/\/api.w.org\/{rel}","templated":true}]}}