{"id":114,"date":"2011-05-17T06:29:08","date_gmt":"2011-05-17T06:29:08","guid":{"rendered":"http:\/\/servicios.unileon.es\/lti-ir\/?page_id=114"},"modified":"2025-03-03T12:52:02","modified_gmt":"2025-03-03T12:52:02","slug":"formularios-de-peticion-de-servicios","status":"publish","type":"page","link":"https:\/\/servicios.unileon.es\/lti-ir\/lti\/formularios-de-peticion-de-servicios\/","title":{"rendered":"Formularios de petici\u00f3n de Servicios"},"content":{"rendered":"<p><a href=\"https:\/\/servicios.unileon.es\/lti-ir\/lti\/solicitud-de-servicios-a-traves-de-la-plataforma-infrared\/\"><strong>La solicitud de Servicios se realizar\u00e1 a trav\u00e9s de la plataforma INFRARED<\/strong><\/a><\/p>\n<h3>Laboratorio de T\u00e9cnicas Instrumentales<\/h3>\n<p><a href=\"http:\/\/servicios.unileon.es\/lti-ir\/files\/2018\/12\/formulario_de_autorizacion_uso_de_equipo.doc\">Solicitud de Autorizaci\u00f3n<\/a><\/p>\n<p><a title=\"Documento Word\" href=\"http:\/\/servicios.unileon.es\/lti-ir\/files\/2019\/01\/ENS-51_Solicitud-de-analisis-R1.doc\">Solicitud de an\u00e1lisis<\/a><\/p>\n<p><a title=\"Documento Word\" href=\"http:\/\/www.unileon.es\/ficheros\/investigacion\/ltiir\/actividad_docente.doc\">Actividad Docente<\/a><\/p>\n<p><a title=\"Documento Word\" href=\"http:\/\/servicios.unileon.es\/lti-ir\/files\/2019\/01\/peticion_etanol-5.doc\">Petici\u00f3n de Etanol<\/a><\/p>\n<p><a href=\"http:\/\/servicios.unileon.es\/lti-ir\/files\/2017\/10\/uso_equipos.doc\">Formulario de uso de equipos<\/a><\/p>\n<p><a title=\"Documento Word\" href=\"http:\/\/servicios.unileon.es\/lti-ir\/files\/2018\/12\/formulario_uso_de_equipo_MALDI-TOF.doc\">Formulario de uso de equipo MALDI TOF<\/a><\/p>\n<p><a title=\"Documento Word\" href=\"http:\/\/servicios.unileon.es\/lti-ir\/files\/2025\/02\/formulario_uso_de_equipos-HPLC.doc\">Formulario de uso de equipos HPLC<\/a><\/p>\n<p><a title=\"Documento Word\" href=\"http:\/\/servicios.unileon.es\/lti-ir\/files\/2025\/03\/Hoja-de-uso-del-timsTOF-1.doc\">Hoja de uso del timsTOF<\/a><\/p>\n<p>&nbsp;<\/p>\n<p><a href=\"https:\/\/www7.unileon.es\/mrbs\/\"><strong>Reserva de equipos del LTI-IR, S. MICROSCOPIA<\/strong><\/a><\/p>\n<p>&nbsp;<\/p>\n<h3>\u00c1rea de An\u00e1lisis de \u00c1cidos Nucleicos<\/h3>\n<p><a title=\"Documento Word\" href=\"http:\/\/servicios.unileon.es\/lti-ir\/files\/2019\/01\/ENS-53_Solicitud-de-secuenciacion-de-DNA-R1.doc\">Solicitud de secuenciaci\u00f3n de DNA<\/a><\/p>\n<p><a title=\"Documento Word\" href=\"http:\/\/www.unileon.es\/ficheros\/investigacion\/ltiir\/formulario_frag.doc\">Solicitud de An\u00e1lisis de Fragmentos<\/a><\/p>\n<p><a title=\"Documento Word\" href=\"http:\/\/www.unileon.es\/ficheros\/investigacion\/ltiir\/formulario_analisis_snps.doc\">Solicitud de An\u00e1lisis de SNPs<\/a><\/p>\n<p><a title=\"Documento Word\" href=\"http:\/\/www.unileon.es\/ficheros\/investigacion\/ltiir\/formulario_ribotipado.doc\">Solicitud de Ribotipado<\/a><\/p>\n<p>&nbsp;<\/p>\n<h3>\u00c1rea de An\u00e1lisis Cl\u00ednico Veterinario<\/h3>\n<p><a title=\"Documento Word\" href=\"http:\/\/servicios.unileon.es\/lti-ir\/files\/2019\/01\/ENS-52_Solicitud-de-ACV-R1-1.doc\">Solicitud de an\u00e1lisis cl\u00ednico veterinario<\/a><\/p>\n<p>&nbsp;<\/p>\n<p><strong><a href=\"http:\/\/www.unileon.es\/ficheros\/investigacion\/impresos\/63.pdf\">Solicitud de Servicios de Apoyo SEGI (Impreso 63)<\/a><\/strong><\/p>\n","protected":false},"excerpt":{"rendered":"<p>La solicitud de Servicios se realizar\u00e1 a trav\u00e9s de la plataforma INFRARED Laboratorio de T\u00e9cnicas Instrumentales Solicitud de Autorizaci\u00f3n Solicitud de an\u00e1lisis Actividad Docente Petici\u00f3n de Etanol Formulario de uso de equipos Formulario de uso de equipo MALDI TOF Formulario de uso de equipos HPLC Hoja de uso del timsTOF &nbsp; Reserva de equipos del [&hellip;]<\/p>\n","protected":false},"author":1,"featured_media":0,"parent":14,"menu_order":0,"comment_status":"closed","ping_status":"open","template":"","meta":{"footnotes":""},"class_list":["post-114","page","type-page","status-publish","hentry"],"_links":{"self":[{"href":"https:\/\/servicios.unileon.es\/lti-ir\/wp-json\/wp\/v2\/pages\/114","targetHints":{"allow":["GET"]}}],"collection":[{"href":"https:\/\/servicios.unileon.es\/lti-ir\/wp-json\/wp\/v2\/pages"}],"about":[{"href":"https:\/\/servicios.unileon.es\/lti-ir\/wp-json\/wp\/v2\/types\/page"}],"author":[{"embeddable":true,"href":"https:\/\/servicios.unileon.es\/lti-ir\/wp-json\/wp\/v2\/users\/1"}],"replies":[{"embeddable":true,"href":"https:\/\/servicios.unileon.es\/lti-ir\/wp-json\/wp\/v2\/comments?post=114"}],"version-history":[{"count":24,"href":"https:\/\/servicios.unileon.es\/lti-ir\/wp-json\/wp\/v2\/pages\/114\/revisions"}],"predecessor-version":[{"id":752,"href":"https:\/\/servicios.unileon.es\/lti-ir\/wp-json\/wp\/v2\/pages\/114\/revisions\/752"}],"up":[{"embeddable":true,"href":"https:\/\/servicios.unileon.es\/lti-ir\/wp-json\/wp\/v2\/pages\/14"}],"wp:attachment":[{"href":"https:\/\/servicios.unileon.es\/lti-ir\/wp-json\/wp\/v2\/media?parent=114"}],"curies":[{"name":"wp","href":"https:\/\/api.w.org\/{rel}","templated":true}]}}