{"id":109,"date":"2011-05-17T06:27:27","date_gmt":"2011-05-17T06:27:27","guid":{"rendered":"http:\/\/servicios.unileon.es\/lti-ir\/?page_id=109"},"modified":"2020-09-24T08:43:53","modified_gmt":"2020-09-24T08:43:53","slug":"normas-para-solicitar-prestaciones-y-uso-del-laboratorio","status":"publish","type":"page","link":"https:\/\/servicios.unileon.es\/lti-ir\/lti\/normas-para-solicitar-prestaciones-y-uso-del-laboratorio\/","title":{"rendered":"Normas para solicitar prestaciones y uso del laboratorio"},"content":{"rendered":"<p>El Laboratorio de T\u00e9cnicas Instrumentales, dispone de personal especializado para la realizaci\u00f3n de trabajos, con el equipamiento disponible, por encargo de cualquier investigador o grupo de investigaci\u00f3n de la Universidad de Le\u00f3n, otras entidades, empresas o particulares que lo soliciten.<\/p>\n<p>Cualquier Investigador, Becario o Colaborador adscrito a un Departamento o Grupo de Investigaci\u00f3n de la Universidad de Le\u00f3n, debidamente autorizado, puede utilizar bajo el asesoramiento del personal del L.T.I parte del equipamiento disponible. Para ello ser\u00e1 necesario rellenar una <a href=\"http:\/\/servicios.unileon.es\/lti-ir\/files\/2018\/12\/formulario_de_autorizacion_uso_de_equipo.doc\">Solicitud de Autorizaci\u00f3n<\/a> para cada equipo que se vaya a usar y una <a href=\"http:\/\/servicios.unileon.es\/lti-ir\/files\/2018\/12\/formulario_uso_de_equipos.doc\">Hoja de uso de equipo<\/a> del mismo al finalizar el trabajo.<\/p>\n<p>Los trabajos realizados en el L.T.I, ser\u00e1n facturados seg\u00fan las <a href=\"\/lti-ir\/lti\/tarifas\/\">tarifas vigentes<\/a>, aprobados anualmente por la Junta de Gobierno de la Universidad.<\/p>\n<p>El horario del Laboratorio es de lunes a viernes por la ma\u00f1ana de 8:30 h h a 14:00 h y por la tarde de 16:00 h a 19:00 h (excepto el viernes por la tarde que ser\u00e1 s\u00f3lo horario de ma\u00f1ana), estando sujeto a variaciones seg\u00fan periodos vacacionales o festivos.<\/p>\n<p>Los usuarios del Laboratorio deber\u00e1n acoplarse a este horario. Sin embargo, siempre que est\u00e9 justificado, el personal del L.T.I. podr\u00e1 dejar una llave al usuario para trabajos fuera del horario mencionado.<\/p>\n<p><a href=\"https:\/\/servicios.unileon.es\/lti-ir\/lti\/solicitud-de-servicios-a-traves-de-la-plataforma-infrared\/\"><strong>Solicitud de Servicios a trav\u00e9s de la plataforma INFRARED -><\/strong><\/a><br \/>\n&nbsp;<br \/>\n<!-- \n\n<h2>Impresos y documentaci\u00f3n<\/h2>\n\n\nVer <a href=\"http:\/\/servicios.unileon.es\/lti-ir\/lti\/formularios-de-peticion-de-servicios\/\">Formularios de Petici\u00f3n de Servicios<\/a> --><\/p>\n<p>&nbsp;<\/p>\n","protected":false},"excerpt":{"rendered":"<p>El Laboratorio de T\u00e9cnicas Instrumentales, dispone de personal especializado para la realizaci\u00f3n de trabajos, con el equipamiento disponible, por encargo de cualquier investigador o grupo de investigaci\u00f3n de la Universidad de Le\u00f3n, otras entidades, empresas o particulares que lo soliciten. Cualquier Investigador, Becario o Colaborador adscrito a un Departamento o Grupo de Investigaci\u00f3n de la [&hellip;]<\/p>\n","protected":false},"author":1,"featured_media":0,"parent":14,"menu_order":0,"comment_status":"closed","ping_status":"closed","template":"","meta":{"footnotes":""},"class_list":["post-109","page","type-page","status-publish","hentry"],"_links":{"self":[{"href":"https:\/\/servicios.unileon.es\/lti-ir\/wp-json\/wp\/v2\/pages\/109","targetHints":{"allow":["GET"]}}],"collection":[{"href":"https:\/\/servicios.unileon.es\/lti-ir\/wp-json\/wp\/v2\/pages"}],"about":[{"href":"https:\/\/servicios.unileon.es\/lti-ir\/wp-json\/wp\/v2\/types\/page"}],"author":[{"embeddable":true,"href":"https:\/\/servicios.unileon.es\/lti-ir\/wp-json\/wp\/v2\/users\/1"}],"replies":[{"embeddable":true,"href":"https:\/\/servicios.unileon.es\/lti-ir\/wp-json\/wp\/v2\/comments?post=109"}],"version-history":[{"count":16,"href":"https:\/\/servicios.unileon.es\/lti-ir\/wp-json\/wp\/v2\/pages\/109\/revisions"}],"predecessor-version":[{"id":595,"href":"https:\/\/servicios.unileon.es\/lti-ir\/wp-json\/wp\/v2\/pages\/109\/revisions\/595"}],"up":[{"embeddable":true,"href":"https:\/\/servicios.unileon.es\/lti-ir\/wp-json\/wp\/v2\/pages\/14"}],"wp:attachment":[{"href":"https:\/\/servicios.unileon.es\/lti-ir\/wp-json\/wp\/v2\/media?parent=109"}],"curies":[{"name":"wp","href":"https:\/\/api.w.org\/{rel}","templated":true}]}}