{"id":106,"date":"2011-05-17T06:24:41","date_gmt":"2011-05-17T06:24:41","guid":{"rendered":"http:\/\/servicios.unileon.es\/lti-ir\/?page_id=106"},"modified":"2018-12-20T08:38:34","modified_gmt":"2018-12-20T08:38:34","slug":"otros-servicios-disponibles","status":"publish","type":"page","link":"https:\/\/servicios.unileon.es\/lti-ir\/lti\/otros-servicios-disponibles\/","title":{"rendered":"Otros Servicios disponibles"},"content":{"rendered":"<h3>Biblioteca<\/h3>\n<p>El L.T.I dispone de informaci\u00f3n t\u00e9cnica y de bibliograf\u00eda relacionada con el equipamiento y las t\u00e9cnicas disponibles, as\u00ed como bibliograf\u00eda relacionada con calidad en laboratorios, Normas ISO 9001 y 17025.<\/p>\n<p>&nbsp;<\/p>\n<h3>Suministro de agua ultrapura<\/h3>\n<p>De calidad MilliRO o MilliQ para todos los Departamentos Universitarios que lo soliciten.<\/p>\n","protected":false},"excerpt":{"rendered":"<p>Biblioteca El L.T.I dispone de informaci\u00f3n t\u00e9cnica y de bibliograf\u00eda relacionada con el equipamiento y las t\u00e9cnicas disponibles, as\u00ed como bibliograf\u00eda relacionada con calidad en laboratorios, Normas ISO 9001 y 17025. &nbsp; Suministro de agua ultrapura De calidad MilliRO o MilliQ para todos los Departamentos Universitarios que lo soliciten.<\/p>\n","protected":false},"author":1,"featured_media":0,"parent":14,"menu_order":0,"comment_status":"closed","ping_status":"open","template":"","meta":{"footnotes":""},"class_list":["post-106","page","type-page","status-publish","hentry"],"_links":{"self":[{"href":"https:\/\/servicios.unileon.es\/lti-ir\/wp-json\/wp\/v2\/pages\/106","targetHints":{"allow":["GET"]}}],"collection":[{"href":"https:\/\/servicios.unileon.es\/lti-ir\/wp-json\/wp\/v2\/pages"}],"about":[{"href":"https:\/\/servicios.unileon.es\/lti-ir\/wp-json\/wp\/v2\/types\/page"}],"author":[{"embeddable":true,"href":"https:\/\/servicios.unileon.es\/lti-ir\/wp-json\/wp\/v2\/users\/1"}],"replies":[{"embeddable":true,"href":"https:\/\/servicios.unileon.es\/lti-ir\/wp-json\/wp\/v2\/comments?post=106"}],"version-history":[{"count":3,"href":"https:\/\/servicios.unileon.es\/lti-ir\/wp-json\/wp\/v2\/pages\/106\/revisions"}],"predecessor-version":[{"id":468,"href":"https:\/\/servicios.unileon.es\/lti-ir\/wp-json\/wp\/v2\/pages\/106\/revisions\/468"}],"up":[{"embeddable":true,"href":"https:\/\/servicios.unileon.es\/lti-ir\/wp-json\/wp\/v2\/pages\/14"}],"wp:attachment":[{"href":"https:\/\/servicios.unileon.es\/lti-ir\/wp-json\/wp\/v2\/media?parent=106"}],"curies":[{"name":"wp","href":"https:\/\/api.w.org\/{rel}","templated":true}]}}